
{"id":11302,"date":"2021-04-12T12:17:17","date_gmt":"2021-04-12T12:17:17","guid":{"rendered":"https:\/\/ngoniabay.com\/?page_id=11302"},"modified":"2026-01-22T17:33:10","modified_gmt":"2026-01-22T15:33:10","slug":"covid-sicherheit-2","status":"publish","type":"page","link":"http:\/\/ngoniabay.com\/de\/covid-sicherheit\/","title":{"rendered":"Covid Sicherheit"},"content":{"rendered":"<div class=\"wpb-content-wrapper\"><p class=\"ai-optimize-6 ai-optimize-introduction\"><div data-eltd-parallax-speed=\"1\" class=\"vc_row wpb_row vc_row-fluid eltd-section eltd-content-aligment-left\" style=\"\"><div class=\"clearfix eltd-full-section-inner\"><div class=\"wpb_column vc_column_container vc_col-sm-12\"><div class=\"vc_column-inner\"><div class=\"wpb_wrapper\">\n\t<div class=\"wpb_text_column wpb_content_element\" >\n\t\t<div class=\"wpb_wrapper\">\n\t\t\t<h2 class=\"ai-optimize-7 wp-block-heading\" style=\"text-align: center;\"><span style=\"font-size: 24pt;\">Gastfreundschaft, wie immer, in Sicherheit.<\/span><\/h2>\n<p>&nbsp;<\/p>\n<p class=\"ai-optimize-8\">Der **flexible** Tarif bietet Ihnen maximale Freiheit bei der Planung Ihres Aufenthalts und erm\u00f6glicht es Ihnen, Ihre Reservierung bis zu 15 Tage vor Ihrem Anreisedatum ohne Strafgeb\u00fchren zu \u00e4ndern oder zu stornieren. Nur eine Kreditkarte ist als Garantie erforderlich.<br \/>Innerhalb dieser Frist m\u00fcssen Sie den gesamten Betrag f\u00fcr Ihren Aufenthalt \u00fcber einen speziellen Zahlungslink bezahlen, den Sie an die bei der Reservierung angegebene E-Mail-Adresse erhalten. Bei nicht fristgerechter Zahlung wird die Reservierung fristgerecht storniert.<\/p>\n<p class=\"ai-optimize-9\">**Stornierungen von 14 bis 0 Tage vor der Ankunft:** Jede Stornierung und\/oder \u00c4nderung wird mit einer Stornogeb\u00fchr von 100% des Gesamtbetrags berechnet.<br \/>**Bei Nichterscheinen oder vorzeitiger Abreise erfolgt keine R\u00fcckerstattung.<\/p>\n<p class=\"ai-optimize-10\">FLEXIBEL JULI\/AUGUST<br \/>Der flexible Tarif erlaubt Ihnen, das Zimmer mit der Zahlung einer **Zahlung** in H\u00f6he von 30% des Gesamtbetrags Ihres Aufenthalts zu reservieren. Die **Zahlung** muss 10 Tage vor der Ankunft erfolgen.<\/p>\n<p class=\"ai-optimize-11\">- **Stornierungen bis zu 22 Tage vor der Ankunft**: die Anzahlung wird in voller H\u00f6he zur\u00fcckerstattet<br \/>- **Stornierungen von 21 bis 11 Tage vor der Ankunft:** Die Anzahlung wird als Strafe einbehalten<br \/>- **Bei Nichterscheinen oder vorzeitiger Abreise erfolgt keine R\u00fcckerstattung**.<\/p>\n<p class=\"ai-optimize-12\">Vorauszahlung: Der Gesamtbetrag f\u00fcr Ihren Aufenthalt wird zum Zeitpunkt der Buchung von Ihrer Kreditkarte abgebucht.<br \/>Keine Erstattung m\u00f6glich.<\/p>\n<p class=\"ai-optimize-13\">\n\n\t\t<\/div>\n\t<\/div>\n<\/div><\/div><\/div><\/div><\/div><\/div>","protected":false},"excerpt":{"rendered":"L\u2019ospitalit\u00e0 di sempre, in sicurezza. &nbsp; La tariffa **flessibile** \u00e8 pensata per offrire la massima libert\u00e0 nella pianificazione del vostro soggiorno e consente di modificare o cancellare la prenotazione senza penali fino a 15 giorni prima della data di arrivo. E' richiesta solo una carta...","protected":false},"author":1,"featured_media":0,"parent":0,"menu_order":0,"comment_status":"closed","ping_status":"open","template":"","meta":{"om_disable_all_campaigns":false,"footnotes":""},"class_list":["post-11302","page","type-page","status-publish","hentry"],"acf":[],"yoast_head":"<!-- This site is optimized with the Yoast SEO Premium plugin v25.2 (Yoast SEO v25.3) - https:\/\/yoast.com\/wordpress\/plugins\/seo\/ -->\n<title>Sicurezza Covid - Ngonia Bay<\/title>\n<meta name=\"robots\" content=\"index, follow, max-snippet:-1, max-image-preview:large, max-video-preview:-1\" \/>\n<link rel=\"canonical\" href=\"http:\/\/ngoniabay.com\/de\/covid-sicherheit\/\" \/>\n<meta property=\"og:locale\" content=\"de_DE\" \/>\n<meta property=\"og:type\" content=\"article\" \/>\n<meta property=\"og:title\" content=\"Sicurezza Covid\" \/>\n<meta property=\"og:url\" content=\"http:\/\/ngoniabay.com\/de\/covid-sicherheit\/\" \/>\n<meta property=\"og:site_name\" content=\"Ngonia Bay\" \/>\n<meta property=\"article:modified_time\" content=\"2026-01-22T15:33:10+00:00\" \/>\n<meta name=\"twitter:card\" content=\"summary_large_image\" \/>\n<meta name=\"twitter:label1\" content=\"Gesch\u00e4tzte Lesezeit\" \/>\n\t<meta name=\"twitter:data1\" content=\"2\u00a0Minuten\" \/>\n<script type=\"application\/ld+json\" class=\"yoast-schema-graph\">{\"@context\":\"https:\/\/schema.org\",\"@graph\":[{\"@type\":\"WebPage\",\"@id\":\"http:\/\/ngoniabay.com\/de\/covid-sicherheit\/\",\"url\":\"http:\/\/ngoniabay.com\/de\/covid-sicherheit\/\",\"name\":\"Sicurezza Covid - Ngonia Bay\",\"isPartOf\":{\"@id\":\"https:\/\/ngoniabay.com\/de\/#website\"},\"datePublished\":\"2021-04-12T12:17:17+00:00\",\"dateModified\":\"2026-01-22T15:33:10+00:00\",\"breadcrumb\":{\"@id\":\"http:\/\/ngoniabay.com\/de\/covid-sicherheit\/#breadcrumb\"},\"inLanguage\":\"de\",\"potentialAction\":[{\"@type\":\"ReadAction\",\"target\":[\"http:\/\/ngoniabay.com\/de\/covid-sicherheit\/\"]}]},{\"@type\":\"BreadcrumbList\",\"@id\":\"http:\/\/ngoniabay.com\/de\/covid-sicherheit\/#breadcrumb\",\"itemListElement\":[{\"@type\":\"ListItem\",\"position\":1,\"name\":\"Home\",\"item\":\"https:\/\/ngoniabay.com\/\"},{\"@type\":\"ListItem\",\"position\":2,\"name\":\"Sicurezza Covid\"}]},{\"@type\":\"WebSite\",\"@id\":\"https:\/\/ngoniabay.com\/de\/#website\",\"url\":\"https:\/\/ngoniabay.com\/de\/\",\"name\":\"Ngonia Bay\",\"description\":\"Ngonia Bay\",\"potentialAction\":[{\"@type\":\"SearchAction\",\"target\":{\"@type\":\"EntryPoint\",\"urlTemplate\":\"https:\/\/ngoniabay.com\/de\/?s={search_term_string}\"},\"query-input\":{\"@type\":\"PropertyValueSpecification\",\"valueRequired\":true,\"valueName\":\"search_term_string\"}}],\"inLanguage\":\"de\"}]}<\/script>\n<!-- \/ Yoast SEO Premium plugin. -->","yoast_head_json":{"title":"Sicurezza Covid - Ngonia Bay","robots":{"index":"index","follow":"follow","max-snippet":"max-snippet:-1","max-image-preview":"max-image-preview:large","max-video-preview":"max-video-preview:-1"},"canonical":"http:\/\/ngoniabay.com\/de\/covid-sicherheit\/","og_locale":"de_DE","og_type":"article","og_title":"Sicurezza Covid","og_url":"http:\/\/ngoniabay.com\/de\/covid-sicherheit\/","og_site_name":"Ngonia Bay","article_modified_time":"2026-01-22T15:33:10+00:00","twitter_card":"summary_large_image","twitter_misc":{"Gesch\u00e4tzte Lesezeit":"2\u00a0Minuten"},"schema":{"@context":"https:\/\/schema.org","@graph":[{"@type":"WebPage","@id":"http:\/\/ngoniabay.com\/de\/covid-sicherheit\/","url":"http:\/\/ngoniabay.com\/de\/covid-sicherheit\/","name":"Sicurezza Covid - Ngonia Bay","isPartOf":{"@id":"https:\/\/ngoniabay.com\/de\/#website"},"datePublished":"2021-04-12T12:17:17+00:00","dateModified":"2026-01-22T15:33:10+00:00","breadcrumb":{"@id":"http:\/\/ngoniabay.com\/de\/covid-sicherheit\/#breadcrumb"},"inLanguage":"de","potentialAction":[{"@type":"ReadAction","target":["http:\/\/ngoniabay.com\/de\/covid-sicherheit\/"]}]},{"@type":"BreadcrumbList","@id":"http:\/\/ngoniabay.com\/de\/covid-sicherheit\/#breadcrumb","itemListElement":[{"@type":"ListItem","position":1,"name":"Home","item":"https:\/\/ngoniabay.com\/"},{"@type":"ListItem","position":2,"name":"Sicurezza Covid"}]},{"@type":"WebSite","@id":"https:\/\/ngoniabay.com\/de\/#website","url":"https:\/\/ngoniabay.com\/de\/","name":"Ngonia Bay","description":"Ngonia Bay","potentialAction":[{"@type":"SearchAction","target":{"@type":"EntryPoint","urlTemplate":"https:\/\/ngoniabay.com\/de\/?s={search_term_string}"},"query-input":{"@type":"PropertyValueSpecification","valueRequired":true,"valueName":"search_term_string"}}],"inLanguage":"de"}]}},"_links":{"self":[{"href":"https:\/\/ngoniabay.com\/de\/wp-json\/wp\/v2\/pages\/11302","targetHints":{"allow":["GET"]}}],"collection":[{"href":"https:\/\/ngoniabay.com\/de\/wp-json\/wp\/v2\/pages"}],"about":[{"href":"https:\/\/ngoniabay.com\/de\/wp-json\/wp\/v2\/types\/page"}],"author":[{"embeddable":true,"href":"https:\/\/ngoniabay.com\/de\/wp-json\/wp\/v2\/users\/1"}],"replies":[{"embeddable":true,"href":"https:\/\/ngoniabay.com\/de\/wp-json\/wp\/v2\/comments?post=11302"}],"version-history":[{"count":3,"href":"https:\/\/ngoniabay.com\/de\/wp-json\/wp\/v2\/pages\/11302\/revisions"}],"predecessor-version":[{"id":13624,"href":"https:\/\/ngoniabay.com\/de\/wp-json\/wp\/v2\/pages\/11302\/revisions\/13624"}],"wp:attachment":[{"href":"https:\/\/ngoniabay.com\/de\/wp-json\/wp\/v2\/media?parent=11302"}],"curies":[{"name":"wp","href":"https:\/\/api.w.org\/{rel}","templated":true}]}}