
{"id":4631,"date":"2019-02-23T16:07:21","date_gmt":"2019-02-23T16:07:21","guid":{"rendered":"https:\/\/ngoniabay.com\/?page_id=4631"},"modified":"2026-03-24T17:22:30","modified_gmt":"2026-03-24T15:22:30","slug":"gusto-e-relax","status":"publish","type":"page","link":"http:\/\/ngoniabay.com\/de\/sizilianische-bar\/","title":{"rendered":"Geschmack und Entspannung"},"content":{"rendered":"<div class=\"wpb-content-wrapper\"><div data-eltd-parallax-speed=\"1\" class=\"vc_row wpb_row vc_row-fluid eltd-section eltd-content-aligment-left\" style=\"\"><div class=\"clearfix eltd-full-section-inner\"><div class=\"wpb_column vc_column_container vc_col-sm-12\"><div class=\"vc_column-inner\"><div class=\"wpb_wrapper\"><div class=\"vc_empty_space\"   style=\"height: 42px\"><span class=\"vc_empty_space_inner\"><\/span><\/div><\/div><\/div><\/div><\/div><\/div><div data-eltd-parallax-speed=\"1\" class=\"vc_row wpb_row vc_row-fluid eltd-section eltd-content-aligment-left\" style=\"\"><div class=\"clearfix eltd-full-section-inner\"><div class=\"wpb_column vc_column_container vc_col-sm-6\"><div class=\"vc_column-inner\"><div class=\"wpb_wrapper\"><div class=\"vc_empty_space\"   style=\"height: 22px\"><span class=\"vc_empty_space_inner\"><\/span><\/div>\n\t<div  class=\"wpb_single_image wpb_content_element vc_align_center wpb_content_element\">\n\t\t\n\t\t<figure class=\"wpb_wrapper vc_figure\">\n\t\t\t<div class=\"vc_single_image-wrapper   vc_box_border_grey\"><img decoding=\"async\" class=\"vc_single_image-img\" src=\"https:\/\/ngoniabay.com\/wp-content\/uploads\/2025\/04\/10-scaled-800x450.jpg\" width=\"800\" height=\"450\" alt=\"10\" title=\"10\" loading=\"lazy\" \/><\/div>\n\t\t<\/figure>\n\t<\/div>\n<\/div><\/div><\/div><div class=\"wpb_column vc_column_container vc_col-sm-6\"><div class=\"vc_column-inner\"><div class=\"wpb_wrapper\"><div class=\"vc_empty_space\"   style=\"height: 22px\"><span class=\"vc_empty_space_inner\"><\/span><\/div><div class=\"eltd-section-title-outer-holder animate\" style=\"text-align: left\">\n\t<div class=\"eltd-section-title-subtitle-holder\">\n\t\t<h3 class=\"eltd-section-subtitle\" style=\";\">Ngonia-Bucht<\/h3>\n\t<\/div>\n\t<div class=\"eltd-section-title-holder\">\n\t\t<h2 class=\"eltd-section-title\" style=\";\">Wo das Meer auf den Geschmack trifft<\/h2>\n\t<\/div>\n<\/div><div data-eltd-parallax-speed=\"1\" class=\"vc_row wpb_row vc_inner vc_row-fluid eltd-section eltd-content-aligment-left\" style=\"\"><div class=\"eltd-full-section-inner\"><div class=\"wpb_column vc_column_container vc_col-sm-12\"><div class=\"vc_column-inner\"><div class=\"wpb_wrapper\">\n\t<div class=\"wpb_text_column wpb_content_element\" >\n\t\t<div class=\"wpb_wrapper\">\n\t\t\t<p>Die Sicilian Bar im Ngonia Bay ist der ideale Ort, um Momente der Entspannung und des Vergn\u00fcgens zu erleben,<br \/>\nin die magische Atmosph\u00e4re der Bucht eintauchen.<br \/>\nDas Hotel liegt in unserem eleganten Dehors auf der Piazza Angonia, mit Blick auf die Bucht,<br \/>\nist der Ma\u00dfstab f\u00fcr diejenigen, die ein Fr\u00fchst\u00fcck mit Blick auf das Meer genie\u00dfen m\u00f6chten,<br \/>\nein echtes Mittagessen oder einen Aperitif bei Sonnenuntergang,<br \/>\nimmer begleitet von einem aufmerksamen und freundlichen Service.<\/p>\n\n\t\t<\/div>\n\t<\/div>\n<\/div><\/div><\/div><\/div><\/div><\/div><\/div><\/div><\/div><\/div>\n<\/div>","protected":false},"excerpt":{"rendered":"Ngonia Bay Where the Sea Meets the Flavour Die Sicilian Bar in der Ngonia Bay ist der ideale Ort, um Momente der Entspannung und des Vergn\u00fcgens zu erleben, eingebettet in die magische Atmosph\u00e4re der Bucht. Sie befindet sich in unserem eleganten Dehors auf der Piazza Angonia mit Blick auf die Bucht und ist der...","protected":false},"author":1,"featured_media":0,"parent":0,"menu_order":0,"comment_status":"closed","ping_status":"closed","template":"full-width.php","meta":{"om_disable_all_campaigns":false,"footnotes":""},"class_list":["post-4631","page","type-page","status-publish","hentry"],"acf":[],"yoast_head":"<!-- This site is optimized with the Yoast SEO Premium plugin v25.2 (Yoast SEO v25.3) - https:\/\/yoast.com\/wordpress\/plugins\/seo\/ -->\n<title>Gusto e Relax - Ngonia Bay<\/title>\n<meta name=\"description\" content=\"Il Sicilian Bar di Ngonia Bay \u00e8 il luogo ideale per vivere momenti di relax e piacere, immersi nella magica atmosfera della baia.\" \/>\n<meta name=\"robots\" content=\"index, follow, max-snippet:-1, max-image-preview:large, max-video-preview:-1\" \/>\n<link rel=\"canonical\" href=\"http:\/\/ngoniabay.com\/de\/sizilianische-bar\/\" \/>\n<meta property=\"og:locale\" content=\"de_DE\" \/>\n<meta property=\"og:type\" content=\"article\" \/>\n<meta property=\"og:title\" content=\"Gusto e Relax\" \/>\n<meta property=\"og:description\" content=\"Il Sicilian Bar di Ngonia Bay \u00e8 il luogo ideale per vivere momenti di relax e piacere, immersi nella magica atmosfera della baia.\" \/>\n<meta property=\"og:url\" content=\"http:\/\/ngoniabay.com\/de\/sizilianische-bar\/\" \/>\n<meta property=\"og:site_name\" content=\"Ngonia Bay\" \/>\n<meta property=\"article:modified_time\" content=\"2026-03-24T15:22:30+00:00\" \/>\n<meta name=\"twitter:card\" content=\"summary_large_image\" \/>\n<meta name=\"twitter:label1\" content=\"Gesch\u00e4tzte Lesezeit\" \/>\n\t<meta name=\"twitter:data1\" content=\"2\u00a0Minuten\" \/>\n<script type=\"application\/ld+json\" class=\"yoast-schema-graph\">{\"@context\":\"https:\/\/schema.org\",\"@graph\":[{\"@type\":\"WebPage\",\"@id\":\"http:\/\/ngoniabay.com\/de\/sizilianische-bar\/\",\"url\":\"http:\/\/ngoniabay.com\/de\/sizilianische-bar\/\",\"name\":\"Gusto e Relax - Ngonia Bay\",\"isPartOf\":{\"@id\":\"https:\/\/ngoniabay.com\/de\/#website\"},\"datePublished\":\"2019-02-23T16:07:21+00:00\",\"dateModified\":\"2026-03-24T15:22:30+00:00\",\"description\":\"Il Sicilian Bar di Ngonia Bay \u00e8 il luogo ideale per vivere momenti di relax e piacere, immersi nella magica atmosfera della baia.\",\"breadcrumb\":{\"@id\":\"http:\/\/ngoniabay.com\/de\/sizilianische-bar\/#breadcrumb\"},\"inLanguage\":\"de\",\"potentialAction\":[{\"@type\":\"ReadAction\",\"target\":[\"http:\/\/ngoniabay.com\/de\/sizilianische-bar\/\"]}]},{\"@type\":\"BreadcrumbList\",\"@id\":\"http:\/\/ngoniabay.com\/de\/sizilianische-bar\/#breadcrumb\",\"itemListElement\":[{\"@type\":\"ListItem\",\"position\":1,\"name\":\"Home\",\"item\":\"https:\/\/ngoniabay.com\/\"},{\"@type\":\"ListItem\",\"position\":2,\"name\":\"Gusto e Relax\"}]},{\"@type\":\"WebSite\",\"@id\":\"https:\/\/ngoniabay.com\/de\/#website\",\"url\":\"https:\/\/ngoniabay.com\/de\/\",\"name\":\"Ngonia Bay\",\"description\":\"Ngonia Bay\",\"potentialAction\":[{\"@type\":\"SearchAction\",\"target\":{\"@type\":\"EntryPoint\",\"urlTemplate\":\"https:\/\/ngoniabay.com\/de\/?s={search_term_string}\"},\"query-input\":{\"@type\":\"PropertyValueSpecification\",\"valueRequired\":true,\"valueName\":\"search_term_string\"}}],\"inLanguage\":\"de\"}]}<\/script>\n<!-- \/ Yoast SEO Premium plugin. -->","yoast_head_json":{"title":"Gusto e Relax - Ngonia Bay","description":"Il Sicilian Bar di Ngonia Bay \u00e8 il luogo ideale per vivere momenti di relax e piacere, immersi nella magica atmosfera della baia.","robots":{"index":"index","follow":"follow","max-snippet":"max-snippet:-1","max-image-preview":"max-image-preview:large","max-video-preview":"max-video-preview:-1"},"canonical":"http:\/\/ngoniabay.com\/de\/sizilianische-bar\/","og_locale":"de_DE","og_type":"article","og_title":"Gusto e Relax","og_description":"Il Sicilian Bar di Ngonia Bay \u00e8 il luogo ideale per vivere momenti di relax e piacere, immersi nella magica atmosfera della baia.","og_url":"http:\/\/ngoniabay.com\/de\/sizilianische-bar\/","og_site_name":"Ngonia Bay","article_modified_time":"2026-03-24T15:22:30+00:00","twitter_card":"summary_large_image","twitter_misc":{"Gesch\u00e4tzte Lesezeit":"2\u00a0Minuten"},"schema":{"@context":"https:\/\/schema.org","@graph":[{"@type":"WebPage","@id":"http:\/\/ngoniabay.com\/de\/sizilianische-bar\/","url":"http:\/\/ngoniabay.com\/de\/sizilianische-bar\/","name":"Gusto e Relax - Ngonia Bay","isPartOf":{"@id":"https:\/\/ngoniabay.com\/de\/#website"},"datePublished":"2019-02-23T16:07:21+00:00","dateModified":"2026-03-24T15:22:30+00:00","description":"Il Sicilian Bar di Ngonia Bay \u00e8 il luogo ideale per vivere momenti di relax e piacere, immersi nella magica atmosfera della baia.","breadcrumb":{"@id":"http:\/\/ngoniabay.com\/de\/sizilianische-bar\/#breadcrumb"},"inLanguage":"de","potentialAction":[{"@type":"ReadAction","target":["http:\/\/ngoniabay.com\/de\/sizilianische-bar\/"]}]},{"@type":"BreadcrumbList","@id":"http:\/\/ngoniabay.com\/de\/sizilianische-bar\/#breadcrumb","itemListElement":[{"@type":"ListItem","position":1,"name":"Home","item":"https:\/\/ngoniabay.com\/"},{"@type":"ListItem","position":2,"name":"Gusto e Relax"}]},{"@type":"WebSite","@id":"https:\/\/ngoniabay.com\/de\/#website","url":"https:\/\/ngoniabay.com\/de\/","name":"Ngonia Bay","description":"Ngonia Bay","potentialAction":[{"@type":"SearchAction","target":{"@type":"EntryPoint","urlTemplate":"https:\/\/ngoniabay.com\/de\/?s={search_term_string}"},"query-input":{"@type":"PropertyValueSpecification","valueRequired":true,"valueName":"search_term_string"}}],"inLanguage":"de"}]}},"_links":{"self":[{"href":"https:\/\/ngoniabay.com\/de\/wp-json\/wp\/v2\/pages\/4631","targetHints":{"allow":["GET"]}}],"collection":[{"href":"https:\/\/ngoniabay.com\/de\/wp-json\/wp\/v2\/pages"}],"about":[{"href":"https:\/\/ngoniabay.com\/de\/wp-json\/wp\/v2\/types\/page"}],"author":[{"embeddable":true,"href":"https:\/\/ngoniabay.com\/de\/wp-json\/wp\/v2\/users\/1"}],"replies":[{"embeddable":true,"href":"https:\/\/ngoniabay.com\/de\/wp-json\/wp\/v2\/comments?post=4631"}],"version-history":[{"count":35,"href":"https:\/\/ngoniabay.com\/de\/wp-json\/wp\/v2\/pages\/4631\/revisions"}],"predecessor-version":[{"id":13656,"href":"https:\/\/ngoniabay.com\/de\/wp-json\/wp\/v2\/pages\/4631\/revisions\/13656"}],"wp:attachment":[{"href":"https:\/\/ngoniabay.com\/de\/wp-json\/wp\/v2\/media?parent=4631"}],"curies":[{"name":"wp","href":"https:\/\/api.w.org\/{rel}","templated":true}]}}