
{"id":4748,"date":"2019-03-02T09:48:41","date_gmt":"2019-03-02T09:48:41","guid":{"rendered":"https:\/\/ngoniabay.com\/?page_id=4748"},"modified":"2024-05-09T14:25:57","modified_gmt":"2024-05-09T12:25:57","slug":"aolische-inseln","status":"publish","type":"page","link":"http:\/\/ngoniabay.com\/de\/aolische-inseln\/","title":{"rendered":"\u00c4olische Inseln"},"content":{"rendered":"<div class=\"wpb-content-wrapper\"><div data-eltd-parallax-speed=\"1\" class=\"vc_row wpb_row vc_row-fluid eltd-section eltd-content-aligment-center eltd-grid-section\" style=\"\"><div class=\"clearfix eltd-section-inner\"><div class=\"eltd-section-inner-margin clearfix\"><div class=\"wpb_column vc_column_container vc_col-sm-12 vc_col-lg-offset-2 vc_col-lg-8\"><div class=\"vc_column-inner\"><div class=\"wpb_wrapper\"><div class=\"vc_empty_space\"   style=\"height: 22px\"><span class=\"vc_empty_space_inner\"><\/span><\/div><div class=\"eltd-section-title-outer-holder animate\" style=\"text-align: center\">\n\t<div class=\"eltd-section-title-subtitle-holder\">\n\t\t<h3 class=\"eltd-section-subtitle\" style=\";\">entdecken<\/h3>\n\t<\/div>\n\t<div class=\"eltd-section-title-holder\">\n\t\t<h2 class=\"eltd-section-title\" style=\";\">\u00c4olischer Archipel<\/h2>\n\t<\/div>\n<\/div><div class=\"vc_empty_space\"   style=\"height: 60px\"><span class=\"vc_empty_space_inner\"><\/span><\/div><\/div><\/div><\/div><\/div><\/div><\/div><div data-eltd-parallax-speed=\"1\" class=\"vc_row wpb_row vc_row-fluid eltd-section eltd-content-aligment-left eltd-grid-section\" style=\"\"><div class=\"clearfix eltd-section-inner\"><div class=\"eltd-section-inner-margin clearfix\"><div class=\"wpb_column vc_column_container vc_col-sm-6\"><div class=\"vc_column-inner\"><div class=\"wpb_wrapper\">\n\t<div  class=\"wpb_single_image wpb_content_element vc_align_left wpb_content_element\">\n\t\t\n\t\t<figure class=\"wpb_wrapper vc_figure\">\n\t\t\t<div class=\"vc_single_image-wrapper   vc_box_border_grey\"><img decoding=\"async\" class=\"vc_single_image-img\" src=\"https:\/\/ngoniabay.com\/wp-content\/uploads\/2019\/03\/panarea-800x600.jpg\" width=\"800\" height=\"600\" alt=\"panarea\" title=\"panarea\" loading=\"lazy\" \/><\/div>\n\t\t<\/figure>\n\t<\/div>\n<div data-eltd-parallax-speed=\"1\" class=\"vc_row wpb_row vc_inner vc_row-fluid eltd-section eltd-content-aligment-left\" style=\"\"><div class=\"eltd-full-section-inner\"><div class=\"wpb_column vc_column_container vc_col-sm-6\"><div class=\"vc_column-inner\"><div class=\"wpb_wrapper\"><div class=\"vc_empty_space\"   style=\"height: 12px\"><span class=\"vc_empty_space_inner\"><\/span><\/div><\/div><\/div><\/div><div class=\"wpb_column vc_column_container vc_col-sm-6\"><div class=\"vc_column-inner\"><div class=\"wpb_wrapper\"><div class=\"vc_empty_space\"   style=\"height: 12px\"><span class=\"vc_empty_space_inner\"><\/span><\/div><\/div><\/div><\/div><\/div><\/div><\/div><\/div><\/div><div class=\"wpb_column vc_column_container vc_col-sm-6\"><div class=\"vc_column-inner\"><div class=\"wpb_wrapper\">\n\t<div class=\"wpb_text_column wpb_content_element\" >\n\t\t<div class=\"wpb_wrapper\">\n\t\t\t<blockquote><p>\n\"Nicht einmal ein Gem\u00e4lde w\u00fcrde eine Vorstellung von diesem krampfhaften, brennenden, fast schmelzenden Land vermitteln. Wir konnten unsere Reise nicht von unserem Traum unterscheiden.\" A. Dumas\n<\/p><\/blockquote>\n<p>Die \u00c4olischen Inseln, auch Liparische Inseln genannt, sind ein Archipel vulkanischen Ursprungs im Tyrrhenischen Meer n\u00f6rdlich der sizilianischen K\u00fcste, ein Ort von wilder und seltener Sch\u00f6nheit. Die Inseln sind nach dem Gott Aeolus, dem K\u00f6nig der Winde, benannt, der sich der griechischen Mythologie zufolge dort niederlie\u00df und den Inseln seinen Namen gab, weil er als B\u00e4ndiger der Winde ber\u00fchmt war.<\/p>\n<p>Der erste in einer langen Reihe ber\u00fchmter Reisender war Odysseus, der, wie Homer in der Odyssee erz\u00e4hlt, auf den \u00c4olischen Inseln ankam, nachdem er den Zyklopen Polyphem \u00fcberlebt hatte, und hier von \u00c4olus aufgenommen wurde und den Weinschlauch mit den Gegenwinden erhielt, die ihn wieder nach Hause bringen sollten.<br \/>\nUnd so wird der Archipel auch von Vergil in der Aeneis mit der ber\u00fchmten Beschreibung der Insel Vulkan erw\u00e4hnt, einer mythologischen Schmiede, in der der gleichnamige Gott Metalle schmiedete.<\/p>\n<p>Der \u00c4olische Archipel besteht aus sieben Inseln: Vulcano, Lipari, Salina, Alicudi, Filicudi, Panarea und Stromboli. Zu ihnen geh\u00f6ren zwei aktive Vulkane, Stromboli und Vulcano, sowie verschiedene Ph\u00e4nomene des Sekund\u00e4rvulkanismus. Die tausendj\u00e4hrige Geschichte des Archipels wird vom Museo Archeologico Regionale Eoliano (Arch\u00e4ologisches Regionalmuseum) gut dokumentiert, das seinen Sitz in Lipari hat und \u00fcber eigene Abteilungen in Filicudi und Panarea verf\u00fcgt.<\/p>\n\n\t\t<\/div>\n\t<\/div>\n<div class=\"vc_empty_space\"   style=\"height: 32px\"><span class=\"vc_empty_space_inner\"><\/span><\/div><\/div><\/div><\/div><\/div><\/div><\/div><div data-eltd-parallax-speed=\"1\" class=\"vc_row wpb_row vc_row-fluid eltd-section eltd-content-aligment-center eltd-grid-section\" style=\"\"><div class=\"clearfix eltd-section-inner\"><div class=\"eltd-section-inner-margin clearfix\"><div class=\"wpb_column vc_column_container vc_col-sm-6\"><div class=\"vc_column-inner\"><div class=\"wpb_wrapper\"><div class=\"vc_empty_space\"   style=\"height: 50px\"><span class=\"vc_empty_space_inner\"><\/span><\/div>\n\t<div  class=\"wpb_single_image wpb_content_element vc_align_left wpb_content_element\">\n\t\t\n\t\t<figure class=\"wpb_wrapper vc_figure\">\n\t\t\t<div class=\"vc_single_image-wrapper   vc_box_border_grey\"><img decoding=\"async\" class=\"vc_single_image-img\" src=\"https:\/\/ngoniabay.com\/wp-content\/uploads\/2019\/03\/vulcano1-600x400.jpg\" width=\"600\" height=\"400\" alt=\"Vulkan1\" title=\"Vulkan1\" loading=\"lazy\" \/><\/div>\n\t\t<\/figure>\n\t<\/div>\n<\/div><\/div><\/div><div class=\"wpb_column vc_column_container vc_col-sm-6\"><div class=\"vc_column-inner\"><div class=\"wpb_wrapper\"><div class=\"vc_empty_space\"   style=\"height: 50px\"><span class=\"vc_empty_space_inner\"><\/span><\/div>\n\t<div  class=\"wpb_single_image wpb_content_element vc_align_left wpb_content_element\">\n\t\t\n\t\t<figure class=\"wpb_wrapper vc_figure\">\n\t\t\t<div class=\"vc_single_image-wrapper   vc_box_border_grey\"><img decoding=\"async\" class=\"vc_single_image-img\" src=\"https:\/\/ngoniabay.com\/wp-content\/uploads\/2019\/03\/vulcano-600x400.jpg\" width=\"600\" height=\"400\" alt=\"Vulkan\" title=\"Vulkan\" loading=\"lazy\" \/><\/div>\n\t\t<\/figure>\n\t<\/div>\n<\/div><\/div><\/div><\/div><\/div><\/div><div data-eltd-parallax-speed=\"1\" class=\"vc_row wpb_row vc_row-fluid eltd-section eltd-content-aligment-center eltd-grid-section\" style=\"\"><div class=\"clearfix eltd-section-inner\"><div class=\"eltd-section-inner-margin clearfix\"><div class=\"wpb_column vc_column_container vc_col-sm-6\"><div class=\"vc_column-inner\"><div class=\"wpb_wrapper\"><div class=\"vc_empty_space\"   style=\"height: 20px\"><span class=\"vc_empty_space_inner\"><\/span><\/div>\n\t<div  class=\"wpb_single_image wpb_content_element vc_align_left wpb_content_element\">\n\t\t\n\t\t<figure class=\"wpb_wrapper vc_figure\">\n\t\t\t<div class=\"vc_single_image-wrapper   vc_box_border_grey\"><img decoding=\"async\" class=\"vc_single_image-img\" src=\"https:\/\/ngoniabay.com\/wp-content\/uploads\/2019\/03\/tramonto-isole-eolie-600x400.jpg\" width=\"600\" height=\"400\" alt=\"Sonnenuntergang auf den \u00c4olischen Inseln\" title=\"Sonnenuntergang auf den \u00c4olischen Inseln\" loading=\"lazy\" \/><\/div>\n\t\t<\/figure>\n\t<\/div>\n<\/div><\/div><\/div><div class=\"wpb_column vc_column_container vc_col-sm-6\"><div class=\"vc_column-inner\"><div class=\"wpb_wrapper\"><div class=\"vc_empty_space\"   style=\"height: 20px\"><span class=\"vc_empty_space_inner\"><\/span><\/div>\n\t<div  class=\"wpb_single_image wpb_content_element vc_align_left wpb_content_element\">\n\t\t\n\t\t<figure class=\"wpb_wrapper vc_figure\">\n\t\t\t<div class=\"vc_single_image-wrapper   vc_box_border_grey\"><img decoding=\"async\" class=\"vc_single_image-img\" src=\"https:\/\/ngoniabay.com\/wp-content\/uploads\/2019\/03\/stromboli-600x400.jpg\" width=\"600\" height=\"400\" alt=\"Stromboli\" title=\"Stromboli\" loading=\"lazy\" \/><\/div>\n\t\t<\/figure>\n\t<\/div>\n<\/div><\/div><\/div><\/div><\/div><\/div><div data-eltd-parallax-speed=\"1\" class=\"vc_row wpb_row vc_row-fluid eltd-section eltd-content-aligment-center eltd-grid-section\" style=\"\"><div class=\"clearfix eltd-section-inner\"><div class=\"eltd-section-inner-margin clearfix\"><div class=\"wpb_column vc_column_container vc_col-sm-6\"><div class=\"vc_column-inner\"><div class=\"wpb_wrapper\"><div class=\"vc_empty_space\"   style=\"height: 20px\"><span class=\"vc_empty_space_inner\"><\/span><\/div>\n\t<div  class=\"wpb_single_image wpb_content_element vc_align_left wpb_content_element\">\n\t\t\n\t\t<figure class=\"wpb_wrapper vc_figure\">\n\t\t\t<div class=\"vc_single_image-wrapper   vc_box_border_grey\"><img decoding=\"async\" class=\"vc_single_image-img\" src=\"https:\/\/ngoniabay.com\/wp-content\/uploads\/2019\/03\/isole-eolie-2-600x400.jpg\" width=\"600\" height=\"400\" alt=\"\u00c4olische Inseln 2\" title=\"\u00c4olische Inseln 2\" loading=\"lazy\" \/><\/div>\n\t\t<\/figure>\n\t<\/div>\n<\/div><\/div><\/div><div class=\"wpb_column vc_column_container vc_col-sm-6\"><div class=\"vc_column-inner\"><div class=\"wpb_wrapper\"><div class=\"vc_empty_space\"   style=\"height: 20px\"><span class=\"vc_empty_space_inner\"><\/span><\/div>\n\t<div  class=\"wpb_single_image wpb_content_element vc_align_left wpb_content_element\">\n\t\t\n\t\t<figure class=\"wpb_wrapper vc_figure\">\n\t\t\t<div class=\"vc_single_image-wrapper   vc_box_border_grey\"><img decoding=\"async\" class=\"vc_single_image-img\" src=\"https:\/\/ngoniabay.com\/wp-content\/uploads\/2019\/03\/isole-eolie-1-600x400.jpg\" width=\"600\" height=\"400\" alt=\"\u00c4olische Inseln 1\" title=\"\u00c4olische Inseln 1\" loading=\"lazy\" \/><\/div>\n\t\t<\/figure>\n\t<\/div>\n<\/div><\/div><\/div><\/div><\/div><\/div><div data-eltd-parallax-speed=\"1\" class=\"vc_row wpb_row vc_row-fluid eltd-section eltd-content-aligment-left eltd-grid-section\" style=\"\"><div class=\"clearfix eltd-section-inner\"><div class=\"eltd-section-inner-margin clearfix\"><div class=\"wpb_column vc_column_container vc_col-sm-12\"><div class=\"vc_column-inner\"><div class=\"wpb_wrapper\"><div class=\"vc_empty_space\"   style=\"height: 10px\"><span class=\"vc_empty_space_inner\"><\/span><\/div>\n\t<div  class=\"wpb_single_image wpb_content_element vc_align_center wpb_content_element\">\n\t\t\n\t\t<figure class=\"wpb_wrapper vc_figure\">\n\t\t\t<div class=\"vc_single_image-wrapper   vc_box_border_grey\"><img decoding=\"async\" class=\"vc_single_image-img\" src=\"https:\/\/ngoniabay.com\/wp-content\/uploads\/2019\/02\/ngonia-logo-2-200x200.png\" width=\"200\" height=\"200\" alt=\"ngonia-Logo\" title=\"ngonia-Logo\" loading=\"lazy\" \/><\/div>\n\t\t<\/figure>\n\t<\/div>\n<div class=\"vc_empty_space\"   style=\"height: 50px\"><span class=\"vc_empty_space_inner\"><\/span><\/div><\/div><\/div><\/div><\/div><\/div><\/div>\n<\/div>","protected":false},"excerpt":{"rendered":"Entdeckung des \u00c4olischen Archipels \"Nicht einmal ein Gem\u00e4lde w\u00fcrde eine Vorstellung von diesem krampfhaften, brennenden, fast schmelzenden Land vermitteln. Wir konnten unsere Reise nicht von unserem Traum unterscheiden.\" A. Dumas Die \u00c4olischen Inseln, auch bekannt als Liparische Inseln, sind eine Inselgruppe vulkanischen Ursprungs im Mittelmeer...","protected":false},"author":1,"featured_media":0,"parent":0,"menu_order":0,"comment_status":"closed","ping_status":"closed","template":"full-width.php","meta":{"om_disable_all_campaigns":false,"footnotes":""},"class_list":["post-4748","page","type-page","status-publish","hentry"],"acf":[],"yoast_head":"<!-- This site is optimized with the Yoast SEO Premium plugin v25.2 (Yoast SEO v25.3) - https:\/\/yoast.com\/wordpress\/plugins\/seo\/ -->\n<title>Isole Eolie - Ngonia Bay<\/title>\n<meta name=\"description\" content=\"Le Isole Eolie, dette anche Isole Lipari, sono un arcipelago di origine vulcanica, situato nel Mar Tirreno a Nord della costa sicula.\" \/>\n<meta name=\"robots\" content=\"index, follow, max-snippet:-1, max-image-preview:large, max-video-preview:-1\" \/>\n<link rel=\"canonical\" href=\"http:\/\/ngoniabay.com\/de\/aolische-inseln\/\" \/>\n<meta property=\"og:locale\" content=\"de_DE\" \/>\n<meta property=\"og:type\" content=\"article\" \/>\n<meta property=\"og:title\" content=\"Isole Eolie\" \/>\n<meta property=\"og:description\" content=\"Le Isole Eolie, dette anche Isole Lipari, sono un arcipelago di origine vulcanica, situato nel Mar Tirreno a Nord della costa sicula.\" \/>\n<meta property=\"og:url\" content=\"http:\/\/ngoniabay.com\/de\/aolische-inseln\/\" \/>\n<meta property=\"og:site_name\" content=\"Ngonia Bay\" \/>\n<meta property=\"article:modified_time\" content=\"2024-05-09T12:25:57+00:00\" \/>\n<meta name=\"twitter:card\" content=\"summary_large_image\" \/>\n<meta name=\"twitter:label1\" content=\"Gesch\u00e4tzte Lesezeit\" \/>\n\t<meta name=\"twitter:data1\" content=\"2\u00a0Minuten\" \/>\n<script type=\"application\/ld+json\" class=\"yoast-schema-graph\">{\"@context\":\"https:\/\/schema.org\",\"@graph\":[{\"@type\":\"WebPage\",\"@id\":\"http:\/\/ngoniabay.com\/de\/aolische-inseln\/\",\"url\":\"http:\/\/ngoniabay.com\/de\/aolische-inseln\/\",\"name\":\"Isole Eolie - Ngonia Bay\",\"isPartOf\":{\"@id\":\"https:\/\/ngoniabay.com\/de\/#website\"},\"datePublished\":\"2019-03-02T09:48:41+00:00\",\"dateModified\":\"2024-05-09T12:25:57+00:00\",\"description\":\"Le Isole Eolie, dette anche Isole Lipari, sono un arcipelago di origine vulcanica, situato nel Mar Tirreno a Nord della costa sicula.\",\"breadcrumb\":{\"@id\":\"http:\/\/ngoniabay.com\/de\/aolische-inseln\/#breadcrumb\"},\"inLanguage\":\"de\",\"potentialAction\":[{\"@type\":\"ReadAction\",\"target\":[\"http:\/\/ngoniabay.com\/de\/aolische-inseln\/\"]}]},{\"@type\":\"BreadcrumbList\",\"@id\":\"http:\/\/ngoniabay.com\/de\/aolische-inseln\/#breadcrumb\",\"itemListElement\":[{\"@type\":\"ListItem\",\"position\":1,\"name\":\"Home\",\"item\":\"https:\/\/ngoniabay.com\/\"},{\"@type\":\"ListItem\",\"position\":2,\"name\":\"Isole Eolie\"}]},{\"@type\":\"WebSite\",\"@id\":\"https:\/\/ngoniabay.com\/de\/#website\",\"url\":\"https:\/\/ngoniabay.com\/de\/\",\"name\":\"Ngonia Bay\",\"description\":\"Ngonia Bay\",\"potentialAction\":[{\"@type\":\"SearchAction\",\"target\":{\"@type\":\"EntryPoint\",\"urlTemplate\":\"https:\/\/ngoniabay.com\/de\/?s={search_term_string}\"},\"query-input\":{\"@type\":\"PropertyValueSpecification\",\"valueRequired\":true,\"valueName\":\"search_term_string\"}}],\"inLanguage\":\"de\"}]}<\/script>\n<!-- \/ Yoast SEO Premium plugin. -->","yoast_head_json":{"title":"Isole Eolie - Ngonia Bay","description":"Le Isole Eolie, dette anche Isole Lipari, sono un arcipelago di origine vulcanica, situato nel Mar Tirreno a Nord della costa sicula.","robots":{"index":"index","follow":"follow","max-snippet":"max-snippet:-1","max-image-preview":"max-image-preview:large","max-video-preview":"max-video-preview:-1"},"canonical":"http:\/\/ngoniabay.com\/de\/aolische-inseln\/","og_locale":"de_DE","og_type":"article","og_title":"Isole Eolie","og_description":"Le Isole Eolie, dette anche Isole Lipari, sono un arcipelago di origine vulcanica, situato nel Mar Tirreno a Nord della costa sicula.","og_url":"http:\/\/ngoniabay.com\/de\/aolische-inseln\/","og_site_name":"Ngonia Bay","article_modified_time":"2024-05-09T12:25:57+00:00","twitter_card":"summary_large_image","twitter_misc":{"Gesch\u00e4tzte Lesezeit":"2\u00a0Minuten"},"schema":{"@context":"https:\/\/schema.org","@graph":[{"@type":"WebPage","@id":"http:\/\/ngoniabay.com\/de\/aolische-inseln\/","url":"http:\/\/ngoniabay.com\/de\/aolische-inseln\/","name":"Isole Eolie - Ngonia Bay","isPartOf":{"@id":"https:\/\/ngoniabay.com\/de\/#website"},"datePublished":"2019-03-02T09:48:41+00:00","dateModified":"2024-05-09T12:25:57+00:00","description":"Le Isole Eolie, dette anche Isole Lipari, sono un arcipelago di origine vulcanica, situato nel Mar Tirreno a Nord della costa sicula.","breadcrumb":{"@id":"http:\/\/ngoniabay.com\/de\/aolische-inseln\/#breadcrumb"},"inLanguage":"de","potentialAction":[{"@type":"ReadAction","target":["http:\/\/ngoniabay.com\/de\/aolische-inseln\/"]}]},{"@type":"BreadcrumbList","@id":"http:\/\/ngoniabay.com\/de\/aolische-inseln\/#breadcrumb","itemListElement":[{"@type":"ListItem","position":1,"name":"Home","item":"https:\/\/ngoniabay.com\/"},{"@type":"ListItem","position":2,"name":"Isole Eolie"}]},{"@type":"WebSite","@id":"https:\/\/ngoniabay.com\/de\/#website","url":"https:\/\/ngoniabay.com\/de\/","name":"Ngonia Bay","description":"Ngonia Bay","potentialAction":[{"@type":"SearchAction","target":{"@type":"EntryPoint","urlTemplate":"https:\/\/ngoniabay.com\/de\/?s={search_term_string}"},"query-input":{"@type":"PropertyValueSpecification","valueRequired":true,"valueName":"search_term_string"}}],"inLanguage":"de"}]}},"_links":{"self":[{"href":"https:\/\/ngoniabay.com\/de\/wp-json\/wp\/v2\/pages\/4748","targetHints":{"allow":["GET"]}}],"collection":[{"href":"https:\/\/ngoniabay.com\/de\/wp-json\/wp\/v2\/pages"}],"about":[{"href":"https:\/\/ngoniabay.com\/de\/wp-json\/wp\/v2\/types\/page"}],"author":[{"embeddable":true,"href":"https:\/\/ngoniabay.com\/de\/wp-json\/wp\/v2\/users\/1"}],"replies":[{"embeddable":true,"href":"https:\/\/ngoniabay.com\/de\/wp-json\/wp\/v2\/comments?post=4748"}],"version-history":[{"count":1,"href":"https:\/\/ngoniabay.com\/de\/wp-json\/wp\/v2\/pages\/4748\/revisions"}],"predecessor-version":[{"id":12784,"href":"https:\/\/ngoniabay.com\/de\/wp-json\/wp\/v2\/pages\/4748\/revisions\/12784"}],"wp:attachment":[{"href":"https:\/\/ngoniabay.com\/de\/wp-json\/wp\/v2\/media?parent=4748"}],"curies":[{"name":"wp","href":"https:\/\/api.w.org\/{rel}","templated":true}]}}