
{"id":4759,"date":"2019-03-02T09:52:17","date_gmt":"2019-03-02T09:52:17","guid":{"rendered":"https:\/\/ngoniabay.com\/?page_id=4759"},"modified":"2025-05-23T09:49:51","modified_gmt":"2025-05-23T07:49:51","slug":"milazzo","status":"publish","type":"page","link":"http:\/\/ngoniabay.com\/de\/milazzo\/","title":{"rendered":"Milazzo"},"content":{"rendered":"<div class=\"wpb-content-wrapper\"><div data-eltd-parallax-speed=\"1\" class=\"vc_row wpb_row vc_row-fluid eltd-section eltd-content-aligment-center eltd-grid-section\" style=\"\"><div class=\"clearfix eltd-section-inner\"><div class=\"eltd-section-inner-margin clearfix\"><div class=\"wpb_column vc_column_container vc_col-sm-12 vc_col-lg-offset-2 vc_col-lg-8\"><div class=\"vc_column-inner\"><div class=\"wpb_wrapper\"><div class=\"vc_empty_space\"   style=\"height: 22px\"><span class=\"vc_empty_space_inner\"><\/span><\/div><div class=\"eltd-section-title-outer-holder animate\" style=\"text-align: center\">\n\t<div class=\"eltd-section-title-subtitle-holder\">\n\t\t<h3 class=\"eltd-section-subtitle\" style=\";\">entdecken<\/h3>\n\t<\/div>\n\t<div class=\"eltd-section-title-holder\">\n\t\t<h2 class=\"eltd-section-title\" style=\";\">Die Perle des Tyrrhenischen Meeres<\/h2>\n\t<\/div>\n<\/div><div class=\"vc_empty_space\"   style=\"height: 60px\"><span class=\"vc_empty_space_inner\"><\/span><\/div><\/div><\/div><\/div><\/div><\/div><\/div><div data-eltd-parallax-speed=\"1\" class=\"vc_row wpb_row vc_row-fluid eltd-section eltd-content-aligment-left eltd-grid-section\" style=\"\"><div class=\"clearfix eltd-section-inner\"><div class=\"eltd-section-inner-margin clearfix\"><div class=\"wpb_column vc_column_container vc_col-sm-6\"><div class=\"vc_column-inner\"><div class=\"wpb_wrapper\">\n\t<div  class=\"wpb_single_image wpb_content_element vc_align_left wpb_content_element\">\n\t\t\n\t\t<figure class=\"wpb_wrapper vc_figure\">\n\t\t\t<div class=\"vc_single_image-wrapper   vc_box_border_grey\"><img decoding=\"async\" class=\"vc_single_image-img\" src=\"https:\/\/ngoniabay.com\/wp-content\/uploads\/2020\/01\/sky-3343777_1920-800x600.jpg\" width=\"800\" height=\"600\" alt=\"Himmel-3343777_1920\" title=\"Himmel-3343777_1920\" loading=\"lazy\" \/><\/div>\n\t\t<\/figure>\n\t<\/div>\n<div data-eltd-parallax-speed=\"1\" class=\"vc_row wpb_row vc_inner vc_row-fluid eltd-section eltd-content-aligment-left\" style=\"\"><div class=\"eltd-full-section-inner\"><div class=\"wpb_column vc_column_container vc_col-sm-6\"><div class=\"vc_column-inner\"><div class=\"wpb_wrapper\"><div class=\"vc_empty_space\"   style=\"height: 12px\"><span class=\"vc_empty_space_inner\"><\/span><\/div><\/div><\/div><\/div><div class=\"wpb_column vc_column_container vc_col-sm-6\"><div class=\"vc_column-inner\"><div class=\"wpb_wrapper\"><div class=\"vc_empty_space\"   style=\"height: 12px\"><span class=\"vc_empty_space_inner\"><\/span><\/div><\/div><\/div><\/div><\/div><\/div><\/div><\/div><\/div><div class=\"wpb_column vc_column_container vc_col-sm-6\"><div class=\"vc_column-inner\"><div class=\"wpb_wrapper\">\n\t<div class=\"wpb_text_column wpb_content_element\" >\n\t\t<div class=\"wpb_wrapper\">\n\t\t\t<p>Milazzo, seit langem als \"Perle des Tyrrhenischen Meeres\" bezeichnet, liegt auf einer Halbinsel, die in einer kleinen Landzunge gipfelt, die zu den \u00c4olischen Inseln zeigt und sich zwischen dem Golf von Patti und Messina ins Meer erstreckt und gleichzeitig den Blick auf die Vulkane \u00c4tna, Stromboli und Vulcano freigibt.<\/p>\n<p>761 v. Chr. von den Griechen gegr\u00fcndet, war Milazzo aufgrund seiner nat\u00fcrlichen Sch\u00f6nheit und seiner privilegierten geografischen Lage lange Zeit von den V\u00f6lkern, die es bewohnten, umk\u00e4mpft und hinterlie\u00df in seiner Architektur, seinen Traditionen und Br\u00e4uchen die charakteristischen Merkmale ihrer Zivilisationen.<\/p>\n<p>Mit seinem gem\u00e4\u00dfigten Klima und der \u00fcppigen mediterranen Natur, den langen Str\u00e4nden und dem felsigen Vorgebirge ist Milazzo eine Stadt, die sich vor allem auf den Tourismus am Meer spezialisiert hat und vom Fr\u00fchling bis zum Sp\u00e4therbst ihre ganze Pracht entfaltet.<\/p>\n<p>Aber auch in den Wintermonaten gibt es in Milazzo und Umgebung zahlreiche Sehensw\u00fcrdigkeiten und Attraktionen<\/p>\n\n\t\t<\/div>\n\t<\/div>\n<div class=\"vc_empty_space\"   style=\"height: 32px\"><span class=\"vc_empty_space_inner\"><\/span><\/div><\/div><\/div><\/div><\/div><\/div><\/div><div data-eltd-parallax-speed=\"1\" class=\"vc_row wpb_row vc_row-fluid eltd-section eltd-content-aligment-center eltd-grid-section\" style=\"\"><div class=\"clearfix eltd-section-inner\"><div class=\"eltd-section-inner-margin clearfix\"><div class=\"wpb_column vc_column_container vc_col-sm-6\"><div class=\"vc_column-inner\"><div class=\"wpb_wrapper\"><div class=\"vc_empty_space\"   style=\"height: 50px\"><span class=\"vc_empty_space_inner\"><\/span><\/div>\n\t<div  class=\"wpb_single_image wpb_content_element vc_align_left wpb_content_element\">\n\t\t\n\t\t<figure class=\"wpb_wrapper vc_figure\">\n\t\t\t<div class=\"vc_single_image-wrapper   vc_box_border_grey\"><img decoding=\"async\" class=\"vc_single_image-img\" src=\"https:\/\/ngoniabay.com\/wp-content\/uploads\/2019\/03\/porto-milazzo-sicily-600x400.jpg\" width=\"600\" height=\"400\" alt=\"porto-milazzo-sizilien\" title=\"porto-milazzo-sizilien\" loading=\"lazy\" \/><\/div>\n\t\t<\/figure>\n\t<\/div>\n<\/div><\/div><\/div><div class=\"wpb_column vc_column_container vc_col-sm-6\"><div class=\"vc_column-inner\"><div class=\"wpb_wrapper\"><div class=\"vc_empty_space\"   style=\"height: 50px\"><span class=\"vc_empty_space_inner\"><\/span><\/div>\n\t<div  class=\"wpb_single_image wpb_content_element vc_align_left wpb_content_element\">\n\t\t\n\t\t<figure class=\"wpb_wrapper vc_figure\">\n\t\t\t<div class=\"vc_single_image-wrapper   vc_box_border_grey\"><img decoding=\"async\" class=\"vc_single_image-img\" src=\"https:\/\/ngoniabay.com\/wp-content\/uploads\/2019\/03\/ngonia-tono-600x400.jpg\" width=\"600\" height=\"400\" alt=\"ngonia-Ton\" title=\"ngonia-Ton\" loading=\"lazy\" \/><\/div>\n\t\t<\/figure>\n\t<\/div>\n<\/div><\/div><\/div><\/div><\/div><\/div><div data-eltd-parallax-speed=\"1\" class=\"vc_row wpb_row vc_row-fluid eltd-section eltd-content-aligment-center eltd-grid-section\" style=\"\"><div class=\"clearfix eltd-section-inner\"><div class=\"eltd-section-inner-margin clearfix\"><div class=\"wpb_column vc_column_container vc_col-sm-6\"><div class=\"vc_column-inner\"><div class=\"wpb_wrapper\"><div class=\"vc_empty_space\"   style=\"height: 20px\"><span class=\"vc_empty_space_inner\"><\/span><\/div>\n\t<div  class=\"wpb_single_image wpb_content_element vc_align_left wpb_content_element\">\n\t\t\n\t\t<figure class=\"wpb_wrapper vc_figure\">\n\t\t\t<div class=\"vc_single_image-wrapper   vc_box_border_grey\"><img decoding=\"async\" class=\"vc_single_image-img\" src=\"https:\/\/ngoniabay.com\/wp-content\/uploads\/2019\/03\/milazzo-600x400.jpg\" width=\"600\" height=\"400\" alt=\".\" title=\".\" loading=\"lazy\" \/><\/div>\n\t\t<\/figure>\n\t<\/div>\n<\/div><\/div><\/div><div class=\"wpb_column vc_column_container vc_col-sm-6\"><div class=\"vc_column-inner\"><div class=\"wpb_wrapper\"><div class=\"vc_empty_space\"   style=\"height: 20px\"><span class=\"vc_empty_space_inner\"><\/span><\/div>\n\t<div  class=\"wpb_single_image wpb_content_element vc_align_left wpb_content_element\">\n\t\t\n\t\t<figure class=\"wpb_wrapper vc_figure\">\n\t\t\t<div class=\"vc_single_image-wrapper   vc_box_border_grey\"><img decoding=\"async\" class=\"vc_single_image-img\" src=\"https:\/\/ngoniabay.com\/wp-content\/uploads\/2019\/03\/fotogallery-milazzo-2-600x400.jpg\" width=\"600\" height=\"400\" alt=\"????????????????????????????????????\" title=\"fotogalerie-milazzo-2\" loading=\"lazy\" \/><\/div>\n\t\t<\/figure>\n\t<\/div>\n<\/div><\/div><\/div><\/div><\/div><\/div><div data-eltd-parallax-speed=\"1\" class=\"vc_row wpb_row vc_row-fluid eltd-section eltd-content-aligment-center eltd-grid-section\" style=\"\"><div class=\"clearfix eltd-section-inner\"><div class=\"eltd-section-inner-margin clearfix\"><div class=\"wpb_column vc_column_container vc_col-sm-6\"><div class=\"vc_column-inner\"><div class=\"wpb_wrapper\"><div class=\"vc_empty_space\"   style=\"height: 20px\"><span class=\"vc_empty_space_inner\"><\/span><\/div>\n\t<div  class=\"wpb_single_image wpb_content_element vc_align_left wpb_content_element\">\n\t\t\n\t\t<figure class=\"wpb_wrapper vc_figure\">\n\t\t\t<div class=\"vc_single_image-wrapper   vc_box_border_grey\"><img decoding=\"async\" class=\"vc_single_image-img\" src=\"https:\/\/ngoniabay.com\/wp-content\/uploads\/2019\/03\/capo-milazzo-me-893b282d-be7d-4625-866e-cdcee1a6a472-600x400.jpg\" width=\"600\" height=\"400\" alt=\"capo-milazzo-me-893b282d-be7d-4625-866e-cdcee1a6a472\" title=\"capo-milazzo-me-893b282d-be7d-4625-866e-cdcee1a6a472\" loading=\"lazy\" \/><\/div>\n\t\t<\/figure>\n\t<\/div>\n<\/div><\/div><\/div><div class=\"wpb_column vc_column_container vc_col-sm-6\"><div class=\"vc_column-inner\"><div class=\"wpb_wrapper\"><div class=\"vc_empty_space\"   style=\"height: 20px\"><span class=\"vc_empty_space_inner\"><\/span><\/div>\n\t<div  class=\"wpb_single_image wpb_content_element vc_align_left wpb_content_element\">\n\t\t\n\t\t<figure class=\"wpb_wrapper vc_figure\">\n\t\t\t<div class=\"vc_single_image-wrapper   vc_box_border_grey\"><img decoding=\"async\" class=\"vc_single_image-img\" src=\"https:\/\/ngoniabay.com\/wp-content\/uploads\/2019\/03\/capo-milazzo4-600x400.jpg\" width=\"600\" height=\"400\" alt=\"Chef-Milazzo4\" title=\"Chef-Milazzo4\" loading=\"lazy\" \/><\/div>\n\t\t<\/figure>\n\t<\/div>\n<\/div><\/div><\/div><\/div><\/div><\/div><div data-eltd-parallax-speed=\"1\" class=\"vc_row wpb_row vc_row-fluid eltd-section eltd-content-aligment-center eltd-grid-section\" style=\"\"><div class=\"clearfix eltd-section-inner\"><div class=\"eltd-section-inner-margin clearfix\"><div class=\"wpb_column vc_column_container vc_col-sm-6\"><div class=\"vc_column-inner\"><div class=\"wpb_wrapper\"><div class=\"vc_empty_space\"   style=\"height: 20px\"><span class=\"vc_empty_space_inner\"><\/span><\/div>\n\t<div  class=\"wpb_single_image wpb_content_element vc_align_left wpb_content_element\">\n\t\t\n\t\t<figure class=\"wpb_wrapper vc_figure\">\n\t\t\t<div class=\"vc_single_image-wrapper   vc_box_border_grey\"><img decoding=\"async\" class=\"vc_single_image-img\" src=\"https:\/\/ngoniabay.com\/wp-content\/uploads\/2019\/03\/70394094_xxl-milazzo-600x400.jpg\" width=\"600\" height=\"400\" alt=\"70394094_xxl-milazzo\" title=\"70394094_xxl-milazzo\" loading=\"lazy\" \/><\/div>\n\t\t<\/figure>\n\t<\/div>\n<\/div><\/div><\/div><div class=\"wpb_column vc_column_container vc_col-sm-6\"><div class=\"vc_column-inner\"><div class=\"wpb_wrapper\"><div class=\"vc_empty_space\"   style=\"height: 20px\"><span class=\"vc_empty_space_inner\"><\/span><\/div>\n\t<div  class=\"wpb_single_image wpb_content_element vc_align_left wpb_content_element\">\n\t\t\n\t\t<figure class=\"wpb_wrapper vc_figure\">\n\t\t\t<div class=\"vc_single_image-wrapper   vc_box_border_grey\"><img decoding=\"async\" class=\"vc_single_image-img\" src=\"https:\/\/ngoniabay.com\/wp-content\/uploads\/2019\/03\/1926_11438594b1273330f450201411071819035010b7fedc4da5afee304ae6-600x400.jpg\" width=\"600\" height=\"400\" alt=\"1926_11438594b1273330f450201411071819035010b7fedc4da5afee304ae6\" title=\"1926_11438594b1273330f450201411071819035010b7fedc4da5afee304ae6\" loading=\"lazy\" \/><\/div>\n\t\t<\/figure>\n\t<\/div>\n<\/div><\/div><\/div><\/div><\/div><\/div><div data-eltd-parallax-speed=\"1\" class=\"vc_row wpb_row vc_row-fluid eltd-section eltd-content-aligment-left eltd-grid-section\" style=\"\"><div class=\"clearfix eltd-section-inner\"><div class=\"eltd-section-inner-margin clearfix\"><div class=\"wpb_column vc_column_container vc_col-sm-12\"><div class=\"vc_column-inner\"><div class=\"wpb_wrapper\"><div class=\"vc_empty_space\"   style=\"height: 10px\"><span class=\"vc_empty_space_inner\"><\/span><\/div>\n\t<div  class=\"wpb_single_image wpb_content_element vc_align_center wpb_content_element\">\n\t\t\n\t\t<figure class=\"wpb_wrapper vc_figure\">\n\t\t\t<div class=\"vc_single_image-wrapper   vc_box_border_grey\"><img decoding=\"async\" class=\"vc_single_image-img\" src=\"https:\/\/ngoniabay.com\/wp-content\/uploads\/2019\/02\/ngonia-logo-2-200x200.png\" width=\"200\" height=\"200\" alt=\"ngonia-Logo\" title=\"ngonia-Logo\" loading=\"lazy\" \/><\/div>\n\t\t<\/figure>\n\t<\/div>\n<div class=\"vc_empty_space\"   style=\"height: 50px\"><span class=\"vc_empty_space_inner\"><\/span><\/div><\/div><\/div><\/div><\/div><\/div><\/div>\n<\/div>","protected":false},"excerpt":{"rendered":"Entdecken Sie die Perle des Tyrrhenischen Meeres Lange Zeit als \"Perle des Tyrrhenischen Meeres\" bezeichnet, liegt Milazzo auf einer Halbinsel, die in einem kleinen Vorgebirge gipfelt, das zu den \u00c4olischen Inseln zeigt und sich zwischen dem Golf von Patti und Messina ins Meer erstreckt und den gleichzeitigen Blick auf die Vulkane \u00c4tna,...","protected":false},"author":1,"featured_media":10655,"parent":0,"menu_order":0,"comment_status":"closed","ping_status":"closed","template":"full-width.php","meta":{"om_disable_all_campaigns":false,"footnotes":""},"class_list":["post-4759","page","type-page","status-publish","has-post-thumbnail","hentry"],"acf":[],"yoast_head":"<!-- This site is optimized with the Yoast SEO Premium plugin v25.2 (Yoast SEO v25.3) - https:\/\/yoast.com\/wordpress\/plugins\/seo\/ -->\n<title>Milazzo - Ngonia Bay<\/title>\n<meta name=\"description\" content=\"Da Tempo definita \u201cLa Perla del Tirreno\u201d, Milazzo sorge su una penisoletta culminante con un piccolo promontorio che puntando le Isole Eolie\" \/>\n<meta name=\"robots\" content=\"index, follow, max-snippet:-1, max-image-preview:large, max-video-preview:-1\" \/>\n<link rel=\"canonical\" href=\"http:\/\/ngoniabay.com\/de\/milazzo\/\" \/>\n<meta property=\"og:locale\" content=\"de_DE\" \/>\n<meta property=\"og:type\" content=\"article\" \/>\n<meta property=\"og:title\" content=\"Milazzo\" \/>\n<meta property=\"og:description\" content=\"Da Tempo definita \u201cLa Perla del Tirreno\u201d, Milazzo sorge su una penisoletta culminante con un piccolo promontorio che puntando le Isole Eolie\" \/>\n<meta property=\"og:url\" content=\"http:\/\/ngoniabay.com\/de\/milazzo\/\" \/>\n<meta property=\"og:site_name\" content=\"Ngonia Bay\" \/>\n<meta property=\"article:modified_time\" content=\"2025-05-23T07:49:51+00:00\" \/>\n<meta property=\"og:image\" content=\"https:\/\/ngoniabay.com\/wp-content\/uploads\/2020\/11\/location-scaled.jpg\" \/>\n\t<meta property=\"og:image:width\" content=\"2560\" \/>\n\t<meta property=\"og:image:height\" content=\"1438\" \/>\n\t<meta property=\"og:image:type\" content=\"image\/jpeg\" \/>\n<meta name=\"twitter:card\" content=\"summary_large_image\" \/>\n<meta name=\"twitter:label1\" content=\"Gesch\u00e4tzte Lesezeit\" \/>\n\t<meta name=\"twitter:data1\" content=\"4\u00a0Minuten\" \/>\n<script type=\"application\/ld+json\" class=\"yoast-schema-graph\">{\"@context\":\"https:\/\/schema.org\",\"@graph\":[{\"@type\":\"WebPage\",\"@id\":\"http:\/\/ngoniabay.com\/de\/milazzo\/\",\"url\":\"http:\/\/ngoniabay.com\/de\/milazzo\/\",\"name\":\"Milazzo - Ngonia Bay\",\"isPartOf\":{\"@id\":\"https:\/\/ngoniabay.com\/de\/#website\"},\"primaryImageOfPage\":{\"@id\":\"http:\/\/ngoniabay.com\/de\/milazzo\/#primaryimage\"},\"image\":{\"@id\":\"http:\/\/ngoniabay.com\/de\/milazzo\/#primaryimage\"},\"thumbnailUrl\":\"https:\/\/ngoniabay.com\/wp-content\/uploads\/2020\/11\/location-scaled.jpg\",\"datePublished\":\"2019-03-02T09:52:17+00:00\",\"dateModified\":\"2025-05-23T07:49:51+00:00\",\"description\":\"Da Tempo definita \u201cLa Perla del Tirreno\u201d, Milazzo sorge su una penisoletta culminante con un piccolo promontorio che puntando le Isole Eolie\",\"breadcrumb\":{\"@id\":\"http:\/\/ngoniabay.com\/de\/milazzo\/#breadcrumb\"},\"inLanguage\":\"de\",\"potentialAction\":[{\"@type\":\"ReadAction\",\"target\":[\"http:\/\/ngoniabay.com\/de\/milazzo\/\"]}]},{\"@type\":\"ImageObject\",\"inLanguage\":\"de\",\"@id\":\"http:\/\/ngoniabay.com\/de\/milazzo\/#primaryimage\",\"url\":\"https:\/\/ngoniabay.com\/wp-content\/uploads\/2020\/11\/location-scaled.jpg\",\"contentUrl\":\"https:\/\/ngoniabay.com\/wp-content\/uploads\/2020\/11\/location-scaled.jpg\",\"width\":2560,\"height\":1438},{\"@type\":\"BreadcrumbList\",\"@id\":\"http:\/\/ngoniabay.com\/de\/milazzo\/#breadcrumb\",\"itemListElement\":[{\"@type\":\"ListItem\",\"position\":1,\"name\":\"Home\",\"item\":\"https:\/\/ngoniabay.com\/\"},{\"@type\":\"ListItem\",\"position\":2,\"name\":\"Milazzo\"}]},{\"@type\":\"WebSite\",\"@id\":\"https:\/\/ngoniabay.com\/de\/#website\",\"url\":\"https:\/\/ngoniabay.com\/de\/\",\"name\":\"Ngonia Bay\",\"description\":\"Ngonia Bay\",\"potentialAction\":[{\"@type\":\"SearchAction\",\"target\":{\"@type\":\"EntryPoint\",\"urlTemplate\":\"https:\/\/ngoniabay.com\/de\/?s={search_term_string}\"},\"query-input\":{\"@type\":\"PropertyValueSpecification\",\"valueRequired\":true,\"valueName\":\"search_term_string\"}}],\"inLanguage\":\"de\"}]}<\/script>\n<!-- \/ Yoast SEO Premium plugin. -->","yoast_head_json":{"title":"Milazzo - Ngonia Bay","description":"Da Tempo definita \u201cLa Perla del Tirreno\u201d, Milazzo sorge su una penisoletta culminante con un piccolo promontorio che puntando le Isole Eolie","robots":{"index":"index","follow":"follow","max-snippet":"max-snippet:-1","max-image-preview":"max-image-preview:large","max-video-preview":"max-video-preview:-1"},"canonical":"http:\/\/ngoniabay.com\/de\/milazzo\/","og_locale":"de_DE","og_type":"article","og_title":"Milazzo","og_description":"Da Tempo definita \u201cLa Perla del Tirreno\u201d, Milazzo sorge su una penisoletta culminante con un piccolo promontorio che puntando le Isole Eolie","og_url":"http:\/\/ngoniabay.com\/de\/milazzo\/","og_site_name":"Ngonia Bay","article_modified_time":"2025-05-23T07:49:51+00:00","og_image":[{"width":2560,"height":1438,"url":"https:\/\/ngoniabay.com\/wp-content\/uploads\/2020\/11\/location-scaled.jpg","type":"image\/jpeg"}],"twitter_card":"summary_large_image","twitter_misc":{"Gesch\u00e4tzte Lesezeit":"4\u00a0Minuten"},"schema":{"@context":"https:\/\/schema.org","@graph":[{"@type":"WebPage","@id":"http:\/\/ngoniabay.com\/de\/milazzo\/","url":"http:\/\/ngoniabay.com\/de\/milazzo\/","name":"Milazzo - Ngonia Bay","isPartOf":{"@id":"https:\/\/ngoniabay.com\/de\/#website"},"primaryImageOfPage":{"@id":"http:\/\/ngoniabay.com\/de\/milazzo\/#primaryimage"},"image":{"@id":"http:\/\/ngoniabay.com\/de\/milazzo\/#primaryimage"},"thumbnailUrl":"https:\/\/ngoniabay.com\/wp-content\/uploads\/2020\/11\/location-scaled.jpg","datePublished":"2019-03-02T09:52:17+00:00","dateModified":"2025-05-23T07:49:51+00:00","description":"Da Tempo definita \u201cLa Perla del Tirreno\u201d, Milazzo sorge su una penisoletta culminante con un piccolo promontorio che puntando le Isole Eolie","breadcrumb":{"@id":"http:\/\/ngoniabay.com\/de\/milazzo\/#breadcrumb"},"inLanguage":"de","potentialAction":[{"@type":"ReadAction","target":["http:\/\/ngoniabay.com\/de\/milazzo\/"]}]},{"@type":"ImageObject","inLanguage":"de","@id":"http:\/\/ngoniabay.com\/de\/milazzo\/#primaryimage","url":"https:\/\/ngoniabay.com\/wp-content\/uploads\/2020\/11\/location-scaled.jpg","contentUrl":"https:\/\/ngoniabay.com\/wp-content\/uploads\/2020\/11\/location-scaled.jpg","width":2560,"height":1438},{"@type":"BreadcrumbList","@id":"http:\/\/ngoniabay.com\/de\/milazzo\/#breadcrumb","itemListElement":[{"@type":"ListItem","position":1,"name":"Home","item":"https:\/\/ngoniabay.com\/"},{"@type":"ListItem","position":2,"name":"Milazzo"}]},{"@type":"WebSite","@id":"https:\/\/ngoniabay.com\/de\/#website","url":"https:\/\/ngoniabay.com\/de\/","name":"Ngonia Bay","description":"Ngonia Bay","potentialAction":[{"@type":"SearchAction","target":{"@type":"EntryPoint","urlTemplate":"https:\/\/ngoniabay.com\/de\/?s={search_term_string}"},"query-input":{"@type":"PropertyValueSpecification","valueRequired":true,"valueName":"search_term_string"}}],"inLanguage":"de"}]}},"_links":{"self":[{"href":"https:\/\/ngoniabay.com\/de\/wp-json\/wp\/v2\/pages\/4759","targetHints":{"allow":["GET"]}}],"collection":[{"href":"https:\/\/ngoniabay.com\/de\/wp-json\/wp\/v2\/pages"}],"about":[{"href":"https:\/\/ngoniabay.com\/de\/wp-json\/wp\/v2\/types\/page"}],"author":[{"embeddable":true,"href":"https:\/\/ngoniabay.com\/de\/wp-json\/wp\/v2\/users\/1"}],"replies":[{"embeddable":true,"href":"https:\/\/ngoniabay.com\/de\/wp-json\/wp\/v2\/comments?post=4759"}],"version-history":[{"count":1,"href":"https:\/\/ngoniabay.com\/de\/wp-json\/wp\/v2\/pages\/4759\/revisions"}],"predecessor-version":[{"id":12789,"href":"https:\/\/ngoniabay.com\/de\/wp-json\/wp\/v2\/pages\/4759\/revisions\/12789"}],"wp:featuredmedia":[{"embeddable":true,"href":"https:\/\/ngoniabay.com\/de\/wp-json\/wp\/v2\/media\/10655"}],"wp:attachment":[{"href":"https:\/\/ngoniabay.com\/de\/wp-json\/wp\/v2\/media?parent=4759"}],"curies":[{"name":"wp","href":"https:\/\/api.w.org\/{rel}","templated":true}]}}