
{"id":4773,"date":"2019-03-02T10:34:19","date_gmt":"2019-03-02T10:34:19","guid":{"rendered":"https:\/\/ngoniabay.com\/?page_id=4773"},"modified":"2022-07-30T09:24:54","modified_gmt":"2022-07-30T09:24:54","slug":"tindari-und-marinello","status":"publish","type":"page","link":"https:\/\/ngoniabay.com\/de\/tindari-und-marinello\/","title":{"rendered":"Tindari und Marinello"},"content":{"rendered":"<div class=\"wpb-content-wrapper\"><div data-eltd-parallax-speed=\"1\" class=\"vc_row wpb_row vc_row-fluid eltd-section eltd-content-aligment-center eltd-grid-section\" style=\"\"><div class=\"clearfix eltd-section-inner\"><div class=\"eltd-section-inner-margin clearfix\"><div class=\"wpb_column vc_column_container vc_col-sm-12 vc_col-lg-offset-2 vc_col-lg-8\"><div class=\"vc_column-inner\"><div class=\"wpb_wrapper\"><div class=\"vc_empty_space\"   style=\"height: 22px\"><span class=\"vc_empty_space_inner\"><\/span><\/div><div class=\"eltd-section-title-outer-holder animate\" style=\"text-align: center\">\n\t<div class=\"eltd-section-title-subtitle-holder\">\n\t\t<h3 class=\"eltd-section-subtitle\" style=\";\">entdecken<\/h3>\n\t<\/div>\n\t<div class=\"eltd-section-title-holder\">\n\t\t<h2 class=\"eltd-section-title\" style=\";\">Tindari und Marinello<\/h2>\n\t<\/div>\n<\/div><div class=\"vc_empty_space\"   style=\"height: 60px\"><span class=\"vc_empty_space_inner\"><\/span><\/div><\/div><\/div><\/div><\/div><\/div><\/div><div data-eltd-parallax-speed=\"1\" class=\"vc_row wpb_row vc_row-fluid eltd-section eltd-content-aligment-left eltd-grid-section\" style=\"\"><div class=\"clearfix eltd-section-inner\"><div class=\"eltd-section-inner-margin clearfix\"><div class=\"wpb_column vc_column_container vc_col-sm-6\"><div class=\"vc_column-inner\"><div class=\"wpb_wrapper\"><div class=\"vc_empty_space\"   style=\"height: 12px\"><span class=\"vc_empty_space_inner\"><\/span><\/div>\n\t<div  class=\"wpb_single_image wpb_content_element vc_align_left wpb_content_element\">\n\t\t\n\t\t<figure class=\"wpb_wrapper vc_figure\">\n\t\t\t<div class=\"vc_single_image-wrapper   vc_box_border_grey\"><img decoding=\"async\" class=\"vc_single_image-img\" src=\"https:\/\/ngoniabay.com\/wp-content\/uploads\/2019\/03\/1-800x700.jpg\" width=\"800\" height=\"700\" alt=\"Standard\" title=\"Standard\" loading=\"lazy\" \/><\/div>\n\t\t<\/figure>\n\t<\/div>\n<div data-eltd-parallax-speed=\"1\" class=\"vc_row wpb_row vc_inner vc_row-fluid eltd-section eltd-content-aligment-left\" style=\"\"><div class=\"eltd-full-section-inner\"><div class=\"wpb_column vc_column_container vc_col-sm-6\"><div class=\"vc_column-inner\"><div class=\"wpb_wrapper\"><div class=\"vc_empty_space\"   style=\"height: 12px\"><span class=\"vc_empty_space_inner\"><\/span><\/div><\/div><\/div><\/div><div class=\"wpb_column vc_column_container vc_col-sm-6\"><div class=\"vc_column-inner\"><div class=\"wpb_wrapper\"><div class=\"vc_empty_space\"   style=\"height: 12px\"><span class=\"vc_empty_space_inner\"><\/span><\/div><\/div><\/div><\/div><\/div><\/div><\/div><\/div><\/div><div class=\"wpb_column vc_column_container vc_col-sm-6\"><div class=\"vc_column-inner\"><div class=\"wpb_wrapper\">\n\t<div class=\"wpb_text_column wpb_content_element\" >\n\t\t<div class=\"wpb_wrapper\">\n\t\t\t<blockquote><p>\n\"Tindari, ich kenne dich unter den weiten, h\u00e4ngenden H\u00fcgeln an den Gew\u00e4ssern der s\u00fc\u00dfen Inseln Gottes, heute \u00fcberfalle mich und beuge dich in mein Herz...\" S. Quasimodo.\n<\/p><\/blockquote>\n<p>Mythos, Kunst, Kultur, m\u00e4rchenhafte Landschaften: das ist Tindari, ein angenehmer Ort am Golf von Patti in der gleichnamigen Gemeinde in der Provinz Messina.<br \/>\nDie antike Stadt Tindari wurde 396 v. Chr. von syrakusanischen S\u00f6ldnern im Krieg gegen Karthago auf Gehei\u00df des Dionysios von Syrakus gegr\u00fcndet und verdankt ihren Namen dem K\u00f6nig Tindaro von Sparta.<\/p>\n<p>Das Heiligtum der Schwarzen Madonna ist die Hauptattraktion von Tindari. Sie befindet sich am \u00f6stlichen Ende der Landzunge, mit Blick auf das Meer, auf der antiken Akropolis, wo eine kleine Kirche auf den \u00dcberresten der verlassenen Stadt errichtet wurde.<\/p>\n<p>Am Fu\u00dfe des Vorgebirges, auf dem sich das Heiligtum von Tindari befindet, liegen die Laghetti di Marinello, ein Meeresarm von au\u00dfergew\u00f6hnlicher Sch\u00f6nheit. Es handelt sich um eine gro\u00dfe Sandfl\u00e4che mit kleinen Brackwasserseen, die sich durch die Gezeiten st\u00e4ndig ver\u00e4ndern.<\/p>\n\n\t\t<\/div>\n\t<\/div>\n<div class=\"vc_empty_space\"   style=\"height: 32px\"><span class=\"vc_empty_space_inner\"><\/span><\/div><\/div><\/div><\/div><\/div><\/div><\/div><div data-eltd-parallax-speed=\"1\" class=\"vc_row wpb_row vc_row-fluid eltd-section eltd-content-aligment-center eltd-grid-section\" style=\"\"><div class=\"clearfix eltd-section-inner\"><div class=\"eltd-section-inner-margin clearfix\"><div class=\"wpb_column vc_column_container vc_col-sm-6\"><div class=\"vc_column-inner\"><div class=\"wpb_wrapper\"><div class=\"vc_empty_space\"   style=\"height: 50px\"><span class=\"vc_empty_space_inner\"><\/span><\/div>\n\t<div  class=\"wpb_single_image wpb_content_element vc_align_left wpb_content_element\">\n\t\t\n\t\t<figure class=\"wpb_wrapper vc_figure\">\n\t\t\t<div class=\"vc_single_image-wrapper   vc_box_border_grey\"><img decoding=\"async\" class=\"vc_single_image-img\" src=\"https:\/\/ngoniabay.com\/wp-content\/uploads\/2019\/03\/2-600x400.jpg\" width=\"600\" height=\"400\" alt=\"2\" title=\"2\" loading=\"lazy\" \/><\/div>\n\t\t<\/figure>\n\t<\/div>\n<\/div><\/div><\/div><div class=\"wpb_column vc_column_container vc_col-sm-6\"><div class=\"vc_column-inner\"><div class=\"wpb_wrapper\"><div class=\"vc_empty_space\"   style=\"height: 50px\"><span class=\"vc_empty_space_inner\"><\/span><\/div>\n\t<div  class=\"wpb_single_image wpb_content_element vc_align_left wpb_content_element\">\n\t\t\n\t\t<figure class=\"wpb_wrapper vc_figure\">\n\t\t\t<div class=\"vc_single_image-wrapper   vc_box_border_grey\"><img decoding=\"async\" class=\"vc_single_image-img\" src=\"https:\/\/ngoniabay.com\/wp-content\/uploads\/2019\/03\/36-600x400.jpg\" width=\"600\" height=\"400\" alt=\"36\" title=\"36\" loading=\"lazy\" \/><\/div>\n\t\t<\/figure>\n\t<\/div>\n<\/div><\/div><\/div><\/div><\/div><\/div><div data-eltd-parallax-speed=\"1\" class=\"vc_row wpb_row vc_row-fluid eltd-section eltd-content-aligment-center eltd-grid-section\" style=\"\"><div class=\"clearfix eltd-section-inner\"><div class=\"eltd-section-inner-margin clearfix\"><div class=\"wpb_column vc_column_container vc_col-sm-6\"><div class=\"vc_column-inner\"><div class=\"wpb_wrapper\"><div class=\"vc_empty_space\"   style=\"height: 20px\"><span class=\"vc_empty_space_inner\"><\/span><\/div>\n\t<div  class=\"wpb_single_image wpb_content_element vc_align_left wpb_content_element\">\n\t\t\n\t\t<figure class=\"wpb_wrapper vc_figure\">\n\t\t\t<div class=\"vc_single_image-wrapper   vc_box_border_grey\"><img decoding=\"async\" class=\"vc_single_image-img\" src=\"https:\/\/ngoniabay.com\/wp-content\/uploads\/2019\/03\/27-600x400.jpg\" width=\"600\" height=\"400\" alt=\"27\" title=\"27\" loading=\"lazy\" \/><\/div>\n\t\t<\/figure>\n\t<\/div>\n<\/div><\/div><\/div><div class=\"wpb_column vc_column_container vc_col-sm-6\"><div class=\"vc_column-inner\"><div class=\"wpb_wrapper\"><div class=\"vc_empty_space\"   style=\"height: 20px\"><span class=\"vc_empty_space_inner\"><\/span><\/div>\n\t<div  class=\"wpb_single_image wpb_content_element vc_align_left wpb_content_element\">\n\t\t\n\t\t<figure class=\"wpb_wrapper vc_figure\">\n\t\t\t<a class=\"\" data-lightbox=\"lightbox[rel-4773-2165965521]\" href=\"https:\/\/ngoniabay.com\/wp-content\/uploads\/2019\/07\/foto-148-1024x683.jpg\" target=\"_self\"><img decoding=\"async\" class=\"vc_single_image-img\" src=\"https:\/\/ngoniabay.com\/wp-content\/uploads\/2019\/07\/foto-148-600x400.jpg\" width=\"600\" height=\"400\" alt=\"Foto-148\" title=\"Foto-148\" loading=\"lazy\" \/><\/a>\n\t\t<\/figure>\n\t<\/div>\n<\/div><\/div><\/div><\/div><\/div><\/div><div data-eltd-parallax-speed=\"1\" class=\"vc_row wpb_row vc_row-fluid eltd-section eltd-content-aligment-center eltd-grid-section\" style=\"\"><div class=\"clearfix eltd-section-inner\"><div class=\"eltd-section-inner-margin clearfix\"><div class=\"wpb_column vc_column_container vc_col-sm-6\"><div class=\"vc_column-inner\"><div class=\"wpb_wrapper\"><div class=\"vc_empty_space\"   style=\"height: 20px\"><span class=\"vc_empty_space_inner\"><\/span><\/div>\n\t<div  class=\"wpb_single_image wpb_content_element vc_align_left wpb_content_element\">\n\t\t\n\t\t<figure class=\"wpb_wrapper vc_figure\">\n\t\t\t<div class=\"vc_single_image-wrapper   vc_box_border_grey\"><img decoding=\"async\" class=\"vc_single_image-img\" src=\"https:\/\/ngoniabay.com\/wp-content\/uploads\/2019\/03\/16-600x400.jpg\" width=\"600\" height=\"400\" alt=\"16\" title=\"16\" loading=\"lazy\" \/><\/div>\n\t\t<\/figure>\n\t<\/div>\n<\/div><\/div><\/div><div class=\"wpb_column vc_column_container vc_col-sm-6\"><div class=\"vc_column-inner\"><div class=\"wpb_wrapper\"><div class=\"vc_empty_space\"   style=\"height: 20px\"><span class=\"vc_empty_space_inner\"><\/span><\/div>\n\t<div  class=\"wpb_single_image wpb_content_element vc_align_left wpb_content_element\">\n\t\t\n\t\t<figure class=\"wpb_wrapper vc_figure\">\n\t\t\t<div class=\"vc_single_image-wrapper   vc_box_border_grey\"><img decoding=\"async\" class=\"vc_single_image-img\" src=\"https:\/\/ngoniabay.com\/wp-content\/uploads\/2019\/03\/10-600x400.jpg\" width=\"600\" height=\"400\" alt=\"10\" title=\"10\" loading=\"lazy\" \/><\/div>\n\t\t<\/figure>\n\t<\/div>\n<\/div><\/div><\/div><\/div><\/div><\/div><div data-eltd-parallax-speed=\"1\" class=\"vc_row wpb_row vc_row-fluid eltd-section eltd-content-aligment-center eltd-grid-section\" style=\"\"><div class=\"clearfix eltd-section-inner\"><div class=\"eltd-section-inner-margin clearfix\"><div class=\"wpb_column vc_column_container vc_col-sm-6\"><div class=\"vc_column-inner\"><div class=\"wpb_wrapper\"><div class=\"vc_empty_space\"   style=\"height: 20px\"><span class=\"vc_empty_space_inner\"><\/span><\/div>\n\t<div  class=\"wpb_single_image wpb_content_element vc_align_left wpb_content_element\">\n\t\t\n\t\t<figure class=\"wpb_wrapper vc_figure\">\n\t\t\t<div class=\"vc_single_image-wrapper   vc_box_border_grey\"><img decoding=\"async\" class=\"vc_single_image-img\" src=\"https:\/\/ngoniabay.com\/wp-content\/uploads\/2019\/03\/19-600x400.jpg\" width=\"600\" height=\"400\" alt=\"19\" title=\"19\" loading=\"lazy\" \/><\/div>\n\t\t<\/figure>\n\t<\/div>\n<\/div><\/div><\/div><div class=\"wpb_column vc_column_container vc_col-sm-6\"><div class=\"vc_column-inner\"><div class=\"wpb_wrapper\"><div class=\"vc_empty_space\"   style=\"height: 20px\"><span class=\"vc_empty_space_inner\"><\/span><\/div>\n\t<div  class=\"wpb_single_image wpb_content_element vc_align_left wpb_content_element\">\n\t\t\n\t\t<figure class=\"wpb_wrapper vc_figure\">\n\t\t\t<a class=\"\" data-lightbox=\"lightbox[rel-4773-1587596000]\" href=\"https:\/\/ngoniabay.com\/wp-content\/uploads\/2019\/07\/foto-226-1024x683.jpg\" target=\"_self\"><img decoding=\"async\" class=\"vc_single_image-img\" src=\"https:\/\/ngoniabay.com\/wp-content\/uploads\/2019\/07\/foto-226-600x400.jpg\" width=\"600\" height=\"400\" alt=\"Foto-226\" title=\"Foto-226\" loading=\"lazy\" \/><\/a>\n\t\t<\/figure>\n\t<\/div>\n<\/div><\/div><\/div><\/div><\/div><\/div><div data-eltd-parallax-speed=\"1\" class=\"vc_row wpb_row vc_row-fluid eltd-section eltd-content-aligment-left eltd-grid-section\" style=\"\"><div class=\"clearfix eltd-section-inner\"><div class=\"eltd-section-inner-margin clearfix\"><div class=\"wpb_column vc_column_container vc_col-sm-12\"><div class=\"vc_column-inner\"><div class=\"wpb_wrapper\"><div class=\"vc_empty_space\"   style=\"height: 10px\"><span class=\"vc_empty_space_inner\"><\/span><\/div>\n\t<div  class=\"wpb_single_image wpb_content_element vc_align_center wpb_content_element\">\n\t\t\n\t\t<figure class=\"wpb_wrapper vc_figure\">\n\t\t\t<div class=\"vc_single_image-wrapper   vc_box_border_grey\"><img decoding=\"async\" class=\"vc_single_image-img\" src=\"https:\/\/ngoniabay.com\/wp-content\/uploads\/2019\/02\/ngonia-logo-2-200x200.png\" width=\"200\" height=\"200\" alt=\"ngonia-Logo\" title=\"ngonia-Logo\" loading=\"lazy\" \/><\/div>\n\t\t<\/figure>\n\t<\/div>\n<div class=\"vc_empty_space\"   style=\"height: 50px\"><span class=\"vc_empty_space_inner\"><\/span><\/div><\/div><\/div><\/div><\/div><\/div><\/div>\n<\/div>","protected":false},"excerpt":{"rendered":"Tindari und Marinello entdecken \"Tindari, ich kenne dich unter den weiten H\u00fcgeln, die \u00fcber den Wassern der s\u00fc\u00dfen Inseln Gottes h\u00e4ngen, heute st\u00fcrmst du mich und beugst dich in mein Herz...\" S. Quasimodo. Mythos, Kunst, Kultur, m\u00e4rchenhafte Landschaften: das ist Tindari, ein angenehmer Ort im Golf von Patti, der zu den gleichnamigen...","protected":false},"author":1,"featured_media":0,"parent":0,"menu_order":0,"comment_status":"closed","ping_status":"closed","template":"full-width.php","meta":{"om_disable_all_campaigns":false,"footnotes":""},"class_list":["post-4773","page","type-page","status-publish","hentry"],"acf":[],"yoast_head":"<!-- This site is optimized with the Yoast SEO Premium plugin v25.2 (Yoast SEO v25.3) - https:\/\/yoast.com\/wordpress\/plugins\/seo\/ -->\n<title>Tindari e Marinello - Ngonia Bay<\/title>\n<meta name=\"description\" content=\"Mito, arte, cultura, paesaggi da fiaba: questa \u00e8 Tindari, amena localit\u00e0 nel golfo di Patti situata all&#039;interno dell&#039;omonimo comune in provincia di Messina.Fondata nel 396 a.c. da mercenari siracusani della guerra contro Cartagine per volere di Dionisio di Siracusa, l&#039;antica citt\u00e0 di Tindari deve il suo nome a Tindaro re di Sparta.\" \/>\n<meta name=\"robots\" content=\"index, follow, max-snippet:-1, max-image-preview:large, max-video-preview:-1\" \/>\n<link rel=\"canonical\" href=\"https:\/\/ngoniabay.com\/de\/tindari-und-marinello\/\" \/>\n<meta property=\"og:locale\" content=\"de_DE\" \/>\n<meta property=\"og:type\" content=\"article\" \/>\n<meta property=\"og:title\" content=\"Tindari e Marinello\" \/>\n<meta property=\"og:description\" content=\"Mito, arte, cultura, paesaggi da fiaba: questa \u00e8 Tindari, amena localit\u00e0 nel golfo di Patti situata all&#039;interno dell&#039;omonimo comune in provincia di Messina.Fondata nel 396 a.c. da mercenari siracusani della guerra contro Cartagine per volere di Dionisio di Siracusa, l&#039;antica citt\u00e0 di Tindari deve il suo nome a Tindaro re di Sparta.\" \/>\n<meta property=\"og:url\" content=\"https:\/\/ngoniabay.com\/de\/tindari-und-marinello\/\" \/>\n<meta property=\"og:site_name\" content=\"Ngonia Bay\" \/>\n<meta property=\"article:modified_time\" content=\"2022-07-30T09:24:54+00:00\" \/>\n<meta name=\"twitter:card\" content=\"summary_large_image\" \/>\n<meta name=\"twitter:label1\" content=\"Gesch\u00e4tzte Lesezeit\" \/>\n\t<meta name=\"twitter:data1\" content=\"3\u00a0Minuten\" \/>\n<script type=\"application\/ld+json\" class=\"yoast-schema-graph\">{\"@context\":\"https:\/\/schema.org\",\"@graph\":[{\"@type\":\"WebPage\",\"@id\":\"https:\/\/ngoniabay.com\/de\/tindari-und-marinello\/\",\"url\":\"https:\/\/ngoniabay.com\/de\/tindari-und-marinello\/\",\"name\":\"Tindari e Marinello - Ngonia Bay\",\"isPartOf\":{\"@id\":\"https:\/\/ngoniabay.com\/de\/#website\"},\"datePublished\":\"2019-03-02T10:34:19+00:00\",\"dateModified\":\"2022-07-30T09:24:54+00:00\",\"description\":\"Mito, arte, cultura, paesaggi da fiaba: questa \u00e8 Tindari, amena localit\u00e0 nel golfo di Patti situata all'interno dell'omonimo comune in provincia di Messina.Fondata nel 396 a.c. da mercenari siracusani della guerra contro Cartagine per volere di Dionisio di Siracusa, l'antica citt\u00e0 di Tindari deve il suo nome a Tindaro re di Sparta.\",\"breadcrumb\":{\"@id\":\"https:\/\/ngoniabay.com\/de\/tindari-und-marinello\/#breadcrumb\"},\"inLanguage\":\"de\",\"potentialAction\":[{\"@type\":\"ReadAction\",\"target\":[\"https:\/\/ngoniabay.com\/de\/tindari-und-marinello\/\"]}]},{\"@type\":\"BreadcrumbList\",\"@id\":\"https:\/\/ngoniabay.com\/de\/tindari-und-marinello\/#breadcrumb\",\"itemListElement\":[{\"@type\":\"ListItem\",\"position\":1,\"name\":\"Home\",\"item\":\"https:\/\/ngoniabay.com\/\"},{\"@type\":\"ListItem\",\"position\":2,\"name\":\"Tindari e Marinello\"}]},{\"@type\":\"WebSite\",\"@id\":\"https:\/\/ngoniabay.com\/de\/#website\",\"url\":\"https:\/\/ngoniabay.com\/de\/\",\"name\":\"Ngonia Bay\",\"description\":\"Ngonia Bay\",\"potentialAction\":[{\"@type\":\"SearchAction\",\"target\":{\"@type\":\"EntryPoint\",\"urlTemplate\":\"https:\/\/ngoniabay.com\/de\/?s={search_term_string}\"},\"query-input\":{\"@type\":\"PropertyValueSpecification\",\"valueRequired\":true,\"valueName\":\"search_term_string\"}}],\"inLanguage\":\"de\"}]}<\/script>\n<!-- \/ Yoast SEO Premium plugin. -->","yoast_head_json":{"title":"Tindari e Marinello - Ngonia Bay","description":"Mito, arte, cultura, paesaggi da fiaba: questa \u00e8 Tindari, amena localit\u00e0 nel golfo di Patti situata all'interno dell'omonimo comune in provincia di Messina.Fondata nel 396 a.c. da mercenari siracusani della guerra contro Cartagine per volere di Dionisio di Siracusa, l'antica citt\u00e0 di Tindari deve il suo nome a Tindaro re di Sparta.","robots":{"index":"index","follow":"follow","max-snippet":"max-snippet:-1","max-image-preview":"max-image-preview:large","max-video-preview":"max-video-preview:-1"},"canonical":"https:\/\/ngoniabay.com\/de\/tindari-und-marinello\/","og_locale":"de_DE","og_type":"article","og_title":"Tindari e Marinello","og_description":"Mito, arte, cultura, paesaggi da fiaba: questa \u00e8 Tindari, amena localit\u00e0 nel golfo di Patti situata all'interno dell'omonimo comune in provincia di Messina.Fondata nel 396 a.c. da mercenari siracusani della guerra contro Cartagine per volere di Dionisio di Siracusa, l'antica citt\u00e0 di Tindari deve il suo nome a Tindaro re di Sparta.","og_url":"https:\/\/ngoniabay.com\/de\/tindari-und-marinello\/","og_site_name":"Ngonia Bay","article_modified_time":"2022-07-30T09:24:54+00:00","twitter_card":"summary_large_image","twitter_misc":{"Gesch\u00e4tzte Lesezeit":"3\u00a0Minuten"},"schema":{"@context":"https:\/\/schema.org","@graph":[{"@type":"WebPage","@id":"https:\/\/ngoniabay.com\/de\/tindari-und-marinello\/","url":"https:\/\/ngoniabay.com\/de\/tindari-und-marinello\/","name":"Tindari e Marinello - Ngonia Bay","isPartOf":{"@id":"https:\/\/ngoniabay.com\/de\/#website"},"datePublished":"2019-03-02T10:34:19+00:00","dateModified":"2022-07-30T09:24:54+00:00","description":"Mito, arte, cultura, paesaggi da fiaba: questa \u00e8 Tindari, amena localit\u00e0 nel golfo di Patti situata all'interno dell'omonimo comune in provincia di Messina.Fondata nel 396 a.c. da mercenari siracusani della guerra contro Cartagine per volere di Dionisio di Siracusa, l'antica citt\u00e0 di Tindari deve il suo nome a Tindaro re di Sparta.","breadcrumb":{"@id":"https:\/\/ngoniabay.com\/de\/tindari-und-marinello\/#breadcrumb"},"inLanguage":"de","potentialAction":[{"@type":"ReadAction","target":["https:\/\/ngoniabay.com\/de\/tindari-und-marinello\/"]}]},{"@type":"BreadcrumbList","@id":"https:\/\/ngoniabay.com\/de\/tindari-und-marinello\/#breadcrumb","itemListElement":[{"@type":"ListItem","position":1,"name":"Home","item":"https:\/\/ngoniabay.com\/"},{"@type":"ListItem","position":2,"name":"Tindari e Marinello"}]},{"@type":"WebSite","@id":"https:\/\/ngoniabay.com\/de\/#website","url":"https:\/\/ngoniabay.com\/de\/","name":"Ngonia Bay","description":"Ngonia Bay","potentialAction":[{"@type":"SearchAction","target":{"@type":"EntryPoint","urlTemplate":"https:\/\/ngoniabay.com\/de\/?s={search_term_string}"},"query-input":{"@type":"PropertyValueSpecification","valueRequired":true,"valueName":"search_term_string"}}],"inLanguage":"de"}]}},"_links":{"self":[{"href":"https:\/\/ngoniabay.com\/de\/wp-json\/wp\/v2\/pages\/4773","targetHints":{"allow":["GET"]}}],"collection":[{"href":"https:\/\/ngoniabay.com\/de\/wp-json\/wp\/v2\/pages"}],"about":[{"href":"https:\/\/ngoniabay.com\/de\/wp-json\/wp\/v2\/types\/page"}],"author":[{"embeddable":true,"href":"https:\/\/ngoniabay.com\/de\/wp-json\/wp\/v2\/users\/1"}],"replies":[{"embeddable":true,"href":"https:\/\/ngoniabay.com\/de\/wp-json\/wp\/v2\/comments?post=4773"}],"version-history":[{"count":0,"href":"https:\/\/ngoniabay.com\/de\/wp-json\/wp\/v2\/pages\/4773\/revisions"}],"wp:attachment":[{"href":"https:\/\/ngoniabay.com\/de\/wp-json\/wp\/v2\/media?parent=4773"}],"curies":[{"name":"wp","href":"https:\/\/api.w.org\/{rel}","templated":true}]}}