
{"id":4968,"date":"2019-04-09T08:36:31","date_gmt":"2019-04-09T08:36:31","guid":{"rendered":"https:\/\/ngoniabay.com\/?page_id=4968"},"modified":"2025-05-23T09:53:11","modified_gmt":"2025-05-23T07:53:11","slug":"montalbano","status":"publish","type":"page","link":"http:\/\/ngoniabay.com\/de\/montalbano\/","title":{"rendered":"Montalbano Elicona"},"content":{"rendered":"<div class=\"wpb-content-wrapper\"><div data-eltd-parallax-speed=\"1\" class=\"vc_row wpb_row vc_row-fluid eltd-section eltd-content-aligment-center eltd-grid-section\" style=\"\"><div class=\"clearfix eltd-section-inner\"><div class=\"eltd-section-inner-margin clearfix\"><div class=\"wpb_column vc_column_container vc_col-sm-12 vc_col-lg-offset-2 vc_col-lg-8\"><div class=\"vc_column-inner\"><div class=\"wpb_wrapper\"><div class=\"vc_empty_space\"   style=\"height: 22px\"><span class=\"vc_empty_space_inner\"><\/span><\/div><div class=\"eltd-section-title-outer-holder animate\" style=\"text-align: center\">\n\t<div class=\"eltd-section-title-subtitle-holder\">\n\t\t<h3 class=\"eltd-section-subtitle\" style=\";\">entdecken<\/h3>\n\t<\/div>\n\t<div class=\"eltd-section-title-holder\">\n\t\t<h2 class=\"eltd-section-title\" style=\";\">Montalbano Elicona<\/h2>\n\t<\/div>\n<\/div><div class=\"vc_empty_space\"   style=\"height: 60px\"><span class=\"vc_empty_space_inner\"><\/span><\/div><\/div><\/div><\/div><\/div><\/div><\/div><div data-eltd-parallax-speed=\"1\" class=\"vc_row wpb_row vc_row-fluid eltd-section eltd-content-aligment-left eltd-grid-section\" style=\"\"><div class=\"clearfix eltd-section-inner\"><div class=\"eltd-section-inner-margin clearfix\"><div class=\"wpb_column vc_column_container vc_col-sm-6\"><div class=\"vc_column-inner\"><div class=\"wpb_wrapper\">\n\t<div  class=\"wpb_single_image wpb_content_element vc_align_left wpb_content_element\">\n\t\t\n\t\t<figure class=\"wpb_wrapper vc_figure\">\n\t\t\t<div class=\"vc_single_image-wrapper   vc_box_border_grey\"><img decoding=\"async\" class=\"vc_single_image-img\" src=\"https:\/\/ngoniabay.com\/wp-content\/uploads\/2019\/06\/08_montalbano_elicona_megaliti_oly.jpg\" width=\"644\" height=\"439\" alt=\"08_montalbano_elicona_megaliti_oly\" title=\"08_montalbano_elicona_megaliti_oly\" loading=\"lazy\" \/><\/div>\n\t\t<\/figure>\n\t<\/div>\n<div data-eltd-parallax-speed=\"1\" class=\"vc_row wpb_row vc_inner vc_row-fluid eltd-section eltd-content-aligment-left\" style=\"\"><div class=\"eltd-full-section-inner\"><div class=\"wpb_column vc_column_container vc_col-sm-6\"><div class=\"vc_column-inner\"><div class=\"wpb_wrapper\"><div class=\"vc_empty_space\"   style=\"height: 12px\"><span class=\"vc_empty_space_inner\"><\/span><\/div><\/div><\/div><\/div><div class=\"wpb_column vc_column_container vc_col-sm-6\"><div class=\"vc_column-inner\"><div class=\"wpb_wrapper\"><div class=\"vc_empty_space\"   style=\"height: 12px\"><span class=\"vc_empty_space_inner\"><\/span><\/div><\/div><\/div><\/div><\/div><\/div><\/div><\/div><\/div><div class=\"wpb_column vc_column_container vc_col-sm-6\"><div class=\"vc_column-inner\"><div class=\"wpb_wrapper\">\n\t<div class=\"wpb_text_column wpb_content_element\" >\n\t\t<div class=\"wpb_wrapper\">\n\t\t\t<p>Ob zu Fu\u00df oder zu Pferd, auf stimmungsvollen Pfaden, entlang von B\u00e4chen oder klaren Seen, das Gebiet von Montalbano bietet angenehme Ausfl\u00fcge in die Natur, um faszinierende Landschaften und geheimnisvolle \u00dcberreste alter Zivilisationen zu entdecken. Die Festungen von Argimusco mit ihren Megalithen, die kuriosen Hirtenh\u00fctten, die c\u00f9bburi, die Wasserm\u00fchlen, die Dolmen und der Wald von Malabotta sind ein Ziel, das man nicht verpassen sollte. In Argimusco gibt es einen Megalithkomplex, der aus riesigen Felsbrocken ungewisser Herkunft besteht und m\u00f6glicherweise die \u00dcberreste eines pr\u00e4historischen Dorfes darstellt.<\/p>\n<p>Von gro\u00dfem ethno-anthropologischem Interesse sind die c\u00f9bburi, bei denen es sich um milit\u00e4rische Posten eines ionisch-tyrrhenischen Kommunikationssystems handeln k\u00f6nnte, aber eher um vorromanische Schutzh\u00fctten, wahre Meisterwerke l\u00e4ndlicher Ingenieurskunst, die einen wirksamen Schutz gegen die K\u00e4lte gew\u00e4hrleisten. Um sie zu bewundern, muss man die Hochebene von Polverello erreichen.<\/p>\n<p>Schlie\u00dflich ist der Wald von Malabotta, der vor kurzem zum Naturschutzgebiet erkl\u00e4rt wurde, eine Entdeckung wert. Jahrhundertealte B\u00e4ume, dichtes Stechpalmengestr\u00fcpp und das gelegentliche Pl\u00e4tschern eines Baches bilden die verf\u00fchrerische Kulisse einer noch unber\u00fchrten Umgebung. Inmitten von Buchen, Eichen, Kiefern und Kastanienb\u00e4umen leben ungest\u00f6rt F\u00fcchse, Siebenschl\u00e4fer, Wildschweine, Marder, Raubv\u00f6gel und im h\u00f6chsten Teil des Waldes sogar der Steinadler.<\/p>\n\n\t\t<\/div>\n\t<\/div>\n<div class=\"vc_empty_space\"   style=\"height: 32px\"><span class=\"vc_empty_space_inner\"><\/span><\/div><\/div><\/div><\/div><\/div><\/div><\/div><div data-eltd-parallax-speed=\"1\" class=\"vc_row wpb_row vc_row-fluid eltd-section eltd-content-aligment-center eltd-grid-section\" style=\"\"><div class=\"clearfix eltd-section-inner\"><div class=\"eltd-section-inner-margin clearfix\"><div class=\"wpb_column vc_column_container vc_col-sm-6\"><div class=\"vc_column-inner\"><div class=\"wpb_wrapper\"><div class=\"vc_empty_space\"   style=\"height: 50px\"><span class=\"vc_empty_space_inner\"><\/span><\/div>\n\t<div  class=\"wpb_single_image wpb_content_element vc_align_left wpb_content_element\">\n\t\t\n\t\t<figure class=\"wpb_wrapper vc_figure\">\n\t\t\t<div class=\"vc_single_image-wrapper   vc_box_border_grey\"><img decoding=\"async\" class=\"vc_single_image-img\" src=\"https:\/\/ngoniabay.com\/wp-content\/uploads\/2019\/06\/Comune-della-Sicilia-Montalbano-Elicona-argimusco2-600x400.jpg\" width=\"600\" height=\"400\" alt=\"Gemeinde Sizilien-Montalbano-Elicona-argimusco2\" title=\"Gemeinde Sizilien-Montalbano-Elicona-argimusco2\" loading=\"lazy\" \/><\/div>\n\t\t<\/figure>\n\t<\/div>\n<\/div><\/div><\/div><div class=\"wpb_column vc_column_container vc_col-sm-6\"><div class=\"vc_column-inner\"><div class=\"wpb_wrapper\"><div class=\"vc_empty_space\"   style=\"height: 50px\"><span class=\"vc_empty_space_inner\"><\/span><\/div>\n\t<div  class=\"wpb_single_image wpb_content_element vc_align_left wpb_content_element\">\n\t\t\n\t\t<figure class=\"wpb_wrapper vc_figure\">\n\t\t\t<div class=\"vc_single_image-wrapper   vc_box_border_grey\"><img decoding=\"async\" class=\"vc_single_image-img\" src=\"https:\/\/ngoniabay.com\/wp-content\/uploads\/2019\/06\/Montalbano_apre-600x400.jpg\" width=\"600\" height=\"400\" alt=\"Montalban_er\u00f6ffnet\" title=\"Montalban_er\u00f6ffnet\" loading=\"lazy\" \/><\/div>\n\t\t<\/figure>\n\t<\/div>\n<\/div><\/div><\/div><\/div><\/div><\/div><div data-eltd-parallax-speed=\"1\" class=\"vc_row wpb_row vc_row-fluid eltd-section eltd-content-aligment-center eltd-grid-section\" style=\"\"><div class=\"clearfix eltd-section-inner\"><div class=\"eltd-section-inner-margin clearfix\"><div class=\"wpb_column vc_column_container vc_col-sm-6\"><div class=\"vc_column-inner\"><div class=\"wpb_wrapper\"><div class=\"vc_empty_space\"   style=\"height: 20px\"><span class=\"vc_empty_space_inner\"><\/span><\/div>\n\t<div  class=\"wpb_single_image wpb_content_element vc_align_left wpb_content_element\">\n\t\t\n\t\t<figure class=\"wpb_wrapper vc_figure\">\n\t\t\t<div class=\"vc_single_image-wrapper   vc_box_border_grey\"><img decoding=\"async\" class=\"vc_single_image-img\" src=\"https:\/\/ngoniabay.com\/wp-content\/uploads\/2019\/06\/shutterstock_1270685683-600x400.jpg\" width=\"600\" height=\"400\" alt=\"shutterstock_1270685683\" title=\"shutterstock_1270685683\" loading=\"lazy\" \/><\/div>\n\t\t<\/figure>\n\t<\/div>\n<\/div><\/div><\/div><div class=\"wpb_column vc_column_container vc_col-sm-6\"><div class=\"vc_column-inner\"><div class=\"wpb_wrapper\"><div class=\"vc_empty_space\"   style=\"height: 20px\"><span class=\"vc_empty_space_inner\"><\/span><\/div>\n\t<div  class=\"wpb_single_image wpb_content_element vc_align_left wpb_content_element\">\n\t\t\n\t\t<figure class=\"wpb_wrapper vc_figure\">\n\t\t\t<div class=\"vc_single_image-wrapper   vc_box_border_grey\"><img decoding=\"async\" class=\"vc_single_image-img\" src=\"https:\/\/ngoniabay.com\/wp-content\/uploads\/2019\/06\/montalbano-elicona-thinkstock-600x400.jpg\" width=\"600\" height=\"400\" alt=\"montalbano-elicona-thinkstock\" title=\"montalbano-elicona-thinkstock\" loading=\"lazy\" \/><\/div>\n\t\t<\/figure>\n\t<\/div>\n<\/div><\/div><\/div><\/div><\/div><\/div><div data-eltd-parallax-speed=\"1\" class=\"vc_row wpb_row vc_row-fluid eltd-section eltd-content-aligment-left eltd-grid-section\" style=\"\"><div class=\"clearfix eltd-section-inner\"><div class=\"eltd-section-inner-margin clearfix\"><div class=\"wpb_column vc_column_container vc_col-sm-12\"><div class=\"vc_column-inner\"><div class=\"wpb_wrapper\"><div class=\"vc_empty_space\"   style=\"height: 10px\"><span class=\"vc_empty_space_inner\"><\/span><\/div>\n\t<div  class=\"wpb_single_image wpb_content_element vc_align_center wpb_content_element\">\n\t\t\n\t\t<figure class=\"wpb_wrapper vc_figure\">\n\t\t\t<div class=\"vc_single_image-wrapper   vc_box_border_grey\"><img decoding=\"async\" class=\"vc_single_image-img\" src=\"https:\/\/ngoniabay.com\/wp-content\/uploads\/2019\/02\/ngonia-logo-2-200x200.png\" width=\"200\" height=\"200\" alt=\"ngonia-Logo\" title=\"ngonia-Logo\" loading=\"lazy\" \/><\/div>\n\t\t<\/figure>\n\t<\/div>\n<div class=\"vc_empty_space\"   style=\"height: 50px\"><span class=\"vc_empty_space_inner\"><\/span><\/div><\/div><\/div><\/div><\/div><\/div><\/div>\n<\/div>","protected":false},"excerpt":{"rendered":"Entdecken Sie Montalbano Elicona Zu Fu\u00df oder zu Pferd, entlang eindrucksvoller Pfade, B\u00e4che oder kleiner Seen mit klarem Wasser, bietet das Gebiet von Montalbano angenehme naturkundliche Ausfl\u00fcge, um faszinierende Landschaften und geheimnisvolle Zeugnisse alter Zivilisationen zu entdecken. Die Festungen von Argimusco mit ihren...","protected":false},"author":1,"featured_media":11200,"parent":0,"menu_order":0,"comment_status":"closed","ping_status":"closed","template":"full-width.php","meta":{"om_disable_all_campaigns":false,"footnotes":""},"class_list":["post-4968","page","type-page","status-publish","has-post-thumbnail","hentry"],"acf":[],"yoast_head":"<!-- This site is optimized with the Yoast SEO Premium plugin v25.2 (Yoast SEO v25.3) - https:\/\/yoast.com\/wordpress\/plugins\/seo\/ -->\n<title>Montalbano Elicona - Ngonia Bay<\/title>\n<meta name=\"description\" content=\"Il territorio di Montalbano offre piacevoli escursioni naturalistiche alla scoperta di paesaggi di grande fascino e di testimonianze di antiche civilt\u00e0\" \/>\n<meta name=\"robots\" content=\"index, follow, max-snippet:-1, max-image-preview:large, max-video-preview:-1\" \/>\n<link rel=\"canonical\" href=\"http:\/\/ngoniabay.com\/de\/montalbano\/\" \/>\n<meta property=\"og:locale\" content=\"de_DE\" \/>\n<meta property=\"og:type\" content=\"article\" \/>\n<meta property=\"og:title\" content=\"Montalbano Elicona\" \/>\n<meta property=\"og:description\" content=\"Il territorio di Montalbano offre piacevoli escursioni naturalistiche alla scoperta di paesaggi di grande fascino e di testimonianze di antiche civilt\u00e0\" \/>\n<meta property=\"og:url\" content=\"http:\/\/ngoniabay.com\/de\/montalbano\/\" \/>\n<meta property=\"og:site_name\" content=\"Ngonia Bay\" \/>\n<meta property=\"article:modified_time\" content=\"2025-05-23T07:53:11+00:00\" \/>\n<meta property=\"og:image\" content=\"https:\/\/ngoniabay.com\/wp-content\/uploads\/2021\/01\/meadow-3169294_1920.jpg\" \/>\n\t<meta property=\"og:image:width\" content=\"1920\" \/>\n\t<meta property=\"og:image:height\" content=\"1280\" \/>\n\t<meta property=\"og:image:type\" content=\"image\/jpeg\" \/>\n<meta name=\"twitter:card\" content=\"summary_large_image\" \/>\n<meta name=\"twitter:label1\" content=\"Gesch\u00e4tzte Lesezeit\" \/>\n\t<meta name=\"twitter:data1\" content=\"3\u00a0Minuten\" \/>\n<script type=\"application\/ld+json\" class=\"yoast-schema-graph\">{\"@context\":\"https:\/\/schema.org\",\"@graph\":[{\"@type\":\"WebPage\",\"@id\":\"http:\/\/ngoniabay.com\/de\/montalbano\/\",\"url\":\"http:\/\/ngoniabay.com\/de\/montalbano\/\",\"name\":\"Montalbano Elicona - Ngonia Bay\",\"isPartOf\":{\"@id\":\"https:\/\/ngoniabay.com\/de\/#website\"},\"primaryImageOfPage\":{\"@id\":\"http:\/\/ngoniabay.com\/de\/montalbano\/#primaryimage\"},\"image\":{\"@id\":\"http:\/\/ngoniabay.com\/de\/montalbano\/#primaryimage\"},\"thumbnailUrl\":\"https:\/\/ngoniabay.com\/wp-content\/uploads\/2021\/01\/meadow-3169294_1920.jpg\",\"datePublished\":\"2019-04-09T08:36:31+00:00\",\"dateModified\":\"2025-05-23T07:53:11+00:00\",\"description\":\"Il territorio di Montalbano offre piacevoli escursioni naturalistiche alla scoperta di paesaggi di grande fascino e di testimonianze di antiche civilt\u00e0\",\"breadcrumb\":{\"@id\":\"http:\/\/ngoniabay.com\/de\/montalbano\/#breadcrumb\"},\"inLanguage\":\"de\",\"potentialAction\":[{\"@type\":\"ReadAction\",\"target\":[\"http:\/\/ngoniabay.com\/de\/montalbano\/\"]}]},{\"@type\":\"ImageObject\",\"inLanguage\":\"de\",\"@id\":\"http:\/\/ngoniabay.com\/de\/montalbano\/#primaryimage\",\"url\":\"https:\/\/ngoniabay.com\/wp-content\/uploads\/2021\/01\/meadow-3169294_1920.jpg\",\"contentUrl\":\"https:\/\/ngoniabay.com\/wp-content\/uploads\/2021\/01\/meadow-3169294_1920.jpg\",\"width\":1920,\"height\":1280},{\"@type\":\"BreadcrumbList\",\"@id\":\"http:\/\/ngoniabay.com\/de\/montalbano\/#breadcrumb\",\"itemListElement\":[{\"@type\":\"ListItem\",\"position\":1,\"name\":\"Home\",\"item\":\"https:\/\/ngoniabay.com\/\"},{\"@type\":\"ListItem\",\"position\":2,\"name\":\"Montalbano Elicona\"}]},{\"@type\":\"WebSite\",\"@id\":\"https:\/\/ngoniabay.com\/de\/#website\",\"url\":\"https:\/\/ngoniabay.com\/de\/\",\"name\":\"Ngonia Bay\",\"description\":\"Ngonia Bay\",\"potentialAction\":[{\"@type\":\"SearchAction\",\"target\":{\"@type\":\"EntryPoint\",\"urlTemplate\":\"https:\/\/ngoniabay.com\/de\/?s={search_term_string}\"},\"query-input\":{\"@type\":\"PropertyValueSpecification\",\"valueRequired\":true,\"valueName\":\"search_term_string\"}}],\"inLanguage\":\"de\"}]}<\/script>\n<!-- \/ Yoast SEO Premium plugin. -->","yoast_head_json":{"title":"Montalbano Elicona - Ngonia Bay","description":"Il territorio di Montalbano offre piacevoli escursioni naturalistiche alla scoperta di paesaggi di grande fascino e di testimonianze di antiche civilt\u00e0","robots":{"index":"index","follow":"follow","max-snippet":"max-snippet:-1","max-image-preview":"max-image-preview:large","max-video-preview":"max-video-preview:-1"},"canonical":"http:\/\/ngoniabay.com\/de\/montalbano\/","og_locale":"de_DE","og_type":"article","og_title":"Montalbano Elicona","og_description":"Il territorio di Montalbano offre piacevoli escursioni naturalistiche alla scoperta di paesaggi di grande fascino e di testimonianze di antiche civilt\u00e0","og_url":"http:\/\/ngoniabay.com\/de\/montalbano\/","og_site_name":"Ngonia Bay","article_modified_time":"2025-05-23T07:53:11+00:00","og_image":[{"width":1920,"height":1280,"url":"https:\/\/ngoniabay.com\/wp-content\/uploads\/2021\/01\/meadow-3169294_1920.jpg","type":"image\/jpeg"}],"twitter_card":"summary_large_image","twitter_misc":{"Gesch\u00e4tzte Lesezeit":"3\u00a0Minuten"},"schema":{"@context":"https:\/\/schema.org","@graph":[{"@type":"WebPage","@id":"http:\/\/ngoniabay.com\/de\/montalbano\/","url":"http:\/\/ngoniabay.com\/de\/montalbano\/","name":"Montalbano Elicona - Ngonia Bay","isPartOf":{"@id":"https:\/\/ngoniabay.com\/de\/#website"},"primaryImageOfPage":{"@id":"http:\/\/ngoniabay.com\/de\/montalbano\/#primaryimage"},"image":{"@id":"http:\/\/ngoniabay.com\/de\/montalbano\/#primaryimage"},"thumbnailUrl":"https:\/\/ngoniabay.com\/wp-content\/uploads\/2021\/01\/meadow-3169294_1920.jpg","datePublished":"2019-04-09T08:36:31+00:00","dateModified":"2025-05-23T07:53:11+00:00","description":"Il territorio di Montalbano offre piacevoli escursioni naturalistiche alla scoperta di paesaggi di grande fascino e di testimonianze di antiche civilt\u00e0","breadcrumb":{"@id":"http:\/\/ngoniabay.com\/de\/montalbano\/#breadcrumb"},"inLanguage":"de","potentialAction":[{"@type":"ReadAction","target":["http:\/\/ngoniabay.com\/de\/montalbano\/"]}]},{"@type":"ImageObject","inLanguage":"de","@id":"http:\/\/ngoniabay.com\/de\/montalbano\/#primaryimage","url":"https:\/\/ngoniabay.com\/wp-content\/uploads\/2021\/01\/meadow-3169294_1920.jpg","contentUrl":"https:\/\/ngoniabay.com\/wp-content\/uploads\/2021\/01\/meadow-3169294_1920.jpg","width":1920,"height":1280},{"@type":"BreadcrumbList","@id":"http:\/\/ngoniabay.com\/de\/montalbano\/#breadcrumb","itemListElement":[{"@type":"ListItem","position":1,"name":"Home","item":"https:\/\/ngoniabay.com\/"},{"@type":"ListItem","position":2,"name":"Montalbano Elicona"}]},{"@type":"WebSite","@id":"https:\/\/ngoniabay.com\/de\/#website","url":"https:\/\/ngoniabay.com\/de\/","name":"Ngonia Bay","description":"Ngonia Bay","potentialAction":[{"@type":"SearchAction","target":{"@type":"EntryPoint","urlTemplate":"https:\/\/ngoniabay.com\/de\/?s={search_term_string}"},"query-input":{"@type":"PropertyValueSpecification","valueRequired":true,"valueName":"search_term_string"}}],"inLanguage":"de"}]}},"_links":{"self":[{"href":"https:\/\/ngoniabay.com\/de\/wp-json\/wp\/v2\/pages\/4968","targetHints":{"allow":["GET"]}}],"collection":[{"href":"https:\/\/ngoniabay.com\/de\/wp-json\/wp\/v2\/pages"}],"about":[{"href":"https:\/\/ngoniabay.com\/de\/wp-json\/wp\/v2\/types\/page"}],"author":[{"embeddable":true,"href":"https:\/\/ngoniabay.com\/de\/wp-json\/wp\/v2\/users\/1"}],"replies":[{"embeddable":true,"href":"https:\/\/ngoniabay.com\/de\/wp-json\/wp\/v2\/comments?post=4968"}],"version-history":[{"count":1,"href":"https:\/\/ngoniabay.com\/de\/wp-json\/wp\/v2\/pages\/4968\/revisions"}],"predecessor-version":[{"id":12790,"href":"https:\/\/ngoniabay.com\/de\/wp-json\/wp\/v2\/pages\/4968\/revisions\/12790"}],"wp:featuredmedia":[{"embeddable":true,"href":"https:\/\/ngoniabay.com\/de\/wp-json\/wp\/v2\/media\/11200"}],"wp:attachment":[{"href":"https:\/\/ngoniabay.com\/de\/wp-json\/wp\/v2\/media?parent=4968"}],"curies":[{"name":"wp","href":"https:\/\/api.w.org\/{rel}","templated":true}]}}