
{"id":5568,"date":"2019-09-29T16:38:02","date_gmt":"2019-09-29T16:38:02","guid":{"rendered":"https:\/\/ngoniabay.com\/?page_id=5568"},"modified":"2026-03-20T21:05:07","modified_gmt":"2026-03-20T19:05:07","slug":"kontakte","status":"publish","type":"page","link":"http:\/\/ngoniabay.com\/de\/kontakte\/","title":{"rendered":"Kontakt"},"content":{"rendered":"<div class=\"wpb-content-wrapper\"><div data-eltd-parallax-speed=\"1\" class=\"vc_row wpb_row vc_row-fluid eltd-section vc_custom_1446806337695 eltd-content-aligment-left eltd-grid-section\" style=\"\"><div class=\"clearfix eltd-section-inner\"><div class=\"eltd-section-inner-margin clearfix\"><div class=\"wpb_column vc_column_container vc_col-sm-12 vc_col-md-6\"><div class=\"vc_column-inner\"><div class=\"wpb_wrapper\"><div class=\"eltd-section-title-outer-holder animate\" style=\"text-align: left\">\n\t<div class=\"eltd-section-title-subtitle-holder\">\n\t\t<h3 class=\"eltd-section-subtitle\" style=\";\"><\/h3>\n\t<\/div>\n\t<div class=\"eltd-section-title-holder\">\n\t\t<h2 class=\"eltd-section-title\" style=\";\">Ngonia Bay Hotel<\/h2>\n\t<\/div>\n<\/div><div class=\"vc_empty_space\"   style=\"height: 20px\"><span class=\"vc_empty_space_inner\"><\/span><\/div>\n\t<div class=\"wpb_text_column wpb_content_element\" >\n\t\t<div class=\"wpb_wrapper\">\n\t\t\t<div data-mapfilters=\"restaurants,attractions\">\n<p>Sehr geehrter Kunde,<\/p>\n<p>Senden Sie uns eine Nachricht f\u00fcr alle Bed\u00fcrfnisse oder Informationen \u00fcber unser Hotel und unsere Angebote<\/p>\n<\/div>\n<div data-mapfilters=\"restaurants,attractions\"><\/div>\n<div data-mapfilters=\"restaurants,attractions\"><strong>Adresse:<\/strong><\/div>\n<div class=\"is-hidden-mobile blEntry address ui_link\" data-mapfilters=\"restaurants,attractions\"><span class=\"detail\"><span class=\"street-address\">Angonia-Platz 10<\/span>, Ton<span class=\"locality\"><br \/>\n98057 Milazzo (ME)<\/span><\/span><\/div>\n<div class=\"is-hidden-mobile blEntry address ui_link\" data-mapfilters=\"restaurants,attractions\"><span class=\"detail\"><span class=\"locality\"> Sizilien, <\/span><span class=\"country-name\">Italien<\/span><\/span><\/div>\n<div data-mapfilters=\"restaurants,attractions\"><\/div>\n<p><strong>Kontakt<\/strong>:<br \/>\nTel: <a class=\"ui_link\" data-olr=\"\" data-column=\"1\"><span class=\"is-hidden-mobile detail\">+39 0909281326 (Int. 2)<\/span><\/a><\/p>\n<p>E-Mail Hotel: info@ngoniabay.com<\/p>\n<p>Website: www.ngoniabay.com<\/p>\n\n\t\t<\/div>\n\t<\/div>\n<div class=\"vc_empty_space\"   style=\"height: 20px\"><span class=\"vc_empty_space_inner\"><\/span><\/div>\n<div class=\"wpcf7 no-js\" id=\"wpcf7-f5685-o1\" lang=\"it-IT\" dir=\"ltr\" data-wpcf7-id=\"5685\">\n<div class=\"screen-reader-response\"><p role=\"status\" aria-live=\"polite\" aria-atomic=\"true\"><\/p> <ul><\/ul><\/div>\n<form action=\"\/de\/wp-json\/wp\/v2\/pages\/5568#wpcf7-f5685-o1\" method=\"post\" class=\"wpcf7-form init cf7_custom_style_2\" aria-label=\"Kontakt-Formular\" novalidate=\"novalidate\" data-status=\"init\" data-trp-original-action=\"\/de\/wp-json\/wp\/v2\/pages\/5568#wpcf7-f5685-o1\">\n<fieldset class=\"hidden-fields-container\"><input type=\"hidden\" name=\"_wpcf7\" value=\"5685\" \/><input type=\"hidden\" name=\"_wpcf7_version\" value=\"6.1.5\" \/><input type=\"hidden\" name=\"_wpcf7_locale\" value=\"it_IT\" \/><input type=\"hidden\" name=\"_wpcf7_unit_tag\" value=\"wpcf7-f5685-o1\" \/><input type=\"hidden\" name=\"_wpcf7_container_post\" value=\"0\" \/><input type=\"hidden\" name=\"_wpcf7_posted_data_hash\" value=\"\" \/><input type=\"hidden\" name=\"_wpcf7_recaptcha_response\" value=\"\" \/>\n<\/fieldset>\n<p><label class=\"your-name\"> Name (erforderlich)<br \/>\n<span class=\"wpcf7-form-control-wrap\" data-name=\"your-name\"><input size=\"40\" maxlength=\"400\" class=\"wpcf7-form-control wpcf7-text wpcf7-validates-as-required\" aria-required=\"true\" aria-invalid=\"false\" value=\"\" type=\"text\" name=\"your-name\" \/><\/span> <\/label>\n<\/p>\n<p><label class=\"your-number\"> Telefon (erforderlich)<br \/>\n<span class=\"wpcf7-form-control-wrap\" data-name=\"tel-182\"><input size=\"40\" maxlength=\"400\" class=\"wpcf7-form-control wpcf7-tel wpcf7-validates-as-required wpcf7-text wpcf7-validates-as-tel\" aria-required=\"true\" aria-invalid=\"false\" value=\"\" type=\"tel\" name=\"tel-182\" \/><\/span><\/label>\n<\/p>\n<p><label class=\"your-email\"> E-Mail (erforderlich)<br \/>\n<span class=\"wpcf7-form-control-wrap\" data-name=\"your-email\"><input size=\"40\" maxlength=\"400\" class=\"wpcf7-form-control wpcf7-email wpcf7-validates-as-required wpcf7-text wpcf7-validates-as-email\" aria-required=\"true\" aria-invalid=\"false\" value=\"\" type=\"email\" name=\"your-email\" \/><\/span> <\/label>\n<\/p>\n<p><label class=\"your-subject\"> Objekt<br \/>\n<span class=\"wpcf7-form-control-wrap\" data-name=\"your-subject\"><input size=\"40\" maxlength=\"400\" class=\"wpcf7-form-control wpcf7-text wpcf7-validates-as-required\" aria-required=\"true\" aria-invalid=\"false\" value=\"\" type=\"text\" name=\"your-subject\" \/><\/span> <\/label>\n<\/p>\n<p><label class=\"your-message\"> Nachricht<br \/>\n<span class=\"wpcf7-form-control-wrap\" data-name=\"your-message\"><textarea cols=\"40\" rows=\"10\" maxlength=\"2000\" class=\"wpcf7-form-control wpcf7-textarea\" aria-invalid=\"false\" name=\"your-message\"><\/textarea><\/span> <\/label>\n<\/p>\n<p><span class=\"wpcf7-form-control-wrap\" data-name=\"acceptance-309\"><span class=\"wpcf7-form-control wpcf7-acceptance optional\"><span class=\"wpcf7-list-item\"><label><input type=\"checkbox\" name=\"acceptance-309\" value=\"1\" aria-invalid=\"false\" \/><span class=\"wpcf7-list-item-label\">Durch Klicken auf die Schaltfl\u00e4che \"SENDEN\" erkl\u00e4re ich, dass ich den Text der Datenschutzrichtlinie gem\u00e4\u00df der Verordnung 2016\/679\/EU (Allgemeine Datenschutzverordnung - GDPR) gelesen habe.<\/span><\/label><\/span><\/span><\/span>\n<\/p>\n<span class=\"wpcf7-form-control-wrap recaptcha\" data-name=\"recaptcha\"><span data-sitekey=\"6Lf7Q9YUAAAAAMxNQ01lsWArLy7JdgfuVQ0o166H\" class=\"wpcf7-form-control wpcf7-recaptcha g-recaptcha\"><\/span>\r\n<noscript>\r\n\t<div class=\"grecaptcha-noscript\">\r\n\t\t<iframe loading=\"lazy\" src=\"https:\/\/www.google.com\/recaptcha\/api\/fallback?k=6Lf7Q9YUAAAAAMxNQ01lsWArLy7JdgfuVQ0o166H\" frameborder=\"0\" scrolling=\"no\" width=\"310\" height=\"430\">\r\n\t\t<\/iframe>\r\n\t\t<textarea name=\"g-recaptcha-response\" rows=\"3\" cols=\"40\" placeholder=\"reCaptcha-Antwort hier\">\r\n\t\t<\/textarea>\r\n\t<\/div>\r\n<\/noscript>\r\n<\/span>\n<p><input class=\"wpcf7-form-control wpcf7-submit has-spinner\" type=\"submit\" value=\"Senden Sie\" \/>\n<\/p><input type=\"hidden\" id=\"ct_checkjs_cf7_0b8aff0438617c055eb55f0ba5d226fa\" name=\"ct_checkjs_cf7\" value=\"0\" \/><script >setTimeout(function(){var ct_input_name = \"ct_checkjs_cf7_0b8aff0438617c055eb55f0ba5d226fa\";if (document.getElementById(ct_input_name) !== null) {var ct_input_value = document.getElementById(ct_input_name).value;document.getElementById(ct_input_name).value = document.getElementById(ct_input_name).value.replace(ct_input_value, '653799099');}}, 1000);<\/script><input\n                    class=\"apbct_special_field apbct_email_id__wp_contact_form_7\"\n                    name=\"apbct__email_id__wp_contact_form_7\"\n                    aria-label=\"apbct__label_id__wp_contact_form_7\"\n                    type=\"text\" size=\"30\" maxlength=\"200\" autocomplete=\"off\"\n                    value=\"\"\n                \/><div class=\"wpcf7-response-output\" aria-hidden=\"true\"><\/div>\n<input type=\"hidden\" name=\"trp-form-language\" value=\"de\"\/><\/form>\n<\/div>\n<div class=\"vc_empty_space\"   style=\"height: 40px\"><span class=\"vc_empty_space_inner\"><\/span><\/div><\/div><\/div><\/div><div class=\"wpb_column vc_column_container vc_col-sm-12 vc_col-md-6\"><div class=\"vc_column-inner\"><div class=\"wpb_wrapper\"><div class=\"eltd-section-title-outer-holder animate\" style=\"text-align: left\">\n\t<div class=\"eltd-section-title-subtitle-holder\">\n\t\t<h3 class=\"eltd-section-subtitle\" style=\";\"><\/h3>\n\t<\/div>\n\t<div class=\"eltd-section-title-holder\">\n\t\t<h2 class=\"eltd-section-title\" style=\";\">Ngonia Bay Restaurant<\/h2>\n\t<\/div>\n<\/div><div class=\"vc_empty_space\"   style=\"height: 20px\"><span class=\"vc_empty_space_inner\"><\/span><\/div>\n\t<div class=\"wpb_text_column wpb_content_element\" >\n\t\t<div class=\"wpb_wrapper\">\n\t\t\t<div data-mapfilters=\"restaurants,attractions\">\n<p>Sehr geehrter Kunde,<\/p>\n<p>Senden Sie uns eine Nachricht, wenn Sie Informationen \u00fcber unser Restaurant und unsere Veranstaltungsorganisation ben\u00f6tigen.<\/p>\n<\/div>\n<div data-mapfilters=\"restaurants,attractions\"><\/div>\n<div data-mapfilters=\"restaurants,attractions\"><strong>Adresse:<\/strong><\/div>\n<div class=\"is-hidden-mobile blEntry address ui_link\" data-mapfilters=\"restaurants,attractions\"><span class=\"detail\"><span class=\"street-address\">Angonia-Platz 10<\/span>, Ton<span class=\"locality\"><br \/>\n98057 Milazzo (ME)<\/span><\/span><\/div>\n<div class=\"is-hidden-mobile blEntry address ui_link\" data-mapfilters=\"restaurants,attractions\"><span class=\"detail\"><span class=\"locality\"> Sizilien, <\/span><span class=\"country-name\">Italien<\/span><\/span><\/div>\n<div data-mapfilters=\"restaurants,attractions\"><\/div>\n<p><strong>Kontakt<\/strong>:<br \/>\nTel: <a class=\"ui_link\" data-olr=\"\" data-column=\"1\"><span class=\"is-hidden-mobile detail\">+39 0909281326 (Int. 1)<\/span><\/a><\/p>\n<p>E-Mail Restaurant: restaurant@ngoniabay.com<\/p>\n<p>Website: www.ngoniabay.com<\/p>\n\n\t\t<\/div>\n\t<\/div>\n<div class=\"vc_empty_space\"   style=\"height: 20px\"><span class=\"vc_empty_space_inner\"><\/span><\/div>\n<div class=\"wpcf7 no-js\" id=\"wpcf7-f5-o2\" lang=\"it-IT\" dir=\"ltr\" data-wpcf7-id=\"5\">\n<div class=\"screen-reader-response\"><p role=\"status\" aria-live=\"polite\" aria-atomic=\"true\"><\/p> <ul><\/ul><\/div>\n<form action=\"\/de\/wp-json\/wp\/v2\/pages\/5568#wpcf7-f5-o2\" method=\"post\" class=\"wpcf7-form init cf7_custom_style_2\" aria-label=\"Kontakt-Formular\" novalidate=\"novalidate\" data-status=\"init\" data-trp-original-action=\"\/de\/wp-json\/wp\/v2\/pages\/5568#wpcf7-f5-o2\">\n<fieldset class=\"hidden-fields-container\"><input type=\"hidden\" name=\"_wpcf7\" value=\"5\" \/><input type=\"hidden\" name=\"_wpcf7_version\" value=\"6.1.5\" \/><input type=\"hidden\" name=\"_wpcf7_locale\" value=\"it_IT\" \/><input type=\"hidden\" name=\"_wpcf7_unit_tag\" value=\"wpcf7-f5-o2\" \/><input type=\"hidden\" name=\"_wpcf7_container_post\" value=\"0\" \/><input type=\"hidden\" name=\"_wpcf7_posted_data_hash\" value=\"\" \/><input type=\"hidden\" name=\"_wpcf7_recaptcha_response\" value=\"\" \/>\n<\/fieldset>\n<p><label class=\"your-name\"> Name (obligatorisch)<br \/>\n<span class=\"wpcf7-form-control-wrap\" data-name=\"your-name\"><input size=\"40\" maxlength=\"400\" class=\"wpcf7-form-control wpcf7-text wpcf7-validates-as-required\" aria-required=\"true\" aria-invalid=\"false\" value=\"\" type=\"text\" name=\"your-name\" \/><\/span> <\/label>\n<\/p>\n<p><label class=\"your-email\"> E-Mail (obligatorisch)<br \/>\n<span class=\"wpcf7-form-control-wrap\" data-name=\"your-email\"><input size=\"40\" maxlength=\"400\" class=\"wpcf7-form-control wpcf7-email wpcf7-validates-as-required wpcf7-text wpcf7-validates-as-email\" aria-required=\"true\" aria-invalid=\"false\" value=\"\" type=\"email\" name=\"your-email\" \/><\/span> <\/label>\n<\/p>\n<p><label class=\"your-number\"> Telefon (obligatorisch)<br \/>\n<span class=\"wpcf7-form-control-wrap\" data-name=\"tel-438\"><input size=\"40\" maxlength=\"400\" class=\"wpcf7-form-control wpcf7-tel wpcf7-validates-as-required wpcf7-text wpcf7-validates-as-tel\" aria-required=\"true\" aria-invalid=\"false\" value=\"\" type=\"tel\" name=\"tel-438\" \/><\/span> <\/label>\n<\/p>\n<p><label class=\"your-subject\"> Objekt<br \/>\n<span class=\"wpcf7-form-control-wrap\" data-name=\"your-subject\"><input size=\"40\" maxlength=\"400\" class=\"wpcf7-form-control wpcf7-text wpcf7-validates-as-required\" aria-required=\"true\" aria-invalid=\"false\" value=\"\" type=\"text\" name=\"your-subject\" \/><\/span> <\/label>\n<\/p>\n<p><label class=\"your-message\"> Nachricht<br \/>\n<span class=\"wpcf7-form-control-wrap\" data-name=\"your-message\"><textarea cols=\"40\" rows=\"10\" maxlength=\"2000\" class=\"wpcf7-form-control wpcf7-textarea\" aria-invalid=\"false\" name=\"your-message\"><\/textarea><\/span> <\/label>\n<\/p>\n<p><span class=\"wpcf7-form-control-wrap\" data-name=\"acceptance-309\"><span class=\"wpcf7-form-control wpcf7-acceptance optional\"><span class=\"wpcf7-list-item\"><label><input type=\"checkbox\" name=\"acceptance-309\" value=\"1\" aria-invalid=\"false\" \/><span class=\"wpcf7-list-item-label\">Durch Klicken auf die Schaltfl\u00e4che \"SENDEN\" erkl\u00e4re ich, dass ich den Text der Datenschutzrichtlinie gem\u00e4\u00df der Verordnung 2016\/679\/EU (Allgemeine Datenschutzverordnung - GDPR) gelesen habe.<\/span><\/label><\/span><\/span><\/span>\n<\/p>\n<span class=\"wpcf7-form-control-wrap recaptcha\" data-name=\"recaptcha\"><span data-sitekey=\"6Lf7Q9YUAAAAAMxNQ01lsWArLy7JdgfuVQ0o166H\" class=\"wpcf7-form-control wpcf7-recaptcha g-recaptcha\"><\/span>\r\n<noscript>\r\n\t<div class=\"grecaptcha-noscript\">\r\n\t\t<iframe loading=\"lazy\" src=\"https:\/\/www.google.com\/recaptcha\/api\/fallback?k=6Lf7Q9YUAAAAAMxNQ01lsWArLy7JdgfuVQ0o166H\" frameborder=\"0\" scrolling=\"no\" width=\"310\" height=\"430\">\r\n\t\t<\/iframe>\r\n\t\t<textarea name=\"g-recaptcha-response\" rows=\"3\" cols=\"40\" placeholder=\"reCaptcha-Antwort hier\">\r\n\t\t<\/textarea>\r\n\t<\/div>\r\n<\/noscript>\r\n<\/span>\n<p><input class=\"wpcf7-form-control wpcf7-submit has-spinner\" type=\"submit\" value=\"Senden Sie\" \/>\n<\/p><input type=\"hidden\" id=\"ct_checkjs_cf7_274ad4786c3abca69fa097b85867d9a4\" name=\"ct_checkjs_cf7\" value=\"0\" \/><script >setTimeout(function(){var ct_input_name = \"ct_checkjs_cf7_274ad4786c3abca69fa097b85867d9a4\";if (document.getElementById(ct_input_name) !== null) {var ct_input_value = document.getElementById(ct_input_name).value;document.getElementById(ct_input_name).value = document.getElementById(ct_input_name).value.replace(ct_input_value, '653799099');}}, 1000);<\/script><input\n                    class=\"apbct_special_field apbct_email_id__wp_contact_form_7\"\n                    name=\"apbct__email_id__wp_contact_form_7\"\n                    aria-label=\"apbct__label_id__wp_contact_form_7\"\n                    type=\"text\" size=\"30\" maxlength=\"200\" autocomplete=\"off\"\n                    value=\"\"\n                \/><div class=\"wpcf7-response-output\" aria-hidden=\"true\"><\/div>\n<input type=\"hidden\" name=\"trp-form-language\" value=\"de\"\/><\/form>\n<\/div>\n<div class=\"vc_empty_space\"   style=\"height: 40px\"><span class=\"vc_empty_space_inner\"><\/span><\/div><\/div><\/div><\/div><\/div><\/div><\/div><div data-eltd-parallax-speed=\"1\" class=\"vc_row wpb_row vc_row-fluid eltd-section eltd-content-aligment-left\" style=\"\"><div class=\"clearfix eltd-full-section-inner\"><div class=\"wpb_column vc_column_container vc_col-sm-12\"><div class=\"vc_column-inner\"><div class=\"wpb_wrapper\">\n\t<div class=\"wpb_text_column wpb_content_element\" >\n\t\t<div class=\"wpb_wrapper\">\n\t\t\t<p>[sg_popup id=11567]<\/p>\n\n\t\t<\/div>\n\t<\/div>\n<\/div><\/div><\/div><\/div><\/div>\n<\/div>","protected":false},"excerpt":{"rendered":"Ngonia Bay Hotel Sehr geehrter Kunde, senden Sie uns eine Nachricht f\u00fcr jede Art von Bedarf oder Informationen \u00fcber unser Hotel und unsere Angebote Adresse: Piazza Angonia 10, Tono 98057 Milazzo (ME) Sizilien, Italien Kontakt: Tel: +39 0909281326 (int. 2) E-mail Hotel: info@ngoniabay.com Website: www.ngoniabay.com Name...","protected":false},"author":1,"featured_media":0,"parent":0,"menu_order":0,"comment_status":"closed","ping_status":"closed","template":"page-contact-ngonia.php","meta":{"om_disable_all_campaigns":false,"footnotes":""},"class_list":["post-5568","page","type-page","status-publish","hentry"],"acf":[],"yoast_head":"<!-- This site is optimized with the Yoast SEO Premium plugin v25.2 (Yoast SEO v25.3) - https:\/\/yoast.com\/wordpress\/plugins\/seo\/ -->\n<title>Contatti - Ngonia Bay<\/title>\n<meta name=\"robots\" content=\"index, follow, max-snippet:-1, max-image-preview:large, max-video-preview:-1\" \/>\n<link rel=\"canonical\" href=\"http:\/\/ngoniabay.com\/de\/kontakte\/\" \/>\n<meta property=\"og:locale\" content=\"de_DE\" \/>\n<meta property=\"og:type\" content=\"article\" \/>\n<meta property=\"og:title\" content=\"Contatti\" \/>\n<meta property=\"og:url\" content=\"http:\/\/ngoniabay.com\/de\/kontakte\/\" \/>\n<meta property=\"og:site_name\" content=\"Ngonia Bay\" \/>\n<meta property=\"article:modified_time\" content=\"2026-03-20T19:05:07+00:00\" \/>\n<meta name=\"twitter:card\" content=\"summary_large_image\" \/>\n<meta name=\"twitter:label1\" content=\"Gesch\u00e4tzte Lesezeit\" \/>\n\t<meta name=\"twitter:data1\" content=\"1\u00a0Minute\" \/>\n<script type=\"application\/ld+json\" class=\"yoast-schema-graph\">{\"@context\":\"https:\/\/schema.org\",\"@graph\":[{\"@type\":\"WebPage\",\"@id\":\"http:\/\/ngoniabay.com\/de\/kontakte\/\",\"url\":\"http:\/\/ngoniabay.com\/de\/kontakte\/\",\"name\":\"Contatti - Ngonia Bay\",\"isPartOf\":{\"@id\":\"https:\/\/ngoniabay.com\/de\/#website\"},\"datePublished\":\"2019-09-29T16:38:02+00:00\",\"dateModified\":\"2026-03-20T19:05:07+00:00\",\"breadcrumb\":{\"@id\":\"http:\/\/ngoniabay.com\/de\/kontakte\/#breadcrumb\"},\"inLanguage\":\"de\",\"potentialAction\":[{\"@type\":\"ReadAction\",\"target\":[\"http:\/\/ngoniabay.com\/de\/kontakte\/\"]}]},{\"@type\":\"BreadcrumbList\",\"@id\":\"http:\/\/ngoniabay.com\/de\/kontakte\/#breadcrumb\",\"itemListElement\":[{\"@type\":\"ListItem\",\"position\":1,\"name\":\"Home\",\"item\":\"https:\/\/ngoniabay.com\/\"},{\"@type\":\"ListItem\",\"position\":2,\"name\":\"Contatti\"}]},{\"@type\":\"WebSite\",\"@id\":\"https:\/\/ngoniabay.com\/de\/#website\",\"url\":\"https:\/\/ngoniabay.com\/de\/\",\"name\":\"Ngonia Bay\",\"description\":\"Ngonia Bay\",\"potentialAction\":[{\"@type\":\"SearchAction\",\"target\":{\"@type\":\"EntryPoint\",\"urlTemplate\":\"https:\/\/ngoniabay.com\/de\/?s={search_term_string}\"},\"query-input\":{\"@type\":\"PropertyValueSpecification\",\"valueRequired\":true,\"valueName\":\"search_term_string\"}}],\"inLanguage\":\"de\"}]}<\/script>\n<!-- \/ Yoast SEO Premium plugin. -->","yoast_head_json":{"title":"Contatti - Ngonia Bay","robots":{"index":"index","follow":"follow","max-snippet":"max-snippet:-1","max-image-preview":"max-image-preview:large","max-video-preview":"max-video-preview:-1"},"canonical":"http:\/\/ngoniabay.com\/de\/kontakte\/","og_locale":"de_DE","og_type":"article","og_title":"Contatti","og_url":"http:\/\/ngoniabay.com\/de\/kontakte\/","og_site_name":"Ngonia Bay","article_modified_time":"2026-03-20T19:05:07+00:00","twitter_card":"summary_large_image","twitter_misc":{"Gesch\u00e4tzte Lesezeit":"1\u00a0Minute"},"schema":{"@context":"https:\/\/schema.org","@graph":[{"@type":"WebPage","@id":"http:\/\/ngoniabay.com\/de\/kontakte\/","url":"http:\/\/ngoniabay.com\/de\/kontakte\/","name":"Contatti - Ngonia Bay","isPartOf":{"@id":"https:\/\/ngoniabay.com\/de\/#website"},"datePublished":"2019-09-29T16:38:02+00:00","dateModified":"2026-03-20T19:05:07+00:00","breadcrumb":{"@id":"http:\/\/ngoniabay.com\/de\/kontakte\/#breadcrumb"},"inLanguage":"de","potentialAction":[{"@type":"ReadAction","target":["http:\/\/ngoniabay.com\/de\/kontakte\/"]}]},{"@type":"BreadcrumbList","@id":"http:\/\/ngoniabay.com\/de\/kontakte\/#breadcrumb","itemListElement":[{"@type":"ListItem","position":1,"name":"Home","item":"https:\/\/ngoniabay.com\/"},{"@type":"ListItem","position":2,"name":"Contatti"}]},{"@type":"WebSite","@id":"https:\/\/ngoniabay.com\/de\/#website","url":"https:\/\/ngoniabay.com\/de\/","name":"Ngonia Bay","description":"Ngonia Bay","potentialAction":[{"@type":"SearchAction","target":{"@type":"EntryPoint","urlTemplate":"https:\/\/ngoniabay.com\/de\/?s={search_term_string}"},"query-input":{"@type":"PropertyValueSpecification","valueRequired":true,"valueName":"search_term_string"}}],"inLanguage":"de"}]}},"_links":{"self":[{"href":"https:\/\/ngoniabay.com\/de\/wp-json\/wp\/v2\/pages\/5568","targetHints":{"allow":["GET"]}}],"collection":[{"href":"https:\/\/ngoniabay.com\/de\/wp-json\/wp\/v2\/pages"}],"about":[{"href":"https:\/\/ngoniabay.com\/de\/wp-json\/wp\/v2\/types\/page"}],"author":[{"embeddable":true,"href":"https:\/\/ngoniabay.com\/de\/wp-json\/wp\/v2\/users\/1"}],"replies":[{"embeddable":true,"href":"https:\/\/ngoniabay.com\/de\/wp-json\/wp\/v2\/comments?post=5568"}],"version-history":[{"count":1,"href":"https:\/\/ngoniabay.com\/de\/wp-json\/wp\/v2\/pages\/5568\/revisions"}],"predecessor-version":[{"id":13647,"href":"https:\/\/ngoniabay.com\/de\/wp-json\/wp\/v2\/pages\/5568\/revisions\/13647"}],"wp:attachment":[{"href":"https:\/\/ngoniabay.com\/de\/wp-json\/wp\/v2\/media?parent=5568"}],"curies":[{"name":"wp","href":"https:\/\/api.w.org\/{rel}","templated":true}]}}