
{"id":3872,"date":"2015-11-24T15:09:54","date_gmt":"2015-11-24T15:09:54","guid":{"rendered":"http:\/\/chandelier.elated-themes.com\/?page_id=3872"},"modified":"2025-05-23T08:04:56","modified_gmt":"2025-05-23T06:04:56","slug":"services-2","status":"publish","type":"page","link":"http:\/\/ngoniabay.com\/fr\/services\/","title":{"rendered":"Services"},"content":{"rendered":"<div class=\"wpb-content-wrapper\"><div data-eltd-parallax-speed=\"1\" class=\"vc_row wpb_row vc_row-fluid eltd-section eltd-content-aligment-left\" style=\"\"><div class=\"clearfix eltd-full-section-inner\"><div class=\"wpb_column vc_column_container vc_col-sm-12\"><div class=\"vc_column-inner\"><div class=\"wpb_wrapper\"><div class=\"vc_empty_space\"   style=\"height: 22px\"><span class=\"vc_empty_space_inner\"><\/span><\/div><div class=\"eltd-section-title-outer-holder animate\" style=\"text-align: center\">\n\t<div class=\"eltd-section-title-subtitle-holder\">\n\t\t<h3 class=\"eltd-section-subtitle\" style=\";\">Nous nous plions en quatre pour vous<\/h3>\n\t<\/div>\n\t<div class=\"eltd-section-title-holder\">\n\t\t<h2 class=\"eltd-section-title\" style=\";\">Nos services<\/h2>\n\t<\/div>\n<\/div><div class=\"vc_empty_space\"   style=\"height: 40px\"><span class=\"vc_empty_space_inner\"><\/span><\/div><\/div><\/div><\/div><\/div><\/div><div data-eltd-parallax-speed=\"1\" class=\"vc_row wpb_row vc_row-fluid eltd-section vc_custom_1552671292791 eltd-content-aligment-left\" style=\"\"><div class=\"clearfix eltd-full-section-inner\"><div class=\"wpb_column vc_column_container vc_col-sm-6\"><div class=\"vc_column-inner\"><div class=\"wpb_wrapper\">\n\t<div class=\"wpb_text_column wpb_content_element\" >\n\t\t<div class=\"wpb_wrapper\">\n\t\t\t<p>Notre passion pour l'hospitalit\u00e9 et la taille de notre petit h\u00f4tel-boutique nous permettent d'\u00eatre \u00e0 l'\u00e9coute des besoins de nos clients et d'accorder \u00e0 chacun une petite et une grande attention. Nous fournissons une bonne base de services standard, et notre \u00e9quipe est toujours pr\u00eate \u00e0 r\u00e9pondre \u00e0 toutes sortes de demandes.<\/p>\n<p>Notre h\u00f4tel est situ\u00e9 sur la c\u00f4te ouest de Milazzo et dispose des \u00e9quipements suivants\u00a0<b>un parking public gratuit et pratique<\/b>, service de <strong>concierge<\/strong>une consigne \u00e0 bagages \u00e0 l'arriv\u00e9e et au d\u00e9part. Nos clients peuvent utiliser le <b>ligne WI-FI gratuite<\/b> et, sur demande, les journaux de <b>presse internationale<\/b>.<\/p>\n\n\t\t<\/div>\n\t<\/div>\n<div class=\"vc_empty_space\"   style=\"height: 32px\"><span class=\"vc_empty_space_inner\"><\/span><\/div><div class=\"vc_empty_space\"   style=\"height: 32px\"><span class=\"vc_empty_space_inner\"><\/span><\/div><\/div><\/div><\/div><div class=\"wpb_column vc_column_container vc_col-sm-6\"><div class=\"vc_column-inner\"><div class=\"wpb_wrapper\">\n\t<div class=\"wpb_text_column wpb_content_element\" >\n\t\t<div class=\"wpb_wrapper\">\n\t\t\t<p>Le s\u00e9jour \u00e0 Ngonia Bay s'articule autour de ses espaces communs : le petit d\u00e9jeuner dans la salle de s\u00e9jour, la cuisine et la salle \u00e0 manger. <strong>Salon<\/strong>un d\u00eener romantique dans <strong>Terrasse<\/strong> ou un cocktail au bord de la piscine du <strong>Le jardin.\u00a0 <\/strong>Si n\u00e9cessaire, les chambres peuvent \u00e9galement devenir <strong>les individus<\/strong> de donner lieu \u00e0 la c\u00e9l\u00e9bration de <strong>occasions sp\u00e9ciales<\/strong>.<\/p>\n\n\t\t<\/div>\n\t<\/div>\n<div class=\"vc_empty_space\"   style=\"height: 32px\"><span class=\"vc_empty_space_inner\"><\/span><\/div><div class=\"vc_empty_space\"   style=\"height: 32px\"><span class=\"vc_empty_space_inner\"><\/span><\/div><\/div><\/div><\/div><\/div><\/div><div data-eltd-parallax-speed=\"1\" class=\"vc_row wpb_row vc_row-fluid eltd-section vc_custom_1552671304854 eltd-content-aligment-left\" style=\"\"><div class=\"clearfix eltd-full-section-inner\"><div class=\"wpb_column vc_column_container vc_col-sm-3 vc_col-lg-offset-1\"><div class=\"vc_column-inner\"><div class=\"wpb_wrapper\">\n\t<div class=\"wpb_text_column wpb_content_element\" >\n\t\t<div class=\"wpb_wrapper\">\n\t\t\t<ul>\n<li><b>Enregistrement\u00a0<\/b>A partir de 14h30<\/li>\n<li><b>Check-out <\/b>\u00c0 11 heures<\/li>\n<li><strong>Service de conciergerie<\/strong><\/li>\n<li><b>Parking public gratuit<\/b><\/li>\n<li><strong>Parking priv\u00e9 payant<\/strong><\/li>\n<li><b>Connexion Wi-Fi gratuite<\/b><\/li>\n<\/ul>\n\n\t\t<\/div>\n\t<\/div>\n<div class=\"vc_empty_space\"   style=\"height: 132px\"><span class=\"vc_empty_space_inner\"><\/span><\/div><div class=\"vc_empty_space\"   style=\"height: 132px\"><span class=\"vc_empty_space_inner\"><\/span><\/div><div class=\"vc_empty_space\"   style=\"height: 32px\"><span class=\"vc_empty_space_inner\"><\/span><\/div><div class=\"vc_empty_space\"   style=\"height: 32px\"><span class=\"vc_empty_space_inner\"><\/span><\/div><div class=\"vc_empty_space\"   style=\"height: 32px\"><span class=\"vc_empty_space_inner\"><\/span><\/div><\/div><\/div><\/div><div class=\"wpb_column vc_column_container vc_col-sm-3\"><div class=\"vc_column-inner\"><div class=\"wpb_wrapper\">\n\t<div class=\"wpb_text_column wpb_content_element\" >\n\t\t<div class=\"wpb_wrapper\">\n\t\t\t<ul>\n<li><strong>Restaurant<\/strong><\/li>\n<li><strong>Bar priv\u00e9 pour les clients de l'h\u00f4tel<\/strong><\/li>\n<li><strong>Grande salle d'\u00e9v\u00e9nements pouvant accueillir jusqu'\u00e0 140 personnes par salle<\/strong><\/li>\n<\/ul>\n\n\t\t<\/div>\n\t<\/div>\n<div class=\"vc_empty_space\"   style=\"height: 132px\"><span class=\"vc_empty_space_inner\"><\/span><\/div><div class=\"vc_empty_space\"   style=\"height: 132px\"><span class=\"vc_empty_space_inner\"><\/span><\/div><div class=\"vc_empty_space\"   style=\"height: 32px\"><span class=\"vc_empty_space_inner\"><\/span><\/div><div class=\"vc_empty_space\"   style=\"height: 32px\"><span class=\"vc_empty_space_inner\"><\/span><\/div><div class=\"vc_empty_space\"   style=\"height: 32px\"><span class=\"vc_empty_space_inner\"><\/span><\/div><\/div><\/div><\/div><div class=\"wpb_column vc_column_container vc_col-sm-3\"><div class=\"vc_column-inner\"><div class=\"wpb_wrapper\">\n\t<div class=\"wpb_text_column wpb_content_element\" >\n\t\t<div class=\"wpb_wrapper\">\n\t\t\t<ul>\n<li>Terrasse panoramique avec <strong>solarium \u00e9quip\u00e9 et bain \u00e0 remous<\/strong><\/li>\n<li>Jardin avec <strong>Piscine<\/strong><\/li>\n<li>Espace de baignade \u00e9quip\u00e9<\/li>\n<\/ul>\n\n\t\t<\/div>\n\t<\/div>\n<div class=\"vc_empty_space\"   style=\"height: 132px\"><span class=\"vc_empty_space_inner\"><\/span><\/div><div class=\"vc_empty_space\"   style=\"height: 132px\"><span class=\"vc_empty_space_inner\"><\/span><\/div><div class=\"vc_empty_space\"   style=\"height: 32px\"><span class=\"vc_empty_space_inner\"><\/span><\/div><div class=\"vc_empty_space\"   style=\"height: 32px\"><span class=\"vc_empty_space_inner\"><\/span><\/div><div class=\"vc_empty_space\"   style=\"height: 32px\"><span class=\"vc_empty_space_inner\"><\/span><\/div><\/div><\/div><\/div><\/div><\/div><div data-eltd-parallax-speed=\"1\" class=\"vc_row wpb_row vc_row-fluid eltd-section eltd-content-aligment-left\" style=\"\"><div class=\"clearfix eltd-full-section-inner\"><div class=\"wpb_column vc_column_container vc_col-sm-12\"><div class=\"vc_column-inner\"><div class=\"wpb_wrapper\">\n\t<div class=\"wpb_raw_code wpb_raw_html wpb_content_element\" >\n\t\t<div class=\"wpb_wrapper\">\n\t\t\t<h4 style=\"font-size:12px; height:5px; color:#fff;\">suites<\/h4>\n<h5 style=\"font-size:12px; height:5px; color:#fff;\">suites<\/h5>\n\t\t<\/div>\n\t<\/div>\n<\/div><\/div><\/div><\/div><\/div>\n<\/div>","protected":false},"excerpt":{"rendered":"Nous nous plions en quatre pour vous Nos services Notre passion pour l'hospitalit\u00e9 et la petite taille du Boutique Hotel nous permettent d'\u00eatre \u00e0 l'\u00e9coute des besoins de nos clients et d'accorder \u00e0 chacun une petite et une grande attention. Nous fournissons une bonne base de services standards...","protected":false},"author":1,"featured_media":0,"parent":0,"menu_order":0,"comment_status":"closed","ping_status":"closed","template":"full-width.php","meta":{"om_disable_all_campaigns":false,"footnotes":""},"class_list":["post-3872","page","type-page","status-publish","hentry"],"acf":[],"yoast_head":"<!-- This site is optimized with the Yoast SEO Premium plugin v25.2 (Yoast SEO v25.3) - https:\/\/yoast.com\/wordpress\/plugins\/seo\/ -->\n<title>Servizi - Ngonia Bay<\/title>\n<meta name=\"robots\" content=\"index, follow, max-snippet:-1, max-image-preview:large, max-video-preview:-1\" \/>\n<link rel=\"canonical\" href=\"http:\/\/ngoniabay.com\/fr\/services\/\" \/>\n<meta property=\"og:locale\" content=\"fr_FR\" \/>\n<meta property=\"og:type\" content=\"article\" \/>\n<meta property=\"og:title\" content=\"Servizi\" \/>\n<meta property=\"og:url\" content=\"http:\/\/ngoniabay.com\/fr\/services\/\" \/>\n<meta property=\"og:site_name\" content=\"Ngonia Bay\" \/>\n<meta property=\"article:modified_time\" content=\"2025-05-23T06:04:56+00:00\" \/>\n<meta name=\"twitter:card\" content=\"summary_large_image\" \/>\n<meta name=\"twitter:label1\" content=\"Dur\u00e9e de lecture estim\u00e9e\" \/>\n\t<meta name=\"twitter:data1\" content=\"2 minutes\" \/>\n<script type=\"application\/ld+json\" class=\"yoast-schema-graph\">{\"@context\":\"https:\/\/schema.org\",\"@graph\":[{\"@type\":\"WebPage\",\"@id\":\"http:\/\/ngoniabay.com\/fr\/services\/\",\"url\":\"http:\/\/ngoniabay.com\/fr\/services\/\",\"name\":\"Servizi - Ngonia Bay\",\"isPartOf\":{\"@id\":\"https:\/\/ngoniabay.com\/fr\/#website\"},\"datePublished\":\"2015-11-24T15:09:54+00:00\",\"dateModified\":\"2025-05-23T06:04:56+00:00\",\"breadcrumb\":{\"@id\":\"http:\/\/ngoniabay.com\/fr\/services\/#breadcrumb\"},\"inLanguage\":\"fr-FR\",\"potentialAction\":[{\"@type\":\"ReadAction\",\"target\":[\"http:\/\/ngoniabay.com\/fr\/services\/\"]}]},{\"@type\":\"BreadcrumbList\",\"@id\":\"http:\/\/ngoniabay.com\/fr\/services\/#breadcrumb\",\"itemListElement\":[{\"@type\":\"ListItem\",\"position\":1,\"name\":\"Home\",\"item\":\"https:\/\/ngoniabay.com\/\"},{\"@type\":\"ListItem\",\"position\":2,\"name\":\"Servizi\"}]},{\"@type\":\"WebSite\",\"@id\":\"https:\/\/ngoniabay.com\/fr\/#website\",\"url\":\"https:\/\/ngoniabay.com\/fr\/\",\"name\":\"Ngonia Bay\",\"description\":\"Ngonia Bay\",\"potentialAction\":[{\"@type\":\"SearchAction\",\"target\":{\"@type\":\"EntryPoint\",\"urlTemplate\":\"https:\/\/ngoniabay.com\/fr\/?s={search_term_string}\"},\"query-input\":{\"@type\":\"PropertyValueSpecification\",\"valueRequired\":true,\"valueName\":\"search_term_string\"}}],\"inLanguage\":\"fr-FR\"}]}<\/script>\n<!-- \/ Yoast SEO Premium plugin. -->","yoast_head_json":{"title":"Servizi - Ngonia Bay","robots":{"index":"index","follow":"follow","max-snippet":"max-snippet:-1","max-image-preview":"max-image-preview:large","max-video-preview":"max-video-preview:-1"},"canonical":"http:\/\/ngoniabay.com\/fr\/services\/","og_locale":"fr_FR","og_type":"article","og_title":"Servizi","og_url":"http:\/\/ngoniabay.com\/fr\/services\/","og_site_name":"Ngonia Bay","article_modified_time":"2025-05-23T06:04:56+00:00","twitter_card":"summary_large_image","twitter_misc":{"Dur\u00e9e de lecture estim\u00e9e":"2 minutes"},"schema":{"@context":"https:\/\/schema.org","@graph":[{"@type":"WebPage","@id":"http:\/\/ngoniabay.com\/fr\/services\/","url":"http:\/\/ngoniabay.com\/fr\/services\/","name":"Servizi - Ngonia Bay","isPartOf":{"@id":"https:\/\/ngoniabay.com\/fr\/#website"},"datePublished":"2015-11-24T15:09:54+00:00","dateModified":"2025-05-23T06:04:56+00:00","breadcrumb":{"@id":"http:\/\/ngoniabay.com\/fr\/services\/#breadcrumb"},"inLanguage":"fr-FR","potentialAction":[{"@type":"ReadAction","target":["http:\/\/ngoniabay.com\/fr\/services\/"]}]},{"@type":"BreadcrumbList","@id":"http:\/\/ngoniabay.com\/fr\/services\/#breadcrumb","itemListElement":[{"@type":"ListItem","position":1,"name":"Home","item":"https:\/\/ngoniabay.com\/"},{"@type":"ListItem","position":2,"name":"Servizi"}]},{"@type":"WebSite","@id":"https:\/\/ngoniabay.com\/fr\/#website","url":"https:\/\/ngoniabay.com\/fr\/","name":"Ngonia Bay","description":"Ngonia Bay","potentialAction":[{"@type":"SearchAction","target":{"@type":"EntryPoint","urlTemplate":"https:\/\/ngoniabay.com\/fr\/?s={search_term_string}"},"query-input":{"@type":"PropertyValueSpecification","valueRequired":true,"valueName":"search_term_string"}}],"inLanguage":"fr-FR"}]}},"_links":{"self":[{"href":"https:\/\/ngoniabay.com\/fr\/wp-json\/wp\/v2\/pages\/3872","targetHints":{"allow":["GET"]}}],"collection":[{"href":"https:\/\/ngoniabay.com\/fr\/wp-json\/wp\/v2\/pages"}],"about":[{"href":"https:\/\/ngoniabay.com\/fr\/wp-json\/wp\/v2\/types\/page"}],"author":[{"embeddable":true,"href":"https:\/\/ngoniabay.com\/fr\/wp-json\/wp\/v2\/users\/1"}],"replies":[{"embeddable":true,"href":"https:\/\/ngoniabay.com\/fr\/wp-json\/wp\/v2\/comments?post=3872"}],"version-history":[{"count":4,"href":"https:\/\/ngoniabay.com\/fr\/wp-json\/wp\/v2\/pages\/3872\/revisions"}],"predecessor-version":[{"id":12944,"href":"https:\/\/ngoniabay.com\/fr\/wp-json\/wp\/v2\/pages\/3872\/revisions\/12944"}],"wp:attachment":[{"href":"https:\/\/ngoniabay.com\/fr\/wp-json\/wp\/v2\/media?parent=3872"}],"curies":[{"name":"wp","href":"https:\/\/api.w.org\/{rel}","templated":true}]}}