
{"id":4513,"date":"2019-02-23T14:50:19","date_gmt":"2019-02-23T14:50:19","guid":{"rendered":"https:\/\/ngoniabay.com\/?page_id=4513"},"modified":"2025-05-23T07:56:04","modified_gmt":"2025-05-23T05:56:04","slug":"petits-dejeuners","status":"publish","type":"page","link":"http:\/\/ngoniabay.com\/fr\/petits-dejeuners\/","title":{"rendered":"Petits d\u00e9jeuners"},"content":{"rendered":"<div class=\"wpb-content-wrapper\"><div data-eltd-parallax-speed=\"1\" class=\"vc_row wpb_row vc_row-fluid eltd-section eltd-content-aligment-center eltd-grid-section\" style=\"\"><div class=\"clearfix eltd-section-inner\"><div class=\"eltd-section-inner-margin clearfix\"><div class=\"wpb_column vc_column_container vc_col-sm-12 vc_col-lg-offset-2 vc_col-lg-8\"><div class=\"vc_column-inner\"><div class=\"wpb_wrapper\"><div class=\"vc_empty_space\"   style=\"height: 22px\"><span class=\"vc_empty_space_inner\"><\/span><\/div><div class=\"eltd-section-title-outer-holder animate\" style=\"text-align: center\">\n\t<div class=\"eltd-section-title-subtitle-holder\">\n\t\t<h3 class=\"eltd-section-subtitle\" style=\";\">Go\u00fbter \u00e0 la tradition<\/h3>\n\t<\/div>\n\t<div class=\"eltd-section-title-holder\">\n\t\t<h2 class=\"eltd-section-title\" style=\";\">Notre petit-d\u00e9jeuner<\/h2>\n\t<\/div>\n<\/div><div class=\"vc_empty_space\"   style=\"height: 60px\"><span class=\"vc_empty_space_inner\"><\/span><\/div><\/div><\/div><\/div><\/div><\/div><\/div><div data-eltd-parallax-speed=\"1\" class=\"vc_row wpb_row vc_row-fluid eltd-section eltd-content-aligment-left eltd-grid-section\" style=\"\"><div class=\"clearfix eltd-section-inner\"><div class=\"eltd-section-inner-margin clearfix\"><div class=\"wpb_column vc_column_container vc_col-sm-6\"><div class=\"vc_column-inner\"><div class=\"wpb_wrapper\">\n\t<div  class=\"wpb_single_image wpb_content_element vc_align_center wpb_content_element\">\n\t\t\n\t\t<figure class=\"wpb_wrapper vc_figure\">\n\t\t\t<a class=\"\" data-lightbox=\"lightbox[rel-4513-1637849977]\" href=\"https:\/\/ngoniabay.com\/wp-content\/uploads\/2019\/10\/IMG_1754-1-1024x683.jpg\" target=\"_self\"><img decoding=\"async\" class=\"vc_single_image-img\" src=\"https:\/\/ngoniabay.com\/wp-content\/uploads\/2019\/10\/IMG_1754-1-1000x820.jpg\" width=\"1000\" height=\"820\" alt=\"IMG_1754 (1)\" title=\"IMG_1754 (1)\" loading=\"lazy\" \/><\/a>\n\t\t<\/figure>\n\t<\/div>\n<\/div><\/div><\/div><div class=\"wpb_column vc_column_container vc_col-sm-6\"><div class=\"vc_column-inner\"><div class=\"wpb_wrapper\">\n\t<div class=\"wpb_text_column wpb_content_element\" >\n\t\t<div class=\"wpb_wrapper\">\n\t\t\t<p>Le petit-d\u00e9jeuner est une exp\u00e9rience \u00e0 ne pas manquer.<br \/>\nUne riche s\u00e9lection de produits siciliens frais vous attend chaque matin pour vous dire bonjour.<\/p>\n\n\t\t<\/div>\n\t<\/div>\n\n\t<div class=\"wpb_text_column wpb_content_element\" >\n\t\t<div class=\"wpb_wrapper\">\n\t\t\t<p><b>Ce que vous pouvez go\u00fbter<\/b><\/p>\n<p>Pour les amateurs de douceurs, granitas, brioches, g\u00e2teaux de la meilleure tradition, tartes et biscuits de notre fabrication, oranges silciliennes fra\u00eechement press\u00e9es, caf\u00e9, cappuccino et bien d'autres boissons.<\/p>\n<p>Notre petit-d\u00e9jeuner international comprend \u00e9galement une large s\u00e9lection de viandes et de fromages savoureux de notre belle \u00eele, des plats chauds \u00e0 base d'\u0153ufs et bien d'autres choses encore.<\/p>\n\n\t\t<\/div>\n\t<\/div>\n<\/div><\/div><\/div><\/div><\/div><\/div><div data-eltd-parallax-speed=\"1\" class=\"vc_row wpb_row vc_row-fluid eltd-section vc_custom_1551515285755 eltd-content-aligment-center\" style=\"\"><div class=\"clearfix eltd-full-section-inner\"><div class=\"wpb_column vc_column_container vc_col-sm-3\"><div class=\"vc_column-inner\"><div class=\"wpb_wrapper\"><div class=\"vc_empty_space\"   style=\"height: 70px\"><span class=\"vc_empty_space_inner\"><\/span><\/div>\n\t<div  class=\"wpb_single_image wpb_content_element vc_align_left wpb_content_element\">\n\t\t\n\t\t<figure class=\"wpb_wrapper vc_figure\">\n\t\t\t<div class=\"vc_single_image-wrapper   vc_box_border_grey\"><img decoding=\"async\" class=\"vc_single_image-img\" src=\"https:\/\/ngoniabay.com\/wp-content\/uploads\/2023\/06\/DSC_4872-scaled-600x400.jpg\" width=\"600\" height=\"400\" alt=\"DSC_4872\" title=\"DSC_4872\" loading=\"lazy\" \/><\/div>\n\t\t<\/figure>\n\t<\/div>\n<\/div><\/div><\/div><div class=\"wpb_column vc_column_container vc_col-sm-3\"><div class=\"vc_column-inner\"><div class=\"wpb_wrapper\"><div class=\"vc_empty_space\"   style=\"height: 70px\"><span class=\"vc_empty_space_inner\"><\/span><\/div>\n\t<div  class=\"wpb_single_image wpb_content_element vc_align_left wpb_content_element\">\n\t\t\n\t\t<figure class=\"wpb_wrapper vc_figure\">\n\t\t\t<div class=\"vc_single_image-wrapper   vc_box_border_grey\"><img decoding=\"async\" class=\"vc_single_image-img\" src=\"https:\/\/ngoniabay.com\/wp-content\/uploads\/2023\/06\/DSC_4838-scaled-600x400.jpg\" width=\"600\" height=\"400\" alt=\"DSC_4838\" title=\"DSC_4838\" loading=\"lazy\" \/><\/div>\n\t\t<\/figure>\n\t<\/div>\n<\/div><\/div><\/div><div class=\"wpb_column vc_column_container vc_col-sm-3\"><div class=\"vc_column-inner\"><div class=\"wpb_wrapper\"><div class=\"vc_empty_space\"   style=\"height: 70px\"><span class=\"vc_empty_space_inner\"><\/span><\/div>\n\t<div  class=\"wpb_single_image wpb_content_element vc_align_left wpb_content_element\">\n\t\t\n\t\t<figure class=\"wpb_wrapper vc_figure\">\n\t\t\t<div class=\"vc_single_image-wrapper   vc_box_border_grey\"><img decoding=\"async\" class=\"vc_single_image-img\" src=\"https:\/\/ngoniabay.com\/wp-content\/uploads\/2023\/06\/DSC_4814-scaled-600x400.jpg\" width=\"600\" height=\"400\" alt=\"DSC_4814\" title=\"DSC_4814\" loading=\"lazy\" \/><\/div>\n\t\t<\/figure>\n\t<\/div>\n<\/div><\/div><\/div><div class=\"wpb_column vc_column_container vc_col-sm-3\"><div class=\"vc_column-inner\"><div class=\"wpb_wrapper\"><div class=\"vc_empty_space\"   style=\"height: 70px\"><span class=\"vc_empty_space_inner\"><\/span><\/div>\n\t<div  class=\"wpb_single_image wpb_content_element vc_align_left wpb_content_element\">\n\t\t\n\t\t<figure class=\"wpb_wrapper vc_figure\">\n\t\t\t<div class=\"vc_single_image-wrapper   vc_box_border_grey\"><img decoding=\"async\" class=\"vc_single_image-img\" src=\"https:\/\/ngoniabay.com\/wp-content\/uploads\/2023\/06\/DSC_4940-scaled-600x400.jpg\" width=\"600\" height=\"400\" alt=\"DSC_4940\" title=\"DSC_4940\" loading=\"lazy\" \/><\/div>\n\t\t<\/figure>\n\t<\/div>\n<\/div><\/div><\/div><\/div><\/div><div data-eltd-parallax-speed=\"1\" class=\"vc_row wpb_row vc_row-fluid eltd-section eltd-content-aligment-left\" style=\"\"><div class=\"clearfix eltd-full-section-inner\"><div class=\"wpb_column vc_column_container vc_col-sm-12\"><div class=\"vc_column-inner\"><div class=\"wpb_wrapper\"><div class=\"vc_empty_space\"   style=\"height: 82px\"><span class=\"vc_empty_space_inner\"><\/span><\/div><\/div><\/div><\/div><\/div><\/div><div data-eltd-parallax-speed=\"1\" class=\"vc_row wpb_row vc_row-fluid eltd-section eltd-content-aligment-left\" style=\"\"><div class=\"clearfix eltd-full-section-inner\"><div class=\"wpb_column vc_column_container vc_col-sm-12\"><div class=\"vc_column-inner\"><div class=\"wpb_wrapper\">\n\n\t<div class=\"eltd-call-to-action normal\" style=\"padding: 30px 0px 30px 0px;;background-color: #587cb1;\">\n\n\t\t\t\t<div class=\"eltd-container-inner\">\n\t\t\t\t\t<div class=\"eltd-call-to-action-row-75-25 clearfix\">\n\t\t\n\t\t\t\t<div class=\"eltd-text-wrapper eltd-call-to-action-column1 eltd-call-to-action-cell\">\n\n\t\t\t\t\n\t\t\t\t\t<div class=\"eltd-call-to-action-text\" >\n\t\t\t\t\t\t<\/p>\n<h6><span style=\"color: #ffffff;\">D\u00e9couvrez notre menu pour un granit\u00e9 sucr\u00e9, des brioches et des cannoli, des g\u00e2teaux de la meilleure tradition. <\/span><\/h6>\n<p>\t\t\t\t\t<\/div>\n\n\t\t\t\t<\/div>\n\n\t\t\t\t\n\t\t\t\t\t<div class=\"eltd-button-wrapper eltd-call-to-action-column2 eltd-call-to-action-cell\" style =\"text-align: right ;\">\n\n\t\t\t\t\t\t<a href=\"https:\/\/ngoniabay.com\/fr\/pdf\/menu-du-bar-pdf\/\" target=\"_blank\"  class=\"eltd-btn eltd-btn-medium eltd-btn-solid\"  >    <span class=\"eltd-btn-text\">MENU DU BAR<\/span>    <\/a>\n\t\t\t\t\t<\/div>\n\n\t\t\t\t\n\t\t\t<\/div>\n\n\t\t\t\t<\/div>\n\t\t\n\t<\/div>\n\n<\/div><\/div><\/div><\/div><\/div><div data-eltd-parallax-speed=\"1\" class=\"vc_row wpb_row vc_row-fluid eltd-section eltd-content-aligment-left\" style=\"\"><div class=\"clearfix eltd-full-section-inner\"><div class=\"wpb_column vc_column_container vc_col-sm-12\"><div class=\"vc_column-inner\"><div class=\"wpb_wrapper\">\n\t<div class=\"wpb_raw_code wpb_raw_html wpb_content_element\" >\n\t\t<div class=\"wpb_wrapper\">\n\t\t\t<h4 style=\"color:#fff; font-size:12px; height:5px;>colazioni<\/h4><h5 style=\"color:#fff; font-size:12px; height:5px;>petits d\u00e9jeuners<\/h5>\n\t\t<\/div>\n\t<\/div>\n<\/div><\/div><\/div><\/div><\/div>\n<\/div>","protected":false},"excerpt":{"rendered":"Go\u00fbtez \u00e0 la tradition Notre petit-d\u00e9jeuner Le petit-d\u00e9jeuner est une exp\u00e9rience \u00e0 ne pas manquer. Une riche s\u00e9lection de produits siciliens frais vous attend chaque matin pour vous dire bonjour. Ce que vous pouvez d\u00e9guster Pour les amateurs de douceurs, granitas, brioches, g\u00e2teaux traditionnels, tartes...","protected":false},"author":1,"featured_media":11597,"parent":0,"menu_order":0,"comment_status":"closed","ping_status":"closed","template":"full-width.php","meta":{"om_disable_all_campaigns":false,"footnotes":""},"class_list":["post-4513","page","type-page","status-publish","has-post-thumbnail","hentry"],"acf":[],"yoast_head":"<!-- This site is optimized with the Yoast SEO Premium plugin v25.2 (Yoast SEO v25.3) - https:\/\/yoast.com\/wordpress\/plugins\/seo\/ -->\n<title>Colazioni a Milazzo Bar Hotel - Ngonia Bay<\/title>\n<meta name=\"description\" content=\"Un ricco buffet di freschi prodotti siciliani servito con la magnifica vista della baia del Tono ti aspetta ogni mattina per darti il buongiorno.\" \/>\n<meta name=\"robots\" content=\"index, follow, max-snippet:-1, max-image-preview:large, max-video-preview:-1\" \/>\n<link rel=\"canonical\" href=\"http:\/\/ngoniabay.com\/fr\/petits-dejeuners\/\" \/>\n<meta property=\"og:locale\" content=\"fr_FR\" \/>\n<meta property=\"og:type\" content=\"article\" \/>\n<meta property=\"og:title\" content=\"Colazioni\" \/>\n<meta property=\"og:description\" content=\"Un ricco buffet di freschi prodotti siciliani servito con la magnifica vista della baia del Tono ti aspetta ogni mattina per darti il buongiorno.\" \/>\n<meta property=\"og:url\" content=\"http:\/\/ngoniabay.com\/fr\/petits-dejeuners\/\" \/>\n<meta property=\"og:site_name\" content=\"Ngonia Bay\" \/>\n<meta property=\"article:modified_time\" content=\"2025-05-23T05:56:04+00:00\" \/>\n<meta property=\"og:image\" content=\"https:\/\/ngoniabay.com\/wp-content\/uploads\/2022\/02\/DSC_4940.jpg\" \/>\n\t<meta property=\"og:image:width\" content=\"1357\" \/>\n\t<meta property=\"og:image:height\" content=\"1080\" \/>\n\t<meta property=\"og:image:type\" content=\"image\/jpeg\" \/>\n<meta name=\"twitter:card\" content=\"summary_large_image\" \/>\n<meta name=\"twitter:label1\" content=\"Dur\u00e9e de lecture estim\u00e9e\" \/>\n\t<meta name=\"twitter:data1\" content=\"3 minutes\" \/>\n<script type=\"application\/ld+json\" class=\"yoast-schema-graph\">{\"@context\":\"https:\/\/schema.org\",\"@graph\":[{\"@type\":\"WebPage\",\"@id\":\"http:\/\/ngoniabay.com\/fr\/petits-dejeuners\/\",\"url\":\"http:\/\/ngoniabay.com\/fr\/petits-dejeuners\/\",\"name\":\"Colazioni a Milazzo Bar Hotel - Ngonia Bay\",\"isPartOf\":{\"@id\":\"https:\/\/ngoniabay.com\/fr\/#website\"},\"primaryImageOfPage\":{\"@id\":\"http:\/\/ngoniabay.com\/fr\/petits-dejeuners\/#primaryimage\"},\"image\":{\"@id\":\"http:\/\/ngoniabay.com\/fr\/petits-dejeuners\/#primaryimage\"},\"thumbnailUrl\":\"https:\/\/ngoniabay.com\/wp-content\/uploads\/2022\/02\/DSC_4940.jpg\",\"datePublished\":\"2019-02-23T14:50:19+00:00\",\"dateModified\":\"2025-05-23T05:56:04+00:00\",\"description\":\"Un ricco buffet di freschi prodotti siciliani servito con la magnifica vista della baia del Tono ti aspetta ogni mattina per darti il buongiorno.\",\"breadcrumb\":{\"@id\":\"http:\/\/ngoniabay.com\/fr\/petits-dejeuners\/#breadcrumb\"},\"inLanguage\":\"fr-FR\",\"potentialAction\":[{\"@type\":\"ReadAction\",\"target\":[\"http:\/\/ngoniabay.com\/fr\/petits-dejeuners\/\"]}]},{\"@type\":\"ImageObject\",\"inLanguage\":\"fr-FR\",\"@id\":\"http:\/\/ngoniabay.com\/fr\/petits-dejeuners\/#primaryimage\",\"url\":\"https:\/\/ngoniabay.com\/wp-content\/uploads\/2022\/02\/DSC_4940.jpg\",\"contentUrl\":\"https:\/\/ngoniabay.com\/wp-content\/uploads\/2022\/02\/DSC_4940.jpg\",\"width\":1357,\"height\":1080},{\"@type\":\"BreadcrumbList\",\"@id\":\"http:\/\/ngoniabay.com\/fr\/petits-dejeuners\/#breadcrumb\",\"itemListElement\":[{\"@type\":\"ListItem\",\"position\":1,\"name\":\"Home\",\"item\":\"https:\/\/ngoniabay.com\/\"},{\"@type\":\"ListItem\",\"position\":2,\"name\":\"Colazioni\"}]},{\"@type\":\"WebSite\",\"@id\":\"https:\/\/ngoniabay.com\/fr\/#website\",\"url\":\"https:\/\/ngoniabay.com\/fr\/\",\"name\":\"Ngonia Bay\",\"description\":\"Ngonia Bay\",\"potentialAction\":[{\"@type\":\"SearchAction\",\"target\":{\"@type\":\"EntryPoint\",\"urlTemplate\":\"https:\/\/ngoniabay.com\/fr\/?s={search_term_string}\"},\"query-input\":{\"@type\":\"PropertyValueSpecification\",\"valueRequired\":true,\"valueName\":\"search_term_string\"}}],\"inLanguage\":\"fr-FR\"}]}<\/script>\n<!-- \/ Yoast SEO Premium plugin. -->","yoast_head_json":{"title":"Colazioni a Milazzo Bar Hotel - Ngonia Bay","description":"Un ricco buffet di freschi prodotti siciliani servito con la magnifica vista della baia del Tono ti aspetta ogni mattina per darti il buongiorno.","robots":{"index":"index","follow":"follow","max-snippet":"max-snippet:-1","max-image-preview":"max-image-preview:large","max-video-preview":"max-video-preview:-1"},"canonical":"http:\/\/ngoniabay.com\/fr\/petits-dejeuners\/","og_locale":"fr_FR","og_type":"article","og_title":"Colazioni","og_description":"Un ricco buffet di freschi prodotti siciliani servito con la magnifica vista della baia del Tono ti aspetta ogni mattina per darti il buongiorno.","og_url":"http:\/\/ngoniabay.com\/fr\/petits-dejeuners\/","og_site_name":"Ngonia Bay","article_modified_time":"2025-05-23T05:56:04+00:00","og_image":[{"width":1357,"height":1080,"url":"https:\/\/ngoniabay.com\/wp-content\/uploads\/2022\/02\/DSC_4940.jpg","type":"image\/jpeg"}],"twitter_card":"summary_large_image","twitter_misc":{"Dur\u00e9e de lecture estim\u00e9e":"3 minutes"},"schema":{"@context":"https:\/\/schema.org","@graph":[{"@type":"WebPage","@id":"http:\/\/ngoniabay.com\/fr\/petits-dejeuners\/","url":"http:\/\/ngoniabay.com\/fr\/petits-dejeuners\/","name":"Colazioni a Milazzo Bar Hotel - Ngonia Bay","isPartOf":{"@id":"https:\/\/ngoniabay.com\/fr\/#website"},"primaryImageOfPage":{"@id":"http:\/\/ngoniabay.com\/fr\/petits-dejeuners\/#primaryimage"},"image":{"@id":"http:\/\/ngoniabay.com\/fr\/petits-dejeuners\/#primaryimage"},"thumbnailUrl":"https:\/\/ngoniabay.com\/wp-content\/uploads\/2022\/02\/DSC_4940.jpg","datePublished":"2019-02-23T14:50:19+00:00","dateModified":"2025-05-23T05:56:04+00:00","description":"Un ricco buffet di freschi prodotti siciliani servito con la magnifica vista della baia del Tono ti aspetta ogni mattina per darti il buongiorno.","breadcrumb":{"@id":"http:\/\/ngoniabay.com\/fr\/petits-dejeuners\/#breadcrumb"},"inLanguage":"fr-FR","potentialAction":[{"@type":"ReadAction","target":["http:\/\/ngoniabay.com\/fr\/petits-dejeuners\/"]}]},{"@type":"ImageObject","inLanguage":"fr-FR","@id":"http:\/\/ngoniabay.com\/fr\/petits-dejeuners\/#primaryimage","url":"https:\/\/ngoniabay.com\/wp-content\/uploads\/2022\/02\/DSC_4940.jpg","contentUrl":"https:\/\/ngoniabay.com\/wp-content\/uploads\/2022\/02\/DSC_4940.jpg","width":1357,"height":1080},{"@type":"BreadcrumbList","@id":"http:\/\/ngoniabay.com\/fr\/petits-dejeuners\/#breadcrumb","itemListElement":[{"@type":"ListItem","position":1,"name":"Home","item":"https:\/\/ngoniabay.com\/"},{"@type":"ListItem","position":2,"name":"Colazioni"}]},{"@type":"WebSite","@id":"https:\/\/ngoniabay.com\/fr\/#website","url":"https:\/\/ngoniabay.com\/fr\/","name":"Ngonia Bay","description":"Ngonia Bay","potentialAction":[{"@type":"SearchAction","target":{"@type":"EntryPoint","urlTemplate":"https:\/\/ngoniabay.com\/fr\/?s={search_term_string}"},"query-input":{"@type":"PropertyValueSpecification","valueRequired":true,"valueName":"search_term_string"}}],"inLanguage":"fr-FR"}]}},"_links":{"self":[{"href":"https:\/\/ngoniabay.com\/fr\/wp-json\/wp\/v2\/pages\/4513","targetHints":{"allow":["GET"]}}],"collection":[{"href":"https:\/\/ngoniabay.com\/fr\/wp-json\/wp\/v2\/pages"}],"about":[{"href":"https:\/\/ngoniabay.com\/fr\/wp-json\/wp\/v2\/types\/page"}],"author":[{"embeddable":true,"href":"https:\/\/ngoniabay.com\/fr\/wp-json\/wp\/v2\/users\/1"}],"replies":[{"embeddable":true,"href":"https:\/\/ngoniabay.com\/fr\/wp-json\/wp\/v2\/comments?post=4513"}],"version-history":[{"count":17,"href":"https:\/\/ngoniabay.com\/fr\/wp-json\/wp\/v2\/pages\/4513\/revisions"}],"predecessor-version":[{"id":12942,"href":"https:\/\/ngoniabay.com\/fr\/wp-json\/wp\/v2\/pages\/4513\/revisions\/12942"}],"wp:featuredmedia":[{"embeddable":true,"href":"https:\/\/ngoniabay.com\/fr\/wp-json\/wp\/v2\/media\/11597"}],"wp:attachment":[{"href":"https:\/\/ngoniabay.com\/fr\/wp-json\/wp\/v2\/media?parent=4513"}],"curies":[{"name":"wp","href":"https:\/\/api.w.org\/{rel}","templated":true}]}}