
{"id":4534,"date":"2019-02-23T15:00:20","date_gmt":"2019-02-23T15:00:20","guid":{"rendered":"https:\/\/ngoniabay.com\/?page_id=4534"},"modified":"2025-05-23T07:59:43","modified_gmt":"2025-05-23T05:59:43","slug":"la-terrasse","status":"publish","type":"page","link":"http:\/\/ngoniabay.com\/fr\/la-terrasse\/","title":{"rendered":"La Terrazza"},"content":{"rendered":"<div class=\"wpb-content-wrapper\"><div data-eltd-parallax-speed=\"1\" class=\"vc_row wpb_row vc_row-fluid eltd-section eltd-content-aligment-center eltd-grid-section\" style=\"\"><div class=\"clearfix eltd-section-inner\"><div class=\"eltd-section-inner-margin clearfix\"><div class=\"wpb_column vc_column_container vc_col-sm-12 vc_col-lg-offset-2 vc_col-lg-8\"><div class=\"vc_column-inner\"><div class=\"wpb_wrapper\"><div class=\"vc_empty_space\"   style=\"height: 25px\"><span class=\"vc_empty_space_inner\"><\/span><\/div><div class=\"eltd-section-title-outer-holder animate\" style=\"text-align: center\">\n\t<div class=\"eltd-section-title-subtitle-holder\">\n\t\t<h3 class=\"eltd-section-subtitle\" style=\";\">Un balcon avec vue<\/h3>\n\t<\/div>\n\t<div class=\"eltd-section-title-holder\">\n\t\t<h2 class=\"eltd-section-title\" style=\";\">Faire face \u00e0 la beaut\u00e9<\/h2>\n\t<\/div>\n<\/div><div class=\"vc_empty_space\"   style=\"height: 42px\"><span class=\"vc_empty_space_inner\"><\/span><\/div><\/div><\/div><\/div><\/div><\/div><\/div><div data-eltd-parallax-speed=\"1\" class=\"vc_row wpb_row vc_row-fluid eltd-section eltd-content-aligment-left eltd-grid-section\" style=\"\"><div class=\"clearfix eltd-section-inner\"><div class=\"eltd-section-inner-margin clearfix\"><div class=\"wpb_column vc_column_container vc_col-sm-6\"><div class=\"vc_column-inner\"><div class=\"wpb_wrapper\"><div class=\"vc_empty_space\"   style=\"height: 8px\"><span class=\"vc_empty_space_inner\"><\/span><\/div>\n\t<div  class=\"wpb_single_image wpb_content_element vc_align_center wpb_content_element\">\n\t\t\n\t\t<figure class=\"wpb_wrapper vc_figure\">\n\t\t\t<a class=\"\" data-lightbox=\"lightbox[rel-4534-1824934633]\" href=\"https:\/\/ngoniabay.com\/wp-content\/uploads\/2020\/12\/1-1024x576.jpg\" target=\"_self\"><img decoding=\"async\" class=\"vc_single_image-img\" src=\"https:\/\/ngoniabay.com\/wp-content\/uploads\/2020\/12\/1-600x400.jpg\" width=\"600\" height=\"400\" alt=\"1\" title=\"1\" loading=\"lazy\" \/><\/a>\n\t\t<\/figure>\n\t<\/div>\n<div data-eltd-parallax-speed=\"1\" class=\"vc_row wpb_row vc_inner vc_row-fluid eltd-section eltd-content-aligment-left\" style=\"\"><div class=\"eltd-full-section-inner\"><div class=\"wpb_column vc_column_container vc_col-sm-6\"><div class=\"vc_column-inner\"><div class=\"wpb_wrapper\"><div class=\"vc_empty_space\"   style=\"height: 12px\"><span class=\"vc_empty_space_inner\"><\/span><\/div><\/div><\/div><\/div><div class=\"wpb_column vc_column_container vc_col-sm-6\"><div class=\"vc_column-inner\"><div class=\"wpb_wrapper\"><div class=\"vc_empty_space\"   style=\"height: 12px\"><span class=\"vc_empty_space_inner\"><\/span><\/div><\/div><\/div><\/div><\/div><\/div><\/div><\/div><\/div><div class=\"wpb_column vc_column_container vc_col-sm-6\"><div class=\"vc_column-inner\"><div class=\"wpb_wrapper\">\n\t<div class=\"wpb_text_column wpb_content_element\" >\n\t\t<div class=\"wpb_wrapper\">\n\t\t\t<p>Situ\u00e9e au dernier \u00e9tage de l'h\u00f4tel, la terrasse surplombe la baie de Tono et abrite un solarium et un bain \u00e0 remous accessibles \u00e0 tous les clients de l'h\u00f4tel jusqu'\u00e0 18 heures. Prenez un verre sous le soleil sicilien.<\/p>\n<p>Pendant la saison chaude, \"Il Ristorante\" s'installe dans ce cadre magnifique pour vous offrir un d\u00eener inoubliable avec une vue \u00e0 couper le souffle.<\/p>\n\n\t\t<\/div>\n\t<\/div>\n<div class=\"vc_empty_space\"   style=\"height: 32px\"><span class=\"vc_empty_space_inner\"><\/span><\/div><div data-eltd-parallax-speed=\"1\" class=\"vc_row wpb_row vc_inner vc_row-fluid eltd-section eltd-content-aligment-left\" style=\"\"><div class=\"eltd-full-section-inner\"><div class=\"wpb_column vc_column_container vc_col-sm-6\"><div class=\"vc_column-inner\"><div class=\"wpb_wrapper\">\n\t<div  class=\"wpb_single_image wpb_content_element vc_align_left wpb_content_element\">\n\t\t\n\t\t<figure class=\"wpb_wrapper vc_figure\">\n\t\t\t<a class=\"\" data-lightbox=\"lightbox[rel-4534-1503565139]\" href=\"https:\/\/ngoniabay.com\/wp-content\/uploads\/2020\/12\/2-1024x767.jpg\" target=\"_self\"><img decoding=\"async\" class=\"vc_single_image-img\" src=\"https:\/\/ngoniabay.com\/wp-content\/uploads\/2020\/12\/2-600x420.jpg\" width=\"600\" height=\"420\" alt=\"2\" title=\"2\" loading=\"lazy\" \/><\/a>\n\t\t<\/figure>\n\t<\/div>\n<\/div><\/div><\/div><div class=\"wpb_column vc_column_container vc_col-sm-6\"><div class=\"vc_column-inner\"><div class=\"wpb_wrapper\">\n\t<div  class=\"wpb_single_image wpb_content_element vc_align_left wpb_content_element\">\n\t\t\n\t\t<figure class=\"wpb_wrapper vc_figure\">\n\t\t\t<a class=\"\" data-lightbox=\"lightbox[rel-4534-4143810840]\" href=\"https:\/\/ngoniabay.com\/wp-content\/uploads\/2020\/12\/3-1024x683.jpg\" target=\"_self\"><img decoding=\"async\" class=\"vc_single_image-img\" src=\"https:\/\/ngoniabay.com\/wp-content\/uploads\/2020\/12\/3-600x420.jpg\" width=\"600\" height=\"420\" alt=\"Davide en Sicile :)\" title=\"Davide en Sicile :)\" loading=\"lazy\" \/><\/a>\n\t\t<\/figure>\n\t<\/div>\n<\/div><\/div><\/div><\/div><\/div><\/div><\/div><\/div><\/div><\/div><\/div><div data-eltd-parallax-speed=\"1\" class=\"vc_row wpb_row vc_row-fluid eltd-section eltd-content-aligment-center eltd-grid-section\" style=\"\"><div class=\"clearfix eltd-section-inner\"><div class=\"eltd-section-inner-margin clearfix\"><div class=\"wpb_column vc_column_container vc_col-sm-6\"><div class=\"vc_column-inner\"><div class=\"wpb_wrapper\"><div class=\"vc_empty_space\"   style=\"height: 20px\"><span class=\"vc_empty_space_inner\"><\/span><\/div>\n\t<div  class=\"wpb_single_image wpb_content_element vc_align_left wpb_content_element\">\n\t\t\n\t\t<figure class=\"wpb_wrapper vc_figure\">\n\t\t\t<a class=\"\" data-lightbox=\"lightbox[rel-4534-781120648]\" href=\"https:\/\/ngoniabay.com\/wp-content\/uploads\/2020\/12\/7-1024x683.jpg\" target=\"_self\"><img decoding=\"async\" class=\"vc_single_image-img\" src=\"https:\/\/ngoniabay.com\/wp-content\/uploads\/2020\/12\/7-600x400.jpg\" width=\"600\" height=\"400\" alt=\"7\" title=\"7\" loading=\"lazy\" \/><\/a>\n\t\t<\/figure>\n\t<\/div>\n<\/div><\/div><\/div><div class=\"wpb_column vc_column_container vc_col-sm-6\"><div class=\"vc_column-inner\"><div class=\"wpb_wrapper\"><div class=\"vc_empty_space\"   style=\"height: 20px\"><span class=\"vc_empty_space_inner\"><\/span><\/div>\n\t<div  class=\"wpb_single_image wpb_content_element vc_align_left wpb_content_element\">\n\t\t\n\t\t<figure class=\"wpb_wrapper vc_figure\">\n\t\t\t<a class=\"\" data-lightbox=\"lightbox[rel-4534-3773368492]\" href=\"https:\/\/ngoniabay.com\/wp-content\/uploads\/2020\/12\/5-1024x683.jpg\" target=\"_self\"><img decoding=\"async\" class=\"vc_single_image-img\" src=\"https:\/\/ngoniabay.com\/wp-content\/uploads\/2020\/12\/5-600x400.jpg\" width=\"600\" height=\"400\" alt=\"5\" title=\"5\" loading=\"lazy\" \/><\/a>\n\t\t<\/figure>\n\t<\/div>\n<\/div><\/div><\/div><\/div><\/div><\/div><div data-eltd-parallax-speed=\"1\" class=\"vc_row wpb_row vc_row-fluid eltd-section eltd-content-aligment-center eltd-grid-section\" style=\"\"><div class=\"clearfix eltd-section-inner\"><div class=\"eltd-section-inner-margin clearfix\"><div class=\"wpb_column vc_column_container vc_col-sm-6\"><div class=\"vc_column-inner\"><div class=\"wpb_wrapper\"><div class=\"vc_empty_space\"   style=\"height: 20px\"><span class=\"vc_empty_space_inner\"><\/span><\/div>\n\t<div  class=\"wpb_single_image wpb_content_element vc_align_left wpb_content_element\">\n\t\t\n\t\t<figure class=\"wpb_wrapper vc_figure\">\n\t\t\t<a class=\"\" data-lightbox=\"lightbox[rel-4534-1583870585]\" href=\"https:\/\/ngoniabay.com\/wp-content\/uploads\/2020\/12\/4-1024x683.jpg\" target=\"_self\"><img decoding=\"async\" class=\"vc_single_image-img\" src=\"https:\/\/ngoniabay.com\/wp-content\/uploads\/2020\/12\/4-600x400.jpg\" width=\"600\" height=\"400\" alt=\"4\" title=\"4\" loading=\"lazy\" \/><\/a>\n\t\t<\/figure>\n\t<\/div>\n<div class=\"vc_empty_space\"   style=\"height: 20px\"><span class=\"vc_empty_space_inner\"><\/span><\/div>\n\t<div  class=\"wpb_single_image wpb_content_element vc_align_left wpb_content_element\">\n\t\t\n\t\t<figure class=\"wpb_wrapper vc_figure\">\n\t\t\t<a class=\"\" data-lightbox=\"lightbox[rel-4534-128729138]\" href=\"https:\/\/ngoniabay.com\/wp-content\/uploads\/2020\/12\/01-1-683x1024.jpg\" target=\"_self\"><img decoding=\"async\" class=\"vc_single_image-img\" src=\"https:\/\/ngoniabay.com\/wp-content\/uploads\/2020\/12\/01-1-535x735.jpg\" width=\"535\" height=\"735\" alt=\"01 (1)\" title=\"01 (1)\" loading=\"lazy\" \/><\/a>\n\t\t<\/figure>\n\t<\/div>\n<\/div><\/div><\/div><div class=\"wpb_column vc_column_container vc_col-sm-6\"><div class=\"vc_column-inner\"><div class=\"wpb_wrapper\"><div class=\"vc_empty_space\"   style=\"height: 20px\"><span class=\"vc_empty_space_inner\"><\/span><\/div>\n\t<div  class=\"wpb_single_image wpb_content_element vc_align_left wpb_content_element\">\n\t\t\n\t\t<figure class=\"wpb_wrapper vc_figure\">\n\t\t\t<a class=\"\" data-lightbox=\"lightbox[rel-4534-1736342167]\" href=\"https:\/\/ngoniabay.com\/wp-content\/uploads\/2020\/12\/02-683x1024.jpg\" target=\"_self\"><img decoding=\"async\" class=\"vc_single_image-img\" src=\"https:\/\/ngoniabay.com\/wp-content\/uploads\/2020\/12\/02-535x735.jpg\" width=\"535\" height=\"735\" alt=\"02\" title=\"02\" loading=\"lazy\" \/><\/a>\n\t\t<\/figure>\n\t<\/div>\n<div class=\"vc_empty_space\"   style=\"height: 20px\"><span class=\"vc_empty_space_inner\"><\/span><\/div>\n\t<div  class=\"wpb_single_image wpb_content_element vc_align_left wpb_content_element\">\n\t\t\n\t\t<figure class=\"wpb_wrapper vc_figure\">\n\t\t\t<a class=\"\" data-lightbox=\"lightbox[rel-4534-3276647516]\" href=\"https:\/\/ngoniabay.com\/wp-content\/uploads\/2020\/12\/6-1024x683.jpg\" target=\"_self\"><img decoding=\"async\" class=\"vc_single_image-img\" src=\"https:\/\/ngoniabay.com\/wp-content\/uploads\/2020\/12\/6-600x400.jpg\" width=\"600\" height=\"400\" alt=\"6\" title=\"6\" loading=\"lazy\" \/><\/a>\n\t\t<\/figure>\n\t<\/div>\n<\/div><\/div><\/div><\/div><\/div><\/div><div data-eltd-parallax-speed=\"1\" class=\"vc_row wpb_row vc_row-fluid eltd-section eltd-content-aligment-left eltd-grid-section\" style=\"\"><div class=\"clearfix eltd-section-inner\"><div class=\"eltd-section-inner-margin clearfix\"><div class=\"wpb_column vc_column_container vc_col-sm-12\"><div class=\"vc_column-inner\"><div class=\"wpb_wrapper\"><div class=\"vc_empty_space\"   style=\"height: 10px\"><span class=\"vc_empty_space_inner\"><\/span><\/div>\n\t<div  class=\"wpb_single_image wpb_content_element vc_align_center wpb_content_element\">\n\t\t\n\t\t<figure class=\"wpb_wrapper vc_figure\">\n\t\t\t<div class=\"vc_single_image-wrapper   vc_box_border_grey\"><img decoding=\"async\" class=\"vc_single_image-img\" src=\"https:\/\/ngoniabay.com\/wp-content\/uploads\/2019\/02\/ngonia-logo-2-200x200.png\" width=\"200\" height=\"200\" alt=\"ngonia-logo\" title=\"ngonia-logo\" loading=\"lazy\" \/><\/div>\n\t\t<\/figure>\n\t<\/div>\n<div class=\"vc_empty_space\"   style=\"height: 50px\"><span class=\"vc_empty_space_inner\"><\/span><\/div><\/div><\/div><\/div><\/div><\/div><\/div>\n<\/div>","protected":false},"excerpt":{"rendered":"Un balcon avec vue sur la beaut\u00e9 Situ\u00e9e au dernier \u00e9tage de l'h\u00f4tel, la terrasse donne sur la baie de Tone et abrite un solarium et un bain \u00e0 remous accessibles \u00e0 tous les clients de l'h\u00f4tel jusqu'\u00e0 18 heures. Prenez un verre sous le soleil sicilien. Pendant...","protected":false},"author":1,"featured_media":5185,"parent":0,"menu_order":0,"comment_status":"closed","ping_status":"closed","template":"full-width.php","meta":{"om_disable_all_campaigns":false,"footnotes":""},"class_list":["post-4534","page","type-page","status-publish","has-post-thumbnail","hentry"],"acf":[],"yoast_head":"<!-- This site is optimized with the Yoast SEO Premium plugin v25.2 (Yoast SEO v25.3) - https:\/\/yoast.com\/wordpress\/plugins\/seo\/ -->\n<title>La Terrazza - Ngonia Bay<\/title>\n<meta name=\"description\" content=\"Situata all\u2019ultimo piano della struttura, la terrazza si affaccia sulla baia del Tono, ospita il solarium e la vasca idromassaggio!\" \/>\n<meta name=\"robots\" content=\"index, follow, max-snippet:-1, max-image-preview:large, max-video-preview:-1\" \/>\n<link rel=\"canonical\" href=\"http:\/\/ngoniabay.com\/fr\/la-terrasse\/\" \/>\n<meta property=\"og:locale\" content=\"fr_FR\" \/>\n<meta property=\"og:type\" content=\"article\" \/>\n<meta property=\"og:title\" content=\"La Terrazza\" \/>\n<meta property=\"og:description\" content=\"Situata all\u2019ultimo piano della struttura, la terrazza si affaccia sulla baia del Tono, ospita il solarium e la vasca idromassaggio!\" \/>\n<meta property=\"og:url\" content=\"http:\/\/ngoniabay.com\/fr\/la-terrasse\/\" \/>\n<meta property=\"og:site_name\" content=\"Ngonia Bay\" \/>\n<meta property=\"article:modified_time\" content=\"2025-05-23T05:59:43+00:00\" \/>\n<meta property=\"og:image\" content=\"https:\/\/ngoniabay.com\/wp-content\/uploads\/2019\/07\/IMG_2048-1.jpg\" \/>\n\t<meta property=\"og:image:width\" content=\"1920\" \/>\n\t<meta property=\"og:image:height\" content=\"572\" \/>\n\t<meta property=\"og:image:type\" content=\"image\/jpeg\" \/>\n<meta name=\"twitter:card\" content=\"summary_large_image\" \/>\n<meta name=\"twitter:label1\" content=\"Dur\u00e9e de lecture estim\u00e9e\" \/>\n\t<meta name=\"twitter:data1\" content=\"4 minutes\" \/>\n<script type=\"application\/ld+json\" class=\"yoast-schema-graph\">{\"@context\":\"https:\/\/schema.org\",\"@graph\":[{\"@type\":\"WebPage\",\"@id\":\"http:\/\/ngoniabay.com\/fr\/la-terrasse\/\",\"url\":\"http:\/\/ngoniabay.com\/fr\/la-terrasse\/\",\"name\":\"La Terrazza - Ngonia Bay\",\"isPartOf\":{\"@id\":\"https:\/\/ngoniabay.com\/fr\/#website\"},\"primaryImageOfPage\":{\"@id\":\"http:\/\/ngoniabay.com\/fr\/la-terrasse\/#primaryimage\"},\"image\":{\"@id\":\"http:\/\/ngoniabay.com\/fr\/la-terrasse\/#primaryimage\"},\"thumbnailUrl\":\"https:\/\/ngoniabay.com\/wp-content\/uploads\/2019\/07\/IMG_2048-1.jpg\",\"datePublished\":\"2019-02-23T15:00:20+00:00\",\"dateModified\":\"2025-05-23T05:59:43+00:00\",\"description\":\"Situata all\u2019ultimo piano della struttura, la terrazza si affaccia sulla baia del Tono, ospita il solarium e la vasca idromassaggio!\",\"breadcrumb\":{\"@id\":\"http:\/\/ngoniabay.com\/fr\/la-terrasse\/#breadcrumb\"},\"inLanguage\":\"fr-FR\",\"potentialAction\":[{\"@type\":\"ReadAction\",\"target\":[\"http:\/\/ngoniabay.com\/fr\/la-terrasse\/\"]}]},{\"@type\":\"ImageObject\",\"inLanguage\":\"fr-FR\",\"@id\":\"http:\/\/ngoniabay.com\/fr\/la-terrasse\/#primaryimage\",\"url\":\"https:\/\/ngoniabay.com\/wp-content\/uploads\/2019\/07\/IMG_2048-1.jpg\",\"contentUrl\":\"https:\/\/ngoniabay.com\/wp-content\/uploads\/2019\/07\/IMG_2048-1.jpg\",\"width\":1920,\"height\":572},{\"@type\":\"BreadcrumbList\",\"@id\":\"http:\/\/ngoniabay.com\/fr\/la-terrasse\/#breadcrumb\",\"itemListElement\":[{\"@type\":\"ListItem\",\"position\":1,\"name\":\"Home\",\"item\":\"https:\/\/ngoniabay.com\/\"},{\"@type\":\"ListItem\",\"position\":2,\"name\":\"La Terrazza\"}]},{\"@type\":\"WebSite\",\"@id\":\"https:\/\/ngoniabay.com\/fr\/#website\",\"url\":\"https:\/\/ngoniabay.com\/fr\/\",\"name\":\"Ngonia Bay\",\"description\":\"Ngonia Bay\",\"potentialAction\":[{\"@type\":\"SearchAction\",\"target\":{\"@type\":\"EntryPoint\",\"urlTemplate\":\"https:\/\/ngoniabay.com\/fr\/?s={search_term_string}\"},\"query-input\":{\"@type\":\"PropertyValueSpecification\",\"valueRequired\":true,\"valueName\":\"search_term_string\"}}],\"inLanguage\":\"fr-FR\"}]}<\/script>\n<!-- \/ Yoast SEO Premium plugin. -->","yoast_head_json":{"title":"La Terrazza - Ngonia Bay","description":"Situata all\u2019ultimo piano della struttura, la terrazza si affaccia sulla baia del Tono, ospita il solarium e la vasca idromassaggio!","robots":{"index":"index","follow":"follow","max-snippet":"max-snippet:-1","max-image-preview":"max-image-preview:large","max-video-preview":"max-video-preview:-1"},"canonical":"http:\/\/ngoniabay.com\/fr\/la-terrasse\/","og_locale":"fr_FR","og_type":"article","og_title":"La Terrazza","og_description":"Situata all\u2019ultimo piano della struttura, la terrazza si affaccia sulla baia del Tono, ospita il solarium e la vasca idromassaggio!","og_url":"http:\/\/ngoniabay.com\/fr\/la-terrasse\/","og_site_name":"Ngonia Bay","article_modified_time":"2025-05-23T05:59:43+00:00","og_image":[{"width":1920,"height":572,"url":"https:\/\/ngoniabay.com\/wp-content\/uploads\/2019\/07\/IMG_2048-1.jpg","type":"image\/jpeg"}],"twitter_card":"summary_large_image","twitter_misc":{"Dur\u00e9e de lecture estim\u00e9e":"4 minutes"},"schema":{"@context":"https:\/\/schema.org","@graph":[{"@type":"WebPage","@id":"http:\/\/ngoniabay.com\/fr\/la-terrasse\/","url":"http:\/\/ngoniabay.com\/fr\/la-terrasse\/","name":"La Terrazza - Ngonia Bay","isPartOf":{"@id":"https:\/\/ngoniabay.com\/fr\/#website"},"primaryImageOfPage":{"@id":"http:\/\/ngoniabay.com\/fr\/la-terrasse\/#primaryimage"},"image":{"@id":"http:\/\/ngoniabay.com\/fr\/la-terrasse\/#primaryimage"},"thumbnailUrl":"https:\/\/ngoniabay.com\/wp-content\/uploads\/2019\/07\/IMG_2048-1.jpg","datePublished":"2019-02-23T15:00:20+00:00","dateModified":"2025-05-23T05:59:43+00:00","description":"Situata all\u2019ultimo piano della struttura, la terrazza si affaccia sulla baia del Tono, ospita il solarium e la vasca idromassaggio!","breadcrumb":{"@id":"http:\/\/ngoniabay.com\/fr\/la-terrasse\/#breadcrumb"},"inLanguage":"fr-FR","potentialAction":[{"@type":"ReadAction","target":["http:\/\/ngoniabay.com\/fr\/la-terrasse\/"]}]},{"@type":"ImageObject","inLanguage":"fr-FR","@id":"http:\/\/ngoniabay.com\/fr\/la-terrasse\/#primaryimage","url":"https:\/\/ngoniabay.com\/wp-content\/uploads\/2019\/07\/IMG_2048-1.jpg","contentUrl":"https:\/\/ngoniabay.com\/wp-content\/uploads\/2019\/07\/IMG_2048-1.jpg","width":1920,"height":572},{"@type":"BreadcrumbList","@id":"http:\/\/ngoniabay.com\/fr\/la-terrasse\/#breadcrumb","itemListElement":[{"@type":"ListItem","position":1,"name":"Home","item":"https:\/\/ngoniabay.com\/"},{"@type":"ListItem","position":2,"name":"La Terrazza"}]},{"@type":"WebSite","@id":"https:\/\/ngoniabay.com\/fr\/#website","url":"https:\/\/ngoniabay.com\/fr\/","name":"Ngonia Bay","description":"Ngonia Bay","potentialAction":[{"@type":"SearchAction","target":{"@type":"EntryPoint","urlTemplate":"https:\/\/ngoniabay.com\/fr\/?s={search_term_string}"},"query-input":{"@type":"PropertyValueSpecification","valueRequired":true,"valueName":"search_term_string"}}],"inLanguage":"fr-FR"}]}},"_links":{"self":[{"href":"https:\/\/ngoniabay.com\/fr\/wp-json\/wp\/v2\/pages\/4534","targetHints":{"allow":["GET"]}}],"collection":[{"href":"https:\/\/ngoniabay.com\/fr\/wp-json\/wp\/v2\/pages"}],"about":[{"href":"https:\/\/ngoniabay.com\/fr\/wp-json\/wp\/v2\/types\/page"}],"author":[{"embeddable":true,"href":"https:\/\/ngoniabay.com\/fr\/wp-json\/wp\/v2\/users\/1"}],"replies":[{"embeddable":true,"href":"https:\/\/ngoniabay.com\/fr\/wp-json\/wp\/v2\/comments?post=4534"}],"version-history":[{"count":1,"href":"https:\/\/ngoniabay.com\/fr\/wp-json\/wp\/v2\/pages\/4534\/revisions"}],"predecessor-version":[{"id":12786,"href":"https:\/\/ngoniabay.com\/fr\/wp-json\/wp\/v2\/pages\/4534\/revisions\/12786"}],"wp:featuredmedia":[{"embeddable":true,"href":"https:\/\/ngoniabay.com\/fr\/wp-json\/wp\/v2\/media\/5185"}],"wp:attachment":[{"href":"https:\/\/ngoniabay.com\/fr\/wp-json\/wp\/v2\/media?parent=4534"}],"curies":[{"name":"wp","href":"https:\/\/api.w.org\/{rel}","templated":true}]}}