
{"id":4631,"date":"2019-02-23T16:07:21","date_gmt":"2019-02-23T16:07:21","guid":{"rendered":"https:\/\/ngoniabay.com\/?page_id=4631"},"modified":"2026-03-24T17:22:30","modified_gmt":"2026-03-24T15:22:30","slug":"gusto-e-relax","status":"publish","type":"page","link":"http:\/\/ngoniabay.com\/fr\/bar-sicilien\/","title":{"rendered":"Go\u00fbt et Relaxation"},"content":{"rendered":"<div class=\"wpb-content-wrapper\"><div data-eltd-parallax-speed=\"1\" class=\"vc_row wpb_row vc_row-fluid eltd-section eltd-content-aligment-left\" style=\"\"><div class=\"clearfix eltd-full-section-inner\"><div class=\"wpb_column vc_column_container vc_col-sm-12\"><div class=\"vc_column-inner\"><div class=\"wpb_wrapper\"><div class=\"vc_empty_space\"   style=\"height: 42px\"><span class=\"vc_empty_space_inner\"><\/span><\/div><\/div><\/div><\/div><\/div><\/div><div data-eltd-parallax-speed=\"1\" class=\"vc_row wpb_row vc_row-fluid eltd-section eltd-content-aligment-left\" style=\"\"><div class=\"clearfix eltd-full-section-inner\"><div class=\"wpb_column vc_column_container vc_col-sm-6\"><div class=\"vc_column-inner\"><div class=\"wpb_wrapper\"><div class=\"vc_empty_space\"   style=\"height: 22px\"><span class=\"vc_empty_space_inner\"><\/span><\/div>\n\t<div  class=\"wpb_single_image wpb_content_element vc_align_center wpb_content_element\">\n\t\t\n\t\t<figure class=\"wpb_wrapper vc_figure\">\n\t\t\t<div class=\"vc_single_image-wrapper   vc_box_border_grey\"><img decoding=\"async\" class=\"vc_single_image-img\" src=\"https:\/\/ngoniabay.com\/wp-content\/uploads\/2025\/04\/10-scaled-800x450.jpg\" width=\"800\" height=\"450\" alt=\"10\" title=\"10\" loading=\"lazy\" \/><\/div>\n\t\t<\/figure>\n\t<\/div>\n<\/div><\/div><\/div><div class=\"wpb_column vc_column_container vc_col-sm-6\"><div class=\"vc_column-inner\"><div class=\"wpb_wrapper\"><div class=\"vc_empty_space\"   style=\"height: 22px\"><span class=\"vc_empty_space_inner\"><\/span><\/div><div class=\"eltd-section-title-outer-holder animate\" style=\"text-align: left\">\n\t<div class=\"eltd-section-title-subtitle-holder\">\n\t\t<h3 class=\"eltd-section-subtitle\" style=\";\">Baie de Ngonia<\/h3>\n\t<\/div>\n\t<div class=\"eltd-section-title-holder\">\n\t\t<h2 class=\"eltd-section-title\" style=\";\">L\u00e0 o\u00f9 la mer rencontre la saveur<\/h2>\n\t<\/div>\n<\/div><div data-eltd-parallax-speed=\"1\" class=\"vc_row wpb_row vc_inner vc_row-fluid eltd-section eltd-content-aligment-left\" style=\"\"><div class=\"eltd-full-section-inner\"><div class=\"wpb_column vc_column_container vc_col-sm-12\"><div class=\"vc_column-inner\"><div class=\"wpb_wrapper\">\n\t<div class=\"wpb_text_column wpb_content_element\" >\n\t\t<div class=\"wpb_wrapper\">\n\t\t\t<p>Le Sicilian Bar du Ngonia Bay est l'endroit id\u00e9al pour vivre des moments de d\u00e9tente et de plaisir,<br \/>\nplong\u00e9 dans l'atmosph\u00e8re magique de la baie.<br \/>\nSitu\u00e9 dans notre \u00e9l\u00e9gant dehors sur la Piazza Angonia, avec vue sur la baie,<br \/>\nest la r\u00e9f\u00e9rence pour ceux qui souhaitent prendre un petit-d\u00e9jeuner avec vue sur la mer,<br \/>\nun d\u00e9jeuner authentique ou un ap\u00e9ritif au coucher du soleil,<br \/>\ntoujours accompagn\u00e9s d'un service attentif et amical.<\/p>\n\n\t\t<\/div>\n\t<\/div>\n<\/div><\/div><\/div><\/div><\/div><\/div><\/div><\/div><\/div><\/div>\n<\/div>","protected":false},"excerpt":{"rendered":"Ngonia Bay O\u00f9 la mer rencontre la saveur Le bar sicilien de Ngonia Bay est l'endroit id\u00e9al pour vivre des moments de d\u00e9tente et de plaisir, immerg\u00e9 dans l'atmosph\u00e8re magique de la baie. Situ\u00e9 dans notre \u00e9l\u00e9gant dehors sur la Piazza Angonia, surplombant la baie, il est...","protected":false},"author":1,"featured_media":0,"parent":0,"menu_order":0,"comment_status":"closed","ping_status":"closed","template":"full-width.php","meta":{"om_disable_all_campaigns":false,"footnotes":""},"class_list":["post-4631","page","type-page","status-publish","hentry"],"acf":[],"yoast_head":"<!-- This site is optimized with the Yoast SEO Premium plugin v25.2 (Yoast SEO v25.3) - https:\/\/yoast.com\/wordpress\/plugins\/seo\/ -->\n<title>Gusto e Relax - Ngonia Bay<\/title>\n<meta name=\"description\" content=\"Il Sicilian Bar di Ngonia Bay \u00e8 il luogo ideale per vivere momenti di relax e piacere, immersi nella magica atmosfera della baia.\" \/>\n<meta name=\"robots\" content=\"index, follow, max-snippet:-1, max-image-preview:large, max-video-preview:-1\" \/>\n<link rel=\"canonical\" href=\"http:\/\/ngoniabay.com\/fr\/bar-sicilien\/\" \/>\n<meta property=\"og:locale\" content=\"fr_FR\" \/>\n<meta property=\"og:type\" content=\"article\" \/>\n<meta property=\"og:title\" content=\"Gusto e Relax\" \/>\n<meta property=\"og:description\" content=\"Il Sicilian Bar di Ngonia Bay \u00e8 il luogo ideale per vivere momenti di relax e piacere, immersi nella magica atmosfera della baia.\" \/>\n<meta property=\"og:url\" content=\"http:\/\/ngoniabay.com\/fr\/bar-sicilien\/\" \/>\n<meta property=\"og:site_name\" content=\"Ngonia Bay\" \/>\n<meta property=\"article:modified_time\" content=\"2026-03-24T15:22:30+00:00\" \/>\n<meta name=\"twitter:card\" content=\"summary_large_image\" \/>\n<meta name=\"twitter:label1\" content=\"Dur\u00e9e de lecture estim\u00e9e\" \/>\n\t<meta name=\"twitter:data1\" content=\"2 minutes\" \/>\n<script type=\"application\/ld+json\" class=\"yoast-schema-graph\">{\"@context\":\"https:\/\/schema.org\",\"@graph\":[{\"@type\":\"WebPage\",\"@id\":\"http:\/\/ngoniabay.com\/fr\/bar-sicilien\/\",\"url\":\"http:\/\/ngoniabay.com\/fr\/bar-sicilien\/\",\"name\":\"Gusto e Relax - Ngonia Bay\",\"isPartOf\":{\"@id\":\"https:\/\/ngoniabay.com\/fr\/#website\"},\"datePublished\":\"2019-02-23T16:07:21+00:00\",\"dateModified\":\"2026-03-24T15:22:30+00:00\",\"description\":\"Il Sicilian Bar di Ngonia Bay \u00e8 il luogo ideale per vivere momenti di relax e piacere, immersi nella magica atmosfera della baia.\",\"breadcrumb\":{\"@id\":\"http:\/\/ngoniabay.com\/fr\/bar-sicilien\/#breadcrumb\"},\"inLanguage\":\"fr-FR\",\"potentialAction\":[{\"@type\":\"ReadAction\",\"target\":[\"http:\/\/ngoniabay.com\/fr\/bar-sicilien\/\"]}]},{\"@type\":\"BreadcrumbList\",\"@id\":\"http:\/\/ngoniabay.com\/fr\/bar-sicilien\/#breadcrumb\",\"itemListElement\":[{\"@type\":\"ListItem\",\"position\":1,\"name\":\"Home\",\"item\":\"https:\/\/ngoniabay.com\/\"},{\"@type\":\"ListItem\",\"position\":2,\"name\":\"Gusto e Relax\"}]},{\"@type\":\"WebSite\",\"@id\":\"https:\/\/ngoniabay.com\/fr\/#website\",\"url\":\"https:\/\/ngoniabay.com\/fr\/\",\"name\":\"Ngonia Bay\",\"description\":\"Ngonia Bay\",\"potentialAction\":[{\"@type\":\"SearchAction\",\"target\":{\"@type\":\"EntryPoint\",\"urlTemplate\":\"https:\/\/ngoniabay.com\/fr\/?s={search_term_string}\"},\"query-input\":{\"@type\":\"PropertyValueSpecification\",\"valueRequired\":true,\"valueName\":\"search_term_string\"}}],\"inLanguage\":\"fr-FR\"}]}<\/script>\n<!-- \/ Yoast SEO Premium plugin. -->","yoast_head_json":{"title":"Gusto e Relax - Ngonia Bay","description":"Il Sicilian Bar di Ngonia Bay \u00e8 il luogo ideale per vivere momenti di relax e piacere, immersi nella magica atmosfera della baia.","robots":{"index":"index","follow":"follow","max-snippet":"max-snippet:-1","max-image-preview":"max-image-preview:large","max-video-preview":"max-video-preview:-1"},"canonical":"http:\/\/ngoniabay.com\/fr\/bar-sicilien\/","og_locale":"fr_FR","og_type":"article","og_title":"Gusto e Relax","og_description":"Il Sicilian Bar di Ngonia Bay \u00e8 il luogo ideale per vivere momenti di relax e piacere, immersi nella magica atmosfera della baia.","og_url":"http:\/\/ngoniabay.com\/fr\/bar-sicilien\/","og_site_name":"Ngonia Bay","article_modified_time":"2026-03-24T15:22:30+00:00","twitter_card":"summary_large_image","twitter_misc":{"Dur\u00e9e de lecture estim\u00e9e":"2 minutes"},"schema":{"@context":"https:\/\/schema.org","@graph":[{"@type":"WebPage","@id":"http:\/\/ngoniabay.com\/fr\/bar-sicilien\/","url":"http:\/\/ngoniabay.com\/fr\/bar-sicilien\/","name":"Gusto e Relax - Ngonia Bay","isPartOf":{"@id":"https:\/\/ngoniabay.com\/fr\/#website"},"datePublished":"2019-02-23T16:07:21+00:00","dateModified":"2026-03-24T15:22:30+00:00","description":"Il Sicilian Bar di Ngonia Bay \u00e8 il luogo ideale per vivere momenti di relax e piacere, immersi nella magica atmosfera della baia.","breadcrumb":{"@id":"http:\/\/ngoniabay.com\/fr\/bar-sicilien\/#breadcrumb"},"inLanguage":"fr-FR","potentialAction":[{"@type":"ReadAction","target":["http:\/\/ngoniabay.com\/fr\/bar-sicilien\/"]}]},{"@type":"BreadcrumbList","@id":"http:\/\/ngoniabay.com\/fr\/bar-sicilien\/#breadcrumb","itemListElement":[{"@type":"ListItem","position":1,"name":"Home","item":"https:\/\/ngoniabay.com\/"},{"@type":"ListItem","position":2,"name":"Gusto e Relax"}]},{"@type":"WebSite","@id":"https:\/\/ngoniabay.com\/fr\/#website","url":"https:\/\/ngoniabay.com\/fr\/","name":"Ngonia Bay","description":"Ngonia Bay","potentialAction":[{"@type":"SearchAction","target":{"@type":"EntryPoint","urlTemplate":"https:\/\/ngoniabay.com\/fr\/?s={search_term_string}"},"query-input":{"@type":"PropertyValueSpecification","valueRequired":true,"valueName":"search_term_string"}}],"inLanguage":"fr-FR"}]}},"_links":{"self":[{"href":"https:\/\/ngoniabay.com\/fr\/wp-json\/wp\/v2\/pages\/4631","targetHints":{"allow":["GET"]}}],"collection":[{"href":"https:\/\/ngoniabay.com\/fr\/wp-json\/wp\/v2\/pages"}],"about":[{"href":"https:\/\/ngoniabay.com\/fr\/wp-json\/wp\/v2\/types\/page"}],"author":[{"embeddable":true,"href":"https:\/\/ngoniabay.com\/fr\/wp-json\/wp\/v2\/users\/1"}],"replies":[{"embeddable":true,"href":"https:\/\/ngoniabay.com\/fr\/wp-json\/wp\/v2\/comments?post=4631"}],"version-history":[{"count":35,"href":"https:\/\/ngoniabay.com\/fr\/wp-json\/wp\/v2\/pages\/4631\/revisions"}],"predecessor-version":[{"id":13656,"href":"https:\/\/ngoniabay.com\/fr\/wp-json\/wp\/v2\/pages\/4631\/revisions\/13656"}],"wp:attachment":[{"href":"https:\/\/ngoniabay.com\/fr\/wp-json\/wp\/v2\/media?parent=4631"}],"curies":[{"name":"wp","href":"https:\/\/api.w.org\/{rel}","templated":true}]}}