
{"id":4748,"date":"2019-03-02T09:48:41","date_gmt":"2019-03-02T09:48:41","guid":{"rendered":"https:\/\/ngoniabay.com\/?page_id=4748"},"modified":"2024-05-09T14:25:57","modified_gmt":"2024-05-09T12:25:57","slug":"iles-eoliennes","status":"publish","type":"page","link":"http:\/\/ngoniabay.com\/fr\/iles-eoliennes\/","title":{"rendered":"\u00celes \u00c9oliennes"},"content":{"rendered":"<div class=\"wpb-content-wrapper\"><div data-eltd-parallax-speed=\"1\" class=\"vc_row wpb_row vc_row-fluid eltd-section eltd-content-aligment-center eltd-grid-section\" style=\"\"><div class=\"clearfix eltd-section-inner\"><div class=\"eltd-section-inner-margin clearfix\"><div class=\"wpb_column vc_column_container vc_col-sm-12 vc_col-lg-offset-2 vc_col-lg-8\"><div class=\"vc_column-inner\"><div class=\"wpb_wrapper\"><div class=\"vc_empty_space\"   style=\"height: 22px\"><span class=\"vc_empty_space_inner\"><\/span><\/div><div class=\"eltd-section-title-outer-holder animate\" style=\"text-align: center\">\n\t<div class=\"eltd-section-title-subtitle-holder\">\n\t\t<h3 class=\"eltd-section-subtitle\" style=\";\">d\u00e9couvrir<\/h3>\n\t<\/div>\n\t<div class=\"eltd-section-title-holder\">\n\t\t<h2 class=\"eltd-section-title\" style=\";\">Archipel \u00e9olien<\/h2>\n\t<\/div>\n<\/div><div class=\"vc_empty_space\"   style=\"height: 60px\"><span class=\"vc_empty_space_inner\"><\/span><\/div><\/div><\/div><\/div><\/div><\/div><\/div><div data-eltd-parallax-speed=\"1\" class=\"vc_row wpb_row vc_row-fluid eltd-section eltd-content-aligment-left eltd-grid-section\" style=\"\"><div class=\"clearfix eltd-section-inner\"><div class=\"eltd-section-inner-margin clearfix\"><div class=\"wpb_column vc_column_container vc_col-sm-6\"><div class=\"vc_column-inner\"><div class=\"wpb_wrapper\">\n\t<div  class=\"wpb_single_image wpb_content_element vc_align_left wpb_content_element\">\n\t\t\n\t\t<figure class=\"wpb_wrapper vc_figure\">\n\t\t\t<div class=\"vc_single_image-wrapper   vc_box_border_grey\"><img decoding=\"async\" class=\"vc_single_image-img\" src=\"https:\/\/ngoniabay.com\/wp-content\/uploads\/2019\/03\/panarea-800x600.jpg\" width=\"800\" height=\"600\" alt=\"panarea\" title=\"panarea\" loading=\"lazy\" \/><\/div>\n\t\t<\/figure>\n\t<\/div>\n<div data-eltd-parallax-speed=\"1\" class=\"vc_row wpb_row vc_inner vc_row-fluid eltd-section eltd-content-aligment-left\" style=\"\"><div class=\"eltd-full-section-inner\"><div class=\"wpb_column vc_column_container vc_col-sm-6\"><div class=\"vc_column-inner\"><div class=\"wpb_wrapper\"><div class=\"vc_empty_space\"   style=\"height: 12px\"><span class=\"vc_empty_space_inner\"><\/span><\/div><\/div><\/div><\/div><div class=\"wpb_column vc_column_container vc_col-sm-6\"><div class=\"vc_column-inner\"><div class=\"wpb_wrapper\"><div class=\"vc_empty_space\"   style=\"height: 12px\"><span class=\"vc_empty_space_inner\"><\/span><\/div><\/div><\/div><\/div><\/div><\/div><\/div><\/div><\/div><div class=\"wpb_column vc_column_container vc_col-sm-6\"><div class=\"vc_column-inner\"><div class=\"wpb_wrapper\">\n\t<div class=\"wpb_text_column wpb_content_element\" >\n\t\t<div class=\"wpb_wrapper\">\n\t\t\t<blockquote><p>\n\"M\u00eame la peinture ne donnerait pas une id\u00e9e de cette terre convulsive, br\u00fblante, presque fondante. Nous ne pouvions pas distinguer notre voyage de notre r\u00eave\". A. Dumas\n<\/p><\/blockquote>\n<p>Les \u00eeles \u00c9oliennes, \u00e9galement connues sous le nom d'\u00eeles Lipari, sont un archipel d'origine volcanique, situ\u00e9 dans la mer Tyrrh\u00e9nienne au nord de la c\u00f4te sicilienne, un lieu d'une beaut\u00e9 sauvage et rare. Les \u00eeles portent le nom du dieu \u00c9ole, roi des vents, qui, selon la mythologie grecque, y a \u00e9tabli sa r\u00e9sidence et leur a donn\u00e9 son nom en raison de sa renomm\u00e9e de dompteur des vents.<\/p>\n<p>Le premier d'une longue lign\u00e9e d'illustres voyageurs fut Ulysse qui, comme le raconte Hom\u00e8re dans l'Odyss\u00e9e, arriva aux \u00eeles \u00c9oliennes apr\u00e8s avoir surv\u00e9cu au cyclope Polyph\u00e8me, fut accueilli par \u00c9ole et re\u00e7ut l'outre contenant les vents contraires qui le ram\u00e8neraient chez lui.<br \/>\nC'est ainsi que l'archipel est \u00e0 nouveau mentionn\u00e9 par Virgile dans l'En\u00e9ide avec la c\u00e9l\u00e8bre description de l'\u00eele de Vulcain, forge mythologique o\u00f9 le dieu du m\u00eame nom forgeait les m\u00e9taux.<\/p>\n<p>L'archipel des \u00c9oliennes est compos\u00e9 de sept \u00eeles : Vulcano, Lipari, Salina, Alicudi, Filicudi, Panarea et Stromboli. Elles comprennent deux volcans actifs, Stromboli et Vulcano, ainsi que divers ph\u00e9nom\u00e8nes de volcanisme secondaire. L'histoire mill\u00e9naire de l'archipel est bien document\u00e9e par le Museo Archeologico Regionale Eoliano, qui a son si\u00e8ge \u00e0 Lipari et des sections d\u00e9tach\u00e9es \u00e0 Filicudi et Panarea.<\/p>\n\n\t\t<\/div>\n\t<\/div>\n<div class=\"vc_empty_space\"   style=\"height: 32px\"><span class=\"vc_empty_space_inner\"><\/span><\/div><\/div><\/div><\/div><\/div><\/div><\/div><div data-eltd-parallax-speed=\"1\" class=\"vc_row wpb_row vc_row-fluid eltd-section eltd-content-aligment-center eltd-grid-section\" style=\"\"><div class=\"clearfix eltd-section-inner\"><div class=\"eltd-section-inner-margin clearfix\"><div class=\"wpb_column vc_column_container vc_col-sm-6\"><div class=\"vc_column-inner\"><div class=\"wpb_wrapper\"><div class=\"vc_empty_space\"   style=\"height: 50px\"><span class=\"vc_empty_space_inner\"><\/span><\/div>\n\t<div  class=\"wpb_single_image wpb_content_element vc_align_left wpb_content_element\">\n\t\t\n\t\t<figure class=\"wpb_wrapper vc_figure\">\n\t\t\t<div class=\"vc_single_image-wrapper   vc_box_border_grey\"><img decoding=\"async\" class=\"vc_single_image-img\" src=\"https:\/\/ngoniabay.com\/wp-content\/uploads\/2019\/03\/vulcano1-600x400.jpg\" width=\"600\" height=\"400\" alt=\"volcan1\" title=\"volcan1\" loading=\"lazy\" \/><\/div>\n\t\t<\/figure>\n\t<\/div>\n<\/div><\/div><\/div><div class=\"wpb_column vc_column_container vc_col-sm-6\"><div class=\"vc_column-inner\"><div class=\"wpb_wrapper\"><div class=\"vc_empty_space\"   style=\"height: 50px\"><span class=\"vc_empty_space_inner\"><\/span><\/div>\n\t<div  class=\"wpb_single_image wpb_content_element vc_align_left wpb_content_element\">\n\t\t\n\t\t<figure class=\"wpb_wrapper vc_figure\">\n\t\t\t<div class=\"vc_single_image-wrapper   vc_box_border_grey\"><img decoding=\"async\" class=\"vc_single_image-img\" src=\"https:\/\/ngoniabay.com\/wp-content\/uploads\/2019\/03\/vulcano-600x400.jpg\" width=\"600\" height=\"400\" alt=\"volcan\" title=\"volcan\" loading=\"lazy\" \/><\/div>\n\t\t<\/figure>\n\t<\/div>\n<\/div><\/div><\/div><\/div><\/div><\/div><div data-eltd-parallax-speed=\"1\" class=\"vc_row wpb_row vc_row-fluid eltd-section eltd-content-aligment-center eltd-grid-section\" style=\"\"><div class=\"clearfix eltd-section-inner\"><div class=\"eltd-section-inner-margin clearfix\"><div class=\"wpb_column vc_column_container vc_col-sm-6\"><div class=\"vc_column-inner\"><div class=\"wpb_wrapper\"><div class=\"vc_empty_space\"   style=\"height: 20px\"><span class=\"vc_empty_space_inner\"><\/span><\/div>\n\t<div  class=\"wpb_single_image wpb_content_element vc_align_left wpb_content_element\">\n\t\t\n\t\t<figure class=\"wpb_wrapper vc_figure\">\n\t\t\t<div class=\"vc_single_image-wrapper   vc_box_border_grey\"><img decoding=\"async\" class=\"vc_single_image-img\" src=\"https:\/\/ngoniabay.com\/wp-content\/uploads\/2019\/03\/tramonto-isole-eolie-600x400.jpg\" width=\"600\" height=\"400\" alt=\"\u00eeles \u00e9oliennes coucher de soleil\" title=\"\u00eeles \u00e9oliennes coucher de soleil\" loading=\"lazy\" \/><\/div>\n\t\t<\/figure>\n\t<\/div>\n<\/div><\/div><\/div><div class=\"wpb_column vc_column_container vc_col-sm-6\"><div class=\"vc_column-inner\"><div class=\"wpb_wrapper\"><div class=\"vc_empty_space\"   style=\"height: 20px\"><span class=\"vc_empty_space_inner\"><\/span><\/div>\n\t<div  class=\"wpb_single_image wpb_content_element vc_align_left wpb_content_element\">\n\t\t\n\t\t<figure class=\"wpb_wrapper vc_figure\">\n\t\t\t<div class=\"vc_single_image-wrapper   vc_box_border_grey\"><img decoding=\"async\" class=\"vc_single_image-img\" src=\"https:\/\/ngoniabay.com\/wp-content\/uploads\/2019\/03\/stromboli-600x400.jpg\" width=\"600\" height=\"400\" alt=\"stromboli\" title=\"stromboli\" loading=\"lazy\" \/><\/div>\n\t\t<\/figure>\n\t<\/div>\n<\/div><\/div><\/div><\/div><\/div><\/div><div data-eltd-parallax-speed=\"1\" class=\"vc_row wpb_row vc_row-fluid eltd-section eltd-content-aligment-center eltd-grid-section\" style=\"\"><div class=\"clearfix eltd-section-inner\"><div class=\"eltd-section-inner-margin clearfix\"><div class=\"wpb_column vc_column_container vc_col-sm-6\"><div class=\"vc_column-inner\"><div class=\"wpb_wrapper\"><div class=\"vc_empty_space\"   style=\"height: 20px\"><span class=\"vc_empty_space_inner\"><\/span><\/div>\n\t<div  class=\"wpb_single_image wpb_content_element vc_align_left wpb_content_element\">\n\t\t\n\t\t<figure class=\"wpb_wrapper vc_figure\">\n\t\t\t<div class=\"vc_single_image-wrapper   vc_box_border_grey\"><img decoding=\"async\" class=\"vc_single_image-img\" src=\"https:\/\/ngoniabay.com\/wp-content\/uploads\/2019\/03\/isole-eolie-2-600x400.jpg\" width=\"600\" height=\"400\" alt=\"\u00eeles \u00e9oliennes 2\" title=\"\u00eeles \u00e9oliennes 2\" loading=\"lazy\" \/><\/div>\n\t\t<\/figure>\n\t<\/div>\n<\/div><\/div><\/div><div class=\"wpb_column vc_column_container vc_col-sm-6\"><div class=\"vc_column-inner\"><div class=\"wpb_wrapper\"><div class=\"vc_empty_space\"   style=\"height: 20px\"><span class=\"vc_empty_space_inner\"><\/span><\/div>\n\t<div  class=\"wpb_single_image wpb_content_element vc_align_left wpb_content_element\">\n\t\t\n\t\t<figure class=\"wpb_wrapper vc_figure\">\n\t\t\t<div class=\"vc_single_image-wrapper   vc_box_border_grey\"><img decoding=\"async\" class=\"vc_single_image-img\" src=\"https:\/\/ngoniabay.com\/wp-content\/uploads\/2019\/03\/isole-eolie-1-600x400.jpg\" width=\"600\" height=\"400\" alt=\"\u00eeles \u00e9oliennes 1\" title=\"\u00eeles \u00e9oliennes 1\" loading=\"lazy\" \/><\/div>\n\t\t<\/figure>\n\t<\/div>\n<\/div><\/div><\/div><\/div><\/div><\/div><div data-eltd-parallax-speed=\"1\" class=\"vc_row wpb_row vc_row-fluid eltd-section eltd-content-aligment-left eltd-grid-section\" style=\"\"><div class=\"clearfix eltd-section-inner\"><div class=\"eltd-section-inner-margin clearfix\"><div class=\"wpb_column vc_column_container vc_col-sm-12\"><div class=\"vc_column-inner\"><div class=\"wpb_wrapper\"><div class=\"vc_empty_space\"   style=\"height: 10px\"><span class=\"vc_empty_space_inner\"><\/span><\/div>\n\t<div  class=\"wpb_single_image wpb_content_element vc_align_center wpb_content_element\">\n\t\t\n\t\t<figure class=\"wpb_wrapper vc_figure\">\n\t\t\t<div class=\"vc_single_image-wrapper   vc_box_border_grey\"><img decoding=\"async\" class=\"vc_single_image-img\" src=\"https:\/\/ngoniabay.com\/wp-content\/uploads\/2019\/02\/ngonia-logo-2-200x200.png\" width=\"200\" height=\"200\" alt=\"ngonia-logo\" title=\"ngonia-logo\" loading=\"lazy\" \/><\/div>\n\t\t<\/figure>\n\t<\/div>\n<div class=\"vc_empty_space\"   style=\"height: 50px\"><span class=\"vc_empty_space_inner\"><\/span><\/div><\/div><\/div><\/div><\/div><\/div><\/div>\n<\/div>","protected":false},"excerpt":{"rendered":"d\u00e9couvrir l'archipel \u00e9olien \"M\u00eame la peinture ne donnerait pas une id\u00e9e de cette terre convulsive, br\u00fblante, presque fondante. Nous ne pouvions pas distinguer notre voyage de notre r\u00eave\". A. Dumas Les \u00eeles \u00c9oliennes, \u00e9galement connues sous le nom d'\u00eeles Lipari, sont un archipel d'origine volcanique situ\u00e9 dans la mer M\u00e9diterran\u00e9e...","protected":false},"author":1,"featured_media":0,"parent":0,"menu_order":0,"comment_status":"closed","ping_status":"closed","template":"full-width.php","meta":{"om_disable_all_campaigns":false,"footnotes":""},"class_list":["post-4748","page","type-page","status-publish","hentry"],"acf":[],"yoast_head":"<!-- This site is optimized with the Yoast SEO Premium plugin v25.2 (Yoast SEO v25.3) - https:\/\/yoast.com\/wordpress\/plugins\/seo\/ -->\n<title>Isole Eolie - Ngonia Bay<\/title>\n<meta name=\"description\" content=\"Le Isole Eolie, dette anche Isole Lipari, sono un arcipelago di origine vulcanica, situato nel Mar Tirreno a Nord della costa sicula.\" \/>\n<meta name=\"robots\" content=\"index, follow, max-snippet:-1, max-image-preview:large, max-video-preview:-1\" \/>\n<link rel=\"canonical\" href=\"http:\/\/ngoniabay.com\/fr\/iles-eoliennes\/\" \/>\n<meta property=\"og:locale\" content=\"fr_FR\" \/>\n<meta property=\"og:type\" content=\"article\" \/>\n<meta property=\"og:title\" content=\"Isole Eolie\" \/>\n<meta property=\"og:description\" content=\"Le Isole Eolie, dette anche Isole Lipari, sono un arcipelago di origine vulcanica, situato nel Mar Tirreno a Nord della costa sicula.\" \/>\n<meta property=\"og:url\" content=\"http:\/\/ngoniabay.com\/fr\/iles-eoliennes\/\" \/>\n<meta property=\"og:site_name\" content=\"Ngonia Bay\" \/>\n<meta property=\"article:modified_time\" content=\"2024-05-09T12:25:57+00:00\" \/>\n<meta name=\"twitter:card\" content=\"summary_large_image\" \/>\n<meta name=\"twitter:label1\" content=\"Dur\u00e9e de lecture estim\u00e9e\" \/>\n\t<meta name=\"twitter:data1\" content=\"2 minutes\" \/>\n<script type=\"application\/ld+json\" class=\"yoast-schema-graph\">{\"@context\":\"https:\/\/schema.org\",\"@graph\":[{\"@type\":\"WebPage\",\"@id\":\"http:\/\/ngoniabay.com\/fr\/iles-eoliennes\/\",\"url\":\"http:\/\/ngoniabay.com\/fr\/iles-eoliennes\/\",\"name\":\"Isole Eolie - Ngonia Bay\",\"isPartOf\":{\"@id\":\"https:\/\/ngoniabay.com\/fr\/#website\"},\"datePublished\":\"2019-03-02T09:48:41+00:00\",\"dateModified\":\"2024-05-09T12:25:57+00:00\",\"description\":\"Le Isole Eolie, dette anche Isole Lipari, sono un arcipelago di origine vulcanica, situato nel Mar Tirreno a Nord della costa sicula.\",\"breadcrumb\":{\"@id\":\"http:\/\/ngoniabay.com\/fr\/iles-eoliennes\/#breadcrumb\"},\"inLanguage\":\"fr-FR\",\"potentialAction\":[{\"@type\":\"ReadAction\",\"target\":[\"http:\/\/ngoniabay.com\/fr\/iles-eoliennes\/\"]}]},{\"@type\":\"BreadcrumbList\",\"@id\":\"http:\/\/ngoniabay.com\/fr\/iles-eoliennes\/#breadcrumb\",\"itemListElement\":[{\"@type\":\"ListItem\",\"position\":1,\"name\":\"Home\",\"item\":\"https:\/\/ngoniabay.com\/\"},{\"@type\":\"ListItem\",\"position\":2,\"name\":\"Isole Eolie\"}]},{\"@type\":\"WebSite\",\"@id\":\"https:\/\/ngoniabay.com\/fr\/#website\",\"url\":\"https:\/\/ngoniabay.com\/fr\/\",\"name\":\"Ngonia Bay\",\"description\":\"Ngonia Bay\",\"potentialAction\":[{\"@type\":\"SearchAction\",\"target\":{\"@type\":\"EntryPoint\",\"urlTemplate\":\"https:\/\/ngoniabay.com\/fr\/?s={search_term_string}\"},\"query-input\":{\"@type\":\"PropertyValueSpecification\",\"valueRequired\":true,\"valueName\":\"search_term_string\"}}],\"inLanguage\":\"fr-FR\"}]}<\/script>\n<!-- \/ Yoast SEO Premium plugin. -->","yoast_head_json":{"title":"Isole Eolie - Ngonia Bay","description":"Le Isole Eolie, dette anche Isole Lipari, sono un arcipelago di origine vulcanica, situato nel Mar Tirreno a Nord della costa sicula.","robots":{"index":"index","follow":"follow","max-snippet":"max-snippet:-1","max-image-preview":"max-image-preview:large","max-video-preview":"max-video-preview:-1"},"canonical":"http:\/\/ngoniabay.com\/fr\/iles-eoliennes\/","og_locale":"fr_FR","og_type":"article","og_title":"Isole Eolie","og_description":"Le Isole Eolie, dette anche Isole Lipari, sono un arcipelago di origine vulcanica, situato nel Mar Tirreno a Nord della costa sicula.","og_url":"http:\/\/ngoniabay.com\/fr\/iles-eoliennes\/","og_site_name":"Ngonia Bay","article_modified_time":"2024-05-09T12:25:57+00:00","twitter_card":"summary_large_image","twitter_misc":{"Dur\u00e9e de lecture estim\u00e9e":"2 minutes"},"schema":{"@context":"https:\/\/schema.org","@graph":[{"@type":"WebPage","@id":"http:\/\/ngoniabay.com\/fr\/iles-eoliennes\/","url":"http:\/\/ngoniabay.com\/fr\/iles-eoliennes\/","name":"Isole Eolie - Ngonia Bay","isPartOf":{"@id":"https:\/\/ngoniabay.com\/fr\/#website"},"datePublished":"2019-03-02T09:48:41+00:00","dateModified":"2024-05-09T12:25:57+00:00","description":"Le Isole Eolie, dette anche Isole Lipari, sono un arcipelago di origine vulcanica, situato nel Mar Tirreno a Nord della costa sicula.","breadcrumb":{"@id":"http:\/\/ngoniabay.com\/fr\/iles-eoliennes\/#breadcrumb"},"inLanguage":"fr-FR","potentialAction":[{"@type":"ReadAction","target":["http:\/\/ngoniabay.com\/fr\/iles-eoliennes\/"]}]},{"@type":"BreadcrumbList","@id":"http:\/\/ngoniabay.com\/fr\/iles-eoliennes\/#breadcrumb","itemListElement":[{"@type":"ListItem","position":1,"name":"Home","item":"https:\/\/ngoniabay.com\/"},{"@type":"ListItem","position":2,"name":"Isole Eolie"}]},{"@type":"WebSite","@id":"https:\/\/ngoniabay.com\/fr\/#website","url":"https:\/\/ngoniabay.com\/fr\/","name":"Ngonia Bay","description":"Ngonia Bay","potentialAction":[{"@type":"SearchAction","target":{"@type":"EntryPoint","urlTemplate":"https:\/\/ngoniabay.com\/fr\/?s={search_term_string}"},"query-input":{"@type":"PropertyValueSpecification","valueRequired":true,"valueName":"search_term_string"}}],"inLanguage":"fr-FR"}]}},"_links":{"self":[{"href":"https:\/\/ngoniabay.com\/fr\/wp-json\/wp\/v2\/pages\/4748","targetHints":{"allow":["GET"]}}],"collection":[{"href":"https:\/\/ngoniabay.com\/fr\/wp-json\/wp\/v2\/pages"}],"about":[{"href":"https:\/\/ngoniabay.com\/fr\/wp-json\/wp\/v2\/types\/page"}],"author":[{"embeddable":true,"href":"https:\/\/ngoniabay.com\/fr\/wp-json\/wp\/v2\/users\/1"}],"replies":[{"embeddable":true,"href":"https:\/\/ngoniabay.com\/fr\/wp-json\/wp\/v2\/comments?post=4748"}],"version-history":[{"count":1,"href":"https:\/\/ngoniabay.com\/fr\/wp-json\/wp\/v2\/pages\/4748\/revisions"}],"predecessor-version":[{"id":12784,"href":"https:\/\/ngoniabay.com\/fr\/wp-json\/wp\/v2\/pages\/4748\/revisions\/12784"}],"wp:attachment":[{"href":"https:\/\/ngoniabay.com\/fr\/wp-json\/wp\/v2\/media?parent=4748"}],"curies":[{"name":"wp","href":"https:\/\/api.w.org\/{rel}","templated":true}]}}