
{"id":4773,"date":"2019-03-02T10:34:19","date_gmt":"2019-03-02T10:34:19","guid":{"rendered":"https:\/\/ngoniabay.com\/?page_id=4773"},"modified":"2022-07-30T09:24:54","modified_gmt":"2022-07-30T09:24:54","slug":"tindari-et-marinello","status":"publish","type":"page","link":"https:\/\/ngoniabay.com\/fr\/tindari-et-marinello\/","title":{"rendered":"Tindari et Marinello"},"content":{"rendered":"<div class=\"wpb-content-wrapper\"><div data-eltd-parallax-speed=\"1\" class=\"vc_row wpb_row vc_row-fluid eltd-section eltd-content-aligment-center eltd-grid-section\" style=\"\"><div class=\"clearfix eltd-section-inner\"><div class=\"eltd-section-inner-margin clearfix\"><div class=\"wpb_column vc_column_container vc_col-sm-12 vc_col-lg-offset-2 vc_col-lg-8\"><div class=\"vc_column-inner\"><div class=\"wpb_wrapper\"><div class=\"vc_empty_space\"   style=\"height: 22px\"><span class=\"vc_empty_space_inner\"><\/span><\/div><div class=\"eltd-section-title-outer-holder animate\" style=\"text-align: center\">\n\t<div class=\"eltd-section-title-subtitle-holder\">\n\t\t<h3 class=\"eltd-section-subtitle\" style=\";\">d\u00e9couvrir<\/h3>\n\t<\/div>\n\t<div class=\"eltd-section-title-holder\">\n\t\t<h2 class=\"eltd-section-title\" style=\";\">Tindari et Marinello<\/h2>\n\t<\/div>\n<\/div><div class=\"vc_empty_space\"   style=\"height: 60px\"><span class=\"vc_empty_space_inner\"><\/span><\/div><\/div><\/div><\/div><\/div><\/div><\/div><div data-eltd-parallax-speed=\"1\" class=\"vc_row wpb_row vc_row-fluid eltd-section eltd-content-aligment-left eltd-grid-section\" style=\"\"><div class=\"clearfix eltd-section-inner\"><div class=\"eltd-section-inner-margin clearfix\"><div class=\"wpb_column vc_column_container vc_col-sm-6\"><div class=\"vc_column-inner\"><div class=\"wpb_wrapper\"><div class=\"vc_empty_space\"   style=\"height: 12px\"><span class=\"vc_empty_space_inner\"><\/span><\/div>\n\t<div  class=\"wpb_single_image wpb_content_element vc_align_left wpb_content_element\">\n\t\t\n\t\t<figure class=\"wpb_wrapper vc_figure\">\n\t\t\t<div class=\"vc_single_image-wrapper   vc_box_border_grey\"><img decoding=\"async\" class=\"vc_single_image-img\" src=\"https:\/\/ngoniabay.com\/wp-content\/uploads\/2019\/03\/1-800x700.jpg\" width=\"800\" height=\"700\" alt=\"par d\u00e9faut\" title=\"par d\u00e9faut\" loading=\"lazy\" \/><\/div>\n\t\t<\/figure>\n\t<\/div>\n<div data-eltd-parallax-speed=\"1\" class=\"vc_row wpb_row vc_inner vc_row-fluid eltd-section eltd-content-aligment-left\" style=\"\"><div class=\"eltd-full-section-inner\"><div class=\"wpb_column vc_column_container vc_col-sm-6\"><div class=\"vc_column-inner\"><div class=\"wpb_wrapper\"><div class=\"vc_empty_space\"   style=\"height: 12px\"><span class=\"vc_empty_space_inner\"><\/span><\/div><\/div><\/div><\/div><div class=\"wpb_column vc_column_container vc_col-sm-6\"><div class=\"vc_column-inner\"><div class=\"wpb_wrapper\"><div class=\"vc_empty_space\"   style=\"height: 12px\"><span class=\"vc_empty_space_inner\"><\/span><\/div><\/div><\/div><\/div><\/div><\/div><\/div><\/div><\/div><div class=\"wpb_column vc_column_container vc_col-sm-6\"><div class=\"vc_column-inner\"><div class=\"wpb_wrapper\">\n\t<div class=\"wpb_text_column wpb_content_element\" >\n\t\t<div class=\"wpb_wrapper\">\n\t\t\t<blockquote><p>\n\"Tindari, bien que je te connaisse parmi les vastes collines suspendues sur les eaux des douces \u00eeles de Dieu, aujourd'hui tu m'agresses et tu t'abaisses dans mon c\u0153ur...\" S. Quasimodo.\n<\/p><\/blockquote>\n<p>Mythe, art, culture, paysages de contes de f\u00e9es : voici Tindari, une agr\u00e9able localit\u00e9 du golfe de Patti situ\u00e9e dans la commune du m\u00eame nom, dans la province de Messine.<br \/>\nFond\u00e9e en 396 avant J.-C. par des mercenaires syracusains lors de la guerre contre Carthage, \u00e0 l'initiative de Dionysius de Syracuse, l'ancienne ville de Tindari doit son nom \u00e0 Tindaro, roi de Sparte.<\/p>\n<p>Le sanctuaire de la Vierge noire est la principale attraction de Tindari. Il est situ\u00e9 \u00e0 l'extr\u00e9mit\u00e9 orientale du promontoire, surplombant la mer, sur l'ancienne acropole, o\u00f9 une petite \u00e9glise a \u00e9t\u00e9 construite sur les vestiges de la ville abandonn\u00e9e.<\/p>\n<p>Au pied du promontoire o\u00f9 se trouve le Sanctuaire de Tindari se trouvent les Laghetti di Marinello, un bras de mer d'une beaut\u00e9 exceptionnelle. Il s'agit d'une vaste \u00e9tendue de sable parsem\u00e9e de petits lacs d'eau saum\u00e2tre qui changent constamment au gr\u00e9 des mar\u00e9es.<\/p>\n\n\t\t<\/div>\n\t<\/div>\n<div class=\"vc_empty_space\"   style=\"height: 32px\"><span class=\"vc_empty_space_inner\"><\/span><\/div><\/div><\/div><\/div><\/div><\/div><\/div><div data-eltd-parallax-speed=\"1\" class=\"vc_row wpb_row vc_row-fluid eltd-section eltd-content-aligment-center eltd-grid-section\" style=\"\"><div class=\"clearfix eltd-section-inner\"><div class=\"eltd-section-inner-margin clearfix\"><div class=\"wpb_column vc_column_container vc_col-sm-6\"><div class=\"vc_column-inner\"><div class=\"wpb_wrapper\"><div class=\"vc_empty_space\"   style=\"height: 50px\"><span class=\"vc_empty_space_inner\"><\/span><\/div>\n\t<div  class=\"wpb_single_image wpb_content_element vc_align_left wpb_content_element\">\n\t\t\n\t\t<figure class=\"wpb_wrapper vc_figure\">\n\t\t\t<div class=\"vc_single_image-wrapper   vc_box_border_grey\"><img decoding=\"async\" class=\"vc_single_image-img\" src=\"https:\/\/ngoniabay.com\/wp-content\/uploads\/2019\/03\/2-600x400.jpg\" width=\"600\" height=\"400\" alt=\"2\" title=\"2\" loading=\"lazy\" \/><\/div>\n\t\t<\/figure>\n\t<\/div>\n<\/div><\/div><\/div><div class=\"wpb_column vc_column_container vc_col-sm-6\"><div class=\"vc_column-inner\"><div class=\"wpb_wrapper\"><div class=\"vc_empty_space\"   style=\"height: 50px\"><span class=\"vc_empty_space_inner\"><\/span><\/div>\n\t<div  class=\"wpb_single_image wpb_content_element vc_align_left wpb_content_element\">\n\t\t\n\t\t<figure class=\"wpb_wrapper vc_figure\">\n\t\t\t<div class=\"vc_single_image-wrapper   vc_box_border_grey\"><img decoding=\"async\" class=\"vc_single_image-img\" src=\"https:\/\/ngoniabay.com\/wp-content\/uploads\/2019\/03\/36-600x400.jpg\" width=\"600\" height=\"400\" alt=\"36\" title=\"36\" loading=\"lazy\" \/><\/div>\n\t\t<\/figure>\n\t<\/div>\n<\/div><\/div><\/div><\/div><\/div><\/div><div data-eltd-parallax-speed=\"1\" class=\"vc_row wpb_row vc_row-fluid eltd-section eltd-content-aligment-center eltd-grid-section\" style=\"\"><div class=\"clearfix eltd-section-inner\"><div class=\"eltd-section-inner-margin clearfix\"><div class=\"wpb_column vc_column_container vc_col-sm-6\"><div class=\"vc_column-inner\"><div class=\"wpb_wrapper\"><div class=\"vc_empty_space\"   style=\"height: 20px\"><span class=\"vc_empty_space_inner\"><\/span><\/div>\n\t<div  class=\"wpb_single_image wpb_content_element vc_align_left wpb_content_element\">\n\t\t\n\t\t<figure class=\"wpb_wrapper vc_figure\">\n\t\t\t<div class=\"vc_single_image-wrapper   vc_box_border_grey\"><img decoding=\"async\" class=\"vc_single_image-img\" src=\"https:\/\/ngoniabay.com\/wp-content\/uploads\/2019\/03\/27-600x400.jpg\" width=\"600\" height=\"400\" alt=\"27\" title=\"27\" loading=\"lazy\" \/><\/div>\n\t\t<\/figure>\n\t<\/div>\n<\/div><\/div><\/div><div class=\"wpb_column vc_column_container vc_col-sm-6\"><div class=\"vc_column-inner\"><div class=\"wpb_wrapper\"><div class=\"vc_empty_space\"   style=\"height: 20px\"><span class=\"vc_empty_space_inner\"><\/span><\/div>\n\t<div  class=\"wpb_single_image wpb_content_element vc_align_left wpb_content_element\">\n\t\t\n\t\t<figure class=\"wpb_wrapper vc_figure\">\n\t\t\t<a class=\"\" data-lightbox=\"lightbox[rel-4773-608699546]\" href=\"https:\/\/ngoniabay.com\/wp-content\/uploads\/2019\/07\/foto-148-1024x683.jpg\" target=\"_self\"><img decoding=\"async\" class=\"vc_single_image-img\" src=\"https:\/\/ngoniabay.com\/wp-content\/uploads\/2019\/07\/foto-148-600x400.jpg\" width=\"600\" height=\"400\" alt=\"photo-148\" title=\"photo-148\" loading=\"lazy\" \/><\/a>\n\t\t<\/figure>\n\t<\/div>\n<\/div><\/div><\/div><\/div><\/div><\/div><div data-eltd-parallax-speed=\"1\" class=\"vc_row wpb_row vc_row-fluid eltd-section eltd-content-aligment-center eltd-grid-section\" style=\"\"><div class=\"clearfix eltd-section-inner\"><div class=\"eltd-section-inner-margin clearfix\"><div class=\"wpb_column vc_column_container vc_col-sm-6\"><div class=\"vc_column-inner\"><div class=\"wpb_wrapper\"><div class=\"vc_empty_space\"   style=\"height: 20px\"><span class=\"vc_empty_space_inner\"><\/span><\/div>\n\t<div  class=\"wpb_single_image wpb_content_element vc_align_left wpb_content_element\">\n\t\t\n\t\t<figure class=\"wpb_wrapper vc_figure\">\n\t\t\t<div class=\"vc_single_image-wrapper   vc_box_border_grey\"><img decoding=\"async\" class=\"vc_single_image-img\" src=\"https:\/\/ngoniabay.com\/wp-content\/uploads\/2019\/03\/16-600x400.jpg\" width=\"600\" height=\"400\" alt=\"16\" title=\"16\" loading=\"lazy\" \/><\/div>\n\t\t<\/figure>\n\t<\/div>\n<\/div><\/div><\/div><div class=\"wpb_column vc_column_container vc_col-sm-6\"><div class=\"vc_column-inner\"><div class=\"wpb_wrapper\"><div class=\"vc_empty_space\"   style=\"height: 20px\"><span class=\"vc_empty_space_inner\"><\/span><\/div>\n\t<div  class=\"wpb_single_image wpb_content_element vc_align_left wpb_content_element\">\n\t\t\n\t\t<figure class=\"wpb_wrapper vc_figure\">\n\t\t\t<div class=\"vc_single_image-wrapper   vc_box_border_grey\"><img decoding=\"async\" class=\"vc_single_image-img\" src=\"https:\/\/ngoniabay.com\/wp-content\/uploads\/2019\/03\/10-600x400.jpg\" width=\"600\" height=\"400\" alt=\"10\" title=\"10\" loading=\"lazy\" \/><\/div>\n\t\t<\/figure>\n\t<\/div>\n<\/div><\/div><\/div><\/div><\/div><\/div><div data-eltd-parallax-speed=\"1\" class=\"vc_row wpb_row vc_row-fluid eltd-section eltd-content-aligment-center eltd-grid-section\" style=\"\"><div class=\"clearfix eltd-section-inner\"><div class=\"eltd-section-inner-margin clearfix\"><div class=\"wpb_column vc_column_container vc_col-sm-6\"><div class=\"vc_column-inner\"><div class=\"wpb_wrapper\"><div class=\"vc_empty_space\"   style=\"height: 20px\"><span class=\"vc_empty_space_inner\"><\/span><\/div>\n\t<div  class=\"wpb_single_image wpb_content_element vc_align_left wpb_content_element\">\n\t\t\n\t\t<figure class=\"wpb_wrapper vc_figure\">\n\t\t\t<div class=\"vc_single_image-wrapper   vc_box_border_grey\"><img decoding=\"async\" class=\"vc_single_image-img\" src=\"https:\/\/ngoniabay.com\/wp-content\/uploads\/2019\/03\/19-600x400.jpg\" width=\"600\" height=\"400\" alt=\"19\" title=\"19\" loading=\"lazy\" \/><\/div>\n\t\t<\/figure>\n\t<\/div>\n<\/div><\/div><\/div><div class=\"wpb_column vc_column_container vc_col-sm-6\"><div class=\"vc_column-inner\"><div class=\"wpb_wrapper\"><div class=\"vc_empty_space\"   style=\"height: 20px\"><span class=\"vc_empty_space_inner\"><\/span><\/div>\n\t<div  class=\"wpb_single_image wpb_content_element vc_align_left wpb_content_element\">\n\t\t\n\t\t<figure class=\"wpb_wrapper vc_figure\">\n\t\t\t<a class=\"\" data-lightbox=\"lightbox[rel-4773-1265466570]\" href=\"https:\/\/ngoniabay.com\/wp-content\/uploads\/2019\/07\/foto-226-1024x683.jpg\" target=\"_self\"><img decoding=\"async\" class=\"vc_single_image-img\" src=\"https:\/\/ngoniabay.com\/wp-content\/uploads\/2019\/07\/foto-226-600x400.jpg\" width=\"600\" height=\"400\" alt=\"photo-226\" title=\"photo-226\" loading=\"lazy\" \/><\/a>\n\t\t<\/figure>\n\t<\/div>\n<\/div><\/div><\/div><\/div><\/div><\/div><div data-eltd-parallax-speed=\"1\" class=\"vc_row wpb_row vc_row-fluid eltd-section eltd-content-aligment-left eltd-grid-section\" style=\"\"><div class=\"clearfix eltd-section-inner\"><div class=\"eltd-section-inner-margin clearfix\"><div class=\"wpb_column vc_column_container vc_col-sm-12\"><div class=\"vc_column-inner\"><div class=\"wpb_wrapper\"><div class=\"vc_empty_space\"   style=\"height: 10px\"><span class=\"vc_empty_space_inner\"><\/span><\/div>\n\t<div  class=\"wpb_single_image wpb_content_element vc_align_center wpb_content_element\">\n\t\t\n\t\t<figure class=\"wpb_wrapper vc_figure\">\n\t\t\t<div class=\"vc_single_image-wrapper   vc_box_border_grey\"><img decoding=\"async\" class=\"vc_single_image-img\" src=\"https:\/\/ngoniabay.com\/wp-content\/uploads\/2019\/02\/ngonia-logo-2-200x200.png\" width=\"200\" height=\"200\" alt=\"ngonia-logo\" title=\"ngonia-logo\" loading=\"lazy\" \/><\/div>\n\t\t<\/figure>\n\t<\/div>\n<div class=\"vc_empty_space\"   style=\"height: 50px\"><span class=\"vc_empty_space_inner\"><\/span><\/div><\/div><\/div><\/div><\/div><\/div><\/div>\n<\/div>","protected":false},"excerpt":{"rendered":"D\u00e9couvrez Tindari et Marinello \"Tindari, bien que je te connaisse parmi les vastes collines suspendues au-dessus des eaux des douces \u00eeles de Dieu, aujourd'hui tu m'assailles et tu t'abaisses dans mon c\u0153ur...\" S. Quasimodo. Mythe, art, culture, paysages de contes de f\u00e9es : voici Tindari, une agr\u00e9able localit\u00e9 du golfe de Patti situ\u00e9e \u00e0 l'int\u00e9rieur de l'homonyme...","protected":false},"author":1,"featured_media":0,"parent":0,"menu_order":0,"comment_status":"closed","ping_status":"closed","template":"full-width.php","meta":{"om_disable_all_campaigns":false,"footnotes":""},"class_list":["post-4773","page","type-page","status-publish","hentry"],"acf":[],"yoast_head":"<!-- This site is optimized with the Yoast SEO Premium plugin v25.2 (Yoast SEO v25.3) - https:\/\/yoast.com\/wordpress\/plugins\/seo\/ -->\n<title>Tindari e Marinello - Ngonia Bay<\/title>\n<meta name=\"description\" content=\"Mito, arte, cultura, paesaggi da fiaba: questa \u00e8 Tindari, amena localit\u00e0 nel golfo di Patti situata all&#039;interno dell&#039;omonimo comune in provincia di Messina.Fondata nel 396 a.c. da mercenari siracusani della guerra contro Cartagine per volere di Dionisio di Siracusa, l&#039;antica citt\u00e0 di Tindari deve il suo nome a Tindaro re di Sparta.\" \/>\n<meta name=\"robots\" content=\"index, follow, max-snippet:-1, max-image-preview:large, max-video-preview:-1\" \/>\n<link rel=\"canonical\" href=\"https:\/\/ngoniabay.com\/fr\/tindari-et-marinello\/\" \/>\n<meta property=\"og:locale\" content=\"fr_FR\" \/>\n<meta property=\"og:type\" content=\"article\" \/>\n<meta property=\"og:title\" content=\"Tindari e Marinello\" \/>\n<meta property=\"og:description\" content=\"Mito, arte, cultura, paesaggi da fiaba: questa \u00e8 Tindari, amena localit\u00e0 nel golfo di Patti situata all&#039;interno dell&#039;omonimo comune in provincia di Messina.Fondata nel 396 a.c. da mercenari siracusani della guerra contro Cartagine per volere di Dionisio di Siracusa, l&#039;antica citt\u00e0 di Tindari deve il suo nome a Tindaro re di Sparta.\" \/>\n<meta property=\"og:url\" content=\"https:\/\/ngoniabay.com\/fr\/tindari-et-marinello\/\" \/>\n<meta property=\"og:site_name\" content=\"Ngonia Bay\" \/>\n<meta property=\"article:modified_time\" content=\"2022-07-30T09:24:54+00:00\" \/>\n<meta name=\"twitter:card\" content=\"summary_large_image\" \/>\n<meta name=\"twitter:label1\" content=\"Dur\u00e9e de lecture estim\u00e9e\" \/>\n\t<meta name=\"twitter:data1\" content=\"3 minutes\" \/>\n<script type=\"application\/ld+json\" class=\"yoast-schema-graph\">{\"@context\":\"https:\/\/schema.org\",\"@graph\":[{\"@type\":\"WebPage\",\"@id\":\"https:\/\/ngoniabay.com\/fr\/tindari-et-marinello\/\",\"url\":\"https:\/\/ngoniabay.com\/fr\/tindari-et-marinello\/\",\"name\":\"Tindari e Marinello - Ngonia Bay\",\"isPartOf\":{\"@id\":\"https:\/\/ngoniabay.com\/fr\/#website\"},\"datePublished\":\"2019-03-02T10:34:19+00:00\",\"dateModified\":\"2022-07-30T09:24:54+00:00\",\"description\":\"Mito, arte, cultura, paesaggi da fiaba: questa \u00e8 Tindari, amena localit\u00e0 nel golfo di Patti situata all'interno dell'omonimo comune in provincia di Messina.Fondata nel 396 a.c. da mercenari siracusani della guerra contro Cartagine per volere di Dionisio di Siracusa, l'antica citt\u00e0 di Tindari deve il suo nome a Tindaro re di Sparta.\",\"breadcrumb\":{\"@id\":\"https:\/\/ngoniabay.com\/fr\/tindari-et-marinello\/#breadcrumb\"},\"inLanguage\":\"fr-FR\",\"potentialAction\":[{\"@type\":\"ReadAction\",\"target\":[\"https:\/\/ngoniabay.com\/fr\/tindari-et-marinello\/\"]}]},{\"@type\":\"BreadcrumbList\",\"@id\":\"https:\/\/ngoniabay.com\/fr\/tindari-et-marinello\/#breadcrumb\",\"itemListElement\":[{\"@type\":\"ListItem\",\"position\":1,\"name\":\"Home\",\"item\":\"https:\/\/ngoniabay.com\/\"},{\"@type\":\"ListItem\",\"position\":2,\"name\":\"Tindari e Marinello\"}]},{\"@type\":\"WebSite\",\"@id\":\"https:\/\/ngoniabay.com\/fr\/#website\",\"url\":\"https:\/\/ngoniabay.com\/fr\/\",\"name\":\"Ngonia Bay\",\"description\":\"Ngonia Bay\",\"potentialAction\":[{\"@type\":\"SearchAction\",\"target\":{\"@type\":\"EntryPoint\",\"urlTemplate\":\"https:\/\/ngoniabay.com\/fr\/?s={search_term_string}\"},\"query-input\":{\"@type\":\"PropertyValueSpecification\",\"valueRequired\":true,\"valueName\":\"search_term_string\"}}],\"inLanguage\":\"fr-FR\"}]}<\/script>\n<!-- \/ Yoast SEO Premium plugin. -->","yoast_head_json":{"title":"Tindari e Marinello - Ngonia Bay","description":"Mito, arte, cultura, paesaggi da fiaba: questa \u00e8 Tindari, amena localit\u00e0 nel golfo di Patti situata all'interno dell'omonimo comune in provincia di Messina.Fondata nel 396 a.c. da mercenari siracusani della guerra contro Cartagine per volere di Dionisio di Siracusa, l'antica citt\u00e0 di Tindari deve il suo nome a Tindaro re di Sparta.","robots":{"index":"index","follow":"follow","max-snippet":"max-snippet:-1","max-image-preview":"max-image-preview:large","max-video-preview":"max-video-preview:-1"},"canonical":"https:\/\/ngoniabay.com\/fr\/tindari-et-marinello\/","og_locale":"fr_FR","og_type":"article","og_title":"Tindari e Marinello","og_description":"Mito, arte, cultura, paesaggi da fiaba: questa \u00e8 Tindari, amena localit\u00e0 nel golfo di Patti situata all'interno dell'omonimo comune in provincia di Messina.Fondata nel 396 a.c. da mercenari siracusani della guerra contro Cartagine per volere di Dionisio di Siracusa, l'antica citt\u00e0 di Tindari deve il suo nome a Tindaro re di Sparta.","og_url":"https:\/\/ngoniabay.com\/fr\/tindari-et-marinello\/","og_site_name":"Ngonia Bay","article_modified_time":"2022-07-30T09:24:54+00:00","twitter_card":"summary_large_image","twitter_misc":{"Dur\u00e9e de lecture estim\u00e9e":"3 minutes"},"schema":{"@context":"https:\/\/schema.org","@graph":[{"@type":"WebPage","@id":"https:\/\/ngoniabay.com\/fr\/tindari-et-marinello\/","url":"https:\/\/ngoniabay.com\/fr\/tindari-et-marinello\/","name":"Tindari e Marinello - Ngonia Bay","isPartOf":{"@id":"https:\/\/ngoniabay.com\/fr\/#website"},"datePublished":"2019-03-02T10:34:19+00:00","dateModified":"2022-07-30T09:24:54+00:00","description":"Mito, arte, cultura, paesaggi da fiaba: questa \u00e8 Tindari, amena localit\u00e0 nel golfo di Patti situata all'interno dell'omonimo comune in provincia di Messina.Fondata nel 396 a.c. da mercenari siracusani della guerra contro Cartagine per volere di Dionisio di Siracusa, l'antica citt\u00e0 di Tindari deve il suo nome a Tindaro re di Sparta.","breadcrumb":{"@id":"https:\/\/ngoniabay.com\/fr\/tindari-et-marinello\/#breadcrumb"},"inLanguage":"fr-FR","potentialAction":[{"@type":"ReadAction","target":["https:\/\/ngoniabay.com\/fr\/tindari-et-marinello\/"]}]},{"@type":"BreadcrumbList","@id":"https:\/\/ngoniabay.com\/fr\/tindari-et-marinello\/#breadcrumb","itemListElement":[{"@type":"ListItem","position":1,"name":"Home","item":"https:\/\/ngoniabay.com\/"},{"@type":"ListItem","position":2,"name":"Tindari e Marinello"}]},{"@type":"WebSite","@id":"https:\/\/ngoniabay.com\/fr\/#website","url":"https:\/\/ngoniabay.com\/fr\/","name":"Ngonia Bay","description":"Ngonia Bay","potentialAction":[{"@type":"SearchAction","target":{"@type":"EntryPoint","urlTemplate":"https:\/\/ngoniabay.com\/fr\/?s={search_term_string}"},"query-input":{"@type":"PropertyValueSpecification","valueRequired":true,"valueName":"search_term_string"}}],"inLanguage":"fr-FR"}]}},"_links":{"self":[{"href":"https:\/\/ngoniabay.com\/fr\/wp-json\/wp\/v2\/pages\/4773","targetHints":{"allow":["GET"]}}],"collection":[{"href":"https:\/\/ngoniabay.com\/fr\/wp-json\/wp\/v2\/pages"}],"about":[{"href":"https:\/\/ngoniabay.com\/fr\/wp-json\/wp\/v2\/types\/page"}],"author":[{"embeddable":true,"href":"https:\/\/ngoniabay.com\/fr\/wp-json\/wp\/v2\/users\/1"}],"replies":[{"embeddable":true,"href":"https:\/\/ngoniabay.com\/fr\/wp-json\/wp\/v2\/comments?post=4773"}],"version-history":[{"count":0,"href":"https:\/\/ngoniabay.com\/fr\/wp-json\/wp\/v2\/pages\/4773\/revisions"}],"wp:attachment":[{"href":"https:\/\/ngoniabay.com\/fr\/wp-json\/wp\/v2\/media?parent=4773"}],"curies":[{"name":"wp","href":"https:\/\/api.w.org\/{rel}","templated":true}]}}