
{"id":4968,"date":"2019-04-09T08:36:31","date_gmt":"2019-04-09T08:36:31","guid":{"rendered":"https:\/\/ngoniabay.com\/?page_id=4968"},"modified":"2025-05-23T09:53:11","modified_gmt":"2025-05-23T07:53:11","slug":"montalbano","status":"publish","type":"page","link":"http:\/\/ngoniabay.com\/fr\/montalbano\/","title":{"rendered":"Montalbano Elicona"},"content":{"rendered":"<div class=\"wpb-content-wrapper\"><div data-eltd-parallax-speed=\"1\" class=\"vc_row wpb_row vc_row-fluid eltd-section eltd-content-aligment-center eltd-grid-section\" style=\"\"><div class=\"clearfix eltd-section-inner\"><div class=\"eltd-section-inner-margin clearfix\"><div class=\"wpb_column vc_column_container vc_col-sm-12 vc_col-lg-offset-2 vc_col-lg-8\"><div class=\"vc_column-inner\"><div class=\"wpb_wrapper\"><div class=\"vc_empty_space\"   style=\"height: 22px\"><span class=\"vc_empty_space_inner\"><\/span><\/div><div class=\"eltd-section-title-outer-holder animate\" style=\"text-align: center\">\n\t<div class=\"eltd-section-title-subtitle-holder\">\n\t\t<h3 class=\"eltd-section-subtitle\" style=\";\">d\u00e9couvrir<\/h3>\n\t<\/div>\n\t<div class=\"eltd-section-title-holder\">\n\t\t<h2 class=\"eltd-section-title\" style=\";\">Montalbano Elicona<\/h2>\n\t<\/div>\n<\/div><div class=\"vc_empty_space\"   style=\"height: 60px\"><span class=\"vc_empty_space_inner\"><\/span><\/div><\/div><\/div><\/div><\/div><\/div><\/div><div data-eltd-parallax-speed=\"1\" class=\"vc_row wpb_row vc_row-fluid eltd-section eltd-content-aligment-left eltd-grid-section\" style=\"\"><div class=\"clearfix eltd-section-inner\"><div class=\"eltd-section-inner-margin clearfix\"><div class=\"wpb_column vc_column_container vc_col-sm-6\"><div class=\"vc_column-inner\"><div class=\"wpb_wrapper\">\n\t<div  class=\"wpb_single_image wpb_content_element vc_align_left wpb_content_element\">\n\t\t\n\t\t<figure class=\"wpb_wrapper vc_figure\">\n\t\t\t<div class=\"vc_single_image-wrapper   vc_box_border_grey\"><img decoding=\"async\" class=\"vc_single_image-img\" src=\"https:\/\/ngoniabay.com\/wp-content\/uploads\/2019\/06\/08_montalbano_elicona_megaliti_oly.jpg\" width=\"644\" height=\"439\" alt=\"08_montalbano_elicona_megaliti_oly\" title=\"08_montalbano_elicona_megaliti_oly\" loading=\"lazy\" \/><\/div>\n\t\t<\/figure>\n\t<\/div>\n<div data-eltd-parallax-speed=\"1\" class=\"vc_row wpb_row vc_inner vc_row-fluid eltd-section eltd-content-aligment-left\" style=\"\"><div class=\"eltd-full-section-inner\"><div class=\"wpb_column vc_column_container vc_col-sm-6\"><div class=\"vc_column-inner\"><div class=\"wpb_wrapper\"><div class=\"vc_empty_space\"   style=\"height: 12px\"><span class=\"vc_empty_space_inner\"><\/span><\/div><\/div><\/div><\/div><div class=\"wpb_column vc_column_container vc_col-sm-6\"><div class=\"vc_column-inner\"><div class=\"wpb_wrapper\"><div class=\"vc_empty_space\"   style=\"height: 12px\"><span class=\"vc_empty_space_inner\"><\/span><\/div><\/div><\/div><\/div><\/div><\/div><\/div><\/div><\/div><div class=\"wpb_column vc_column_container vc_col-sm-6\"><div class=\"vc_column-inner\"><div class=\"wpb_wrapper\">\n\t<div class=\"wpb_text_column wpb_content_element\" >\n\t\t<div class=\"wpb_wrapper\">\n\t\t\t<p>\u00c0 pied ou \u00e0 cheval, le long de sentiers \u00e9vocateurs, de ruisseaux ou de petits lacs d'eau claire, la r\u00e9gion de Montalbano offre d'agr\u00e9ables excursions naturalistes \u00e0 la d\u00e9couverte de paysages fascinants et de myst\u00e9rieux t\u00e9moignages d'anciennes civilisations. Les forteresses d'Argimusco avec ses m\u00e9galithes, les curieuses cabanes de bergers appel\u00e9es c\u00f9bburi, les moulins \u00e0 eau, les dolmens et la for\u00eat de Malabotta sont une destination \u00e0 ne pas manquer. \u00c0 Argimusco, on trouve un complexe m\u00e9galithique compos\u00e9 d'\u00e9normes blocs de pierre d'origine incertaine, peut-\u00eatre les vestiges d'un village pr\u00e9historique.<\/p>\n<p>D'un grand int\u00e9r\u00eat ethno-anthropologique sont les c\u00f9bburi, qui pourraient \u00eatre des postes militaires d'un syst\u00e8me de communication ionien-tyrh\u00e9nien, mais plus probablement des abris sylvo-pastoraux pr\u00e9romans, v\u00e9ritables chefs-d'\u0153uvre d'ing\u00e9nierie rurale capables de garantir une d\u00e9fense efficace contre le froid. Pour les admirer, il faut atteindre le plateau du Polverello.<\/p>\n<p>Enfin, la for\u00eat de Malabotta, r\u00e9cemment devenue r\u00e9serve naturelle, m\u00e9rite d'\u00eatre d\u00e9couverte. Des arbres centenaires, des buissons de houx touffus et, parfois, le murmure d'un ruisseau constituent le cadre s\u00e9duisant d'un environnement encore pr\u00e9serv\u00e9. Au milieu des h\u00eatres, des ch\u00eanes, des pins et des ch\u00e2taigniers, renards, loirs, sangliers, martres, oiseaux de proie et m\u00eame, dans la partie la plus haute de la for\u00eat, l'aigle royal, vivent en toute tranquillit\u00e9.<\/p>\n\n\t\t<\/div>\n\t<\/div>\n<div class=\"vc_empty_space\"   style=\"height: 32px\"><span class=\"vc_empty_space_inner\"><\/span><\/div><\/div><\/div><\/div><\/div><\/div><\/div><div data-eltd-parallax-speed=\"1\" class=\"vc_row wpb_row vc_row-fluid eltd-section eltd-content-aligment-center eltd-grid-section\" style=\"\"><div class=\"clearfix eltd-section-inner\"><div class=\"eltd-section-inner-margin clearfix\"><div class=\"wpb_column vc_column_container vc_col-sm-6\"><div class=\"vc_column-inner\"><div class=\"wpb_wrapper\"><div class=\"vc_empty_space\"   style=\"height: 50px\"><span class=\"vc_empty_space_inner\"><\/span><\/div>\n\t<div  class=\"wpb_single_image wpb_content_element vc_align_left wpb_content_element\">\n\t\t\n\t\t<figure class=\"wpb_wrapper vc_figure\">\n\t\t\t<div class=\"vc_single_image-wrapper   vc_box_border_grey\"><img decoding=\"async\" class=\"vc_single_image-img\" src=\"https:\/\/ngoniabay.com\/wp-content\/uploads\/2019\/06\/Comune-della-Sicilia-Montalbano-Elicona-argimusco2-600x400.jpg\" width=\"600\" height=\"400\" alt=\"Commune de Sicile-Montalbano-Elicona-argimusco2\" title=\"Commune de Sicile-Montalbano-Elicona-argimusco2\" loading=\"lazy\" \/><\/div>\n\t\t<\/figure>\n\t<\/div>\n<\/div><\/div><\/div><div class=\"wpb_column vc_column_container vc_col-sm-6\"><div class=\"vc_column-inner\"><div class=\"wpb_wrapper\"><div class=\"vc_empty_space\"   style=\"height: 50px\"><span class=\"vc_empty_space_inner\"><\/span><\/div>\n\t<div  class=\"wpb_single_image wpb_content_element vc_align_left wpb_content_element\">\n\t\t\n\t\t<figure class=\"wpb_wrapper vc_figure\">\n\t\t\t<div class=\"vc_single_image-wrapper   vc_box_border_grey\"><img decoding=\"async\" class=\"vc_single_image-img\" src=\"https:\/\/ngoniabay.com\/wp-content\/uploads\/2019\/06\/Montalbano_apre-600x400.jpg\" width=\"600\" height=\"400\" alt=\"Montalban_opens\" title=\"Montalban_opens\" loading=\"lazy\" \/><\/div>\n\t\t<\/figure>\n\t<\/div>\n<\/div><\/div><\/div><\/div><\/div><\/div><div data-eltd-parallax-speed=\"1\" class=\"vc_row wpb_row vc_row-fluid eltd-section eltd-content-aligment-center eltd-grid-section\" style=\"\"><div class=\"clearfix eltd-section-inner\"><div class=\"eltd-section-inner-margin clearfix\"><div class=\"wpb_column vc_column_container vc_col-sm-6\"><div class=\"vc_column-inner\"><div class=\"wpb_wrapper\"><div class=\"vc_empty_space\"   style=\"height: 20px\"><span class=\"vc_empty_space_inner\"><\/span><\/div>\n\t<div  class=\"wpb_single_image wpb_content_element vc_align_left wpb_content_element\">\n\t\t\n\t\t<figure class=\"wpb_wrapper vc_figure\">\n\t\t\t<div class=\"vc_single_image-wrapper   vc_box_border_grey\"><img decoding=\"async\" class=\"vc_single_image-img\" src=\"https:\/\/ngoniabay.com\/wp-content\/uploads\/2019\/06\/shutterstock_1270685683-600x400.jpg\" width=\"600\" height=\"400\" alt=\"shutterstock_1270685683\" title=\"shutterstock_1270685683\" loading=\"lazy\" \/><\/div>\n\t\t<\/figure>\n\t<\/div>\n<\/div><\/div><\/div><div class=\"wpb_column vc_column_container vc_col-sm-6\"><div class=\"vc_column-inner\"><div class=\"wpb_wrapper\"><div class=\"vc_empty_space\"   style=\"height: 20px\"><span class=\"vc_empty_space_inner\"><\/span><\/div>\n\t<div  class=\"wpb_single_image wpb_content_element vc_align_left wpb_content_element\">\n\t\t\n\t\t<figure class=\"wpb_wrapper vc_figure\">\n\t\t\t<div class=\"vc_single_image-wrapper   vc_box_border_grey\"><img decoding=\"async\" class=\"vc_single_image-img\" src=\"https:\/\/ngoniabay.com\/wp-content\/uploads\/2019\/06\/montalbano-elicona-thinkstock-600x400.jpg\" width=\"600\" height=\"400\" alt=\"montalbano-elicona-thinkstock\" title=\"montalbano-elicona-thinkstock\" loading=\"lazy\" \/><\/div>\n\t\t<\/figure>\n\t<\/div>\n<\/div><\/div><\/div><\/div><\/div><\/div><div data-eltd-parallax-speed=\"1\" class=\"vc_row wpb_row vc_row-fluid eltd-section eltd-content-aligment-left eltd-grid-section\" style=\"\"><div class=\"clearfix eltd-section-inner\"><div class=\"eltd-section-inner-margin clearfix\"><div class=\"wpb_column vc_column_container vc_col-sm-12\"><div class=\"vc_column-inner\"><div class=\"wpb_wrapper\"><div class=\"vc_empty_space\"   style=\"height: 10px\"><span class=\"vc_empty_space_inner\"><\/span><\/div>\n\t<div  class=\"wpb_single_image wpb_content_element vc_align_center wpb_content_element\">\n\t\t\n\t\t<figure class=\"wpb_wrapper vc_figure\">\n\t\t\t<div class=\"vc_single_image-wrapper   vc_box_border_grey\"><img decoding=\"async\" class=\"vc_single_image-img\" src=\"https:\/\/ngoniabay.com\/wp-content\/uploads\/2019\/02\/ngonia-logo-2-200x200.png\" width=\"200\" height=\"200\" alt=\"ngonia-logo\" title=\"ngonia-logo\" loading=\"lazy\" \/><\/div>\n\t\t<\/figure>\n\t<\/div>\n<div class=\"vc_empty_space\"   style=\"height: 50px\"><span class=\"vc_empty_space_inner\"><\/span><\/div><\/div><\/div><\/div><\/div><\/div><\/div>\n<\/div>","protected":false},"excerpt":{"rendered":"d\u00e9couvrir Montalbano Elicona \u00c0 pied ou \u00e0 cheval, le long de sentiers \u00e9vocateurs, de ruisseaux ou de petits lacs d'eau limpide, le territoire de Montalbano offre d'agr\u00e9ables excursions naturalistes \u00e0 la d\u00e9couverte de paysages fascinants et de myst\u00e9rieux t\u00e9moignages d'anciennes civilisations. Les forteresses d'Argimusco avec leurs...","protected":false},"author":1,"featured_media":11200,"parent":0,"menu_order":0,"comment_status":"closed","ping_status":"closed","template":"full-width.php","meta":{"om_disable_all_campaigns":false,"footnotes":""},"class_list":["post-4968","page","type-page","status-publish","has-post-thumbnail","hentry"],"acf":[],"yoast_head":"<!-- This site is optimized with the Yoast SEO Premium plugin v25.2 (Yoast SEO v25.3) - https:\/\/yoast.com\/wordpress\/plugins\/seo\/ -->\n<title>Montalbano Elicona - Ngonia Bay<\/title>\n<meta name=\"description\" content=\"Il territorio di Montalbano offre piacevoli escursioni naturalistiche alla scoperta di paesaggi di grande fascino e di testimonianze di antiche civilt\u00e0\" \/>\n<meta name=\"robots\" content=\"index, follow, max-snippet:-1, max-image-preview:large, max-video-preview:-1\" \/>\n<link rel=\"canonical\" href=\"http:\/\/ngoniabay.com\/fr\/montalbano\/\" \/>\n<meta property=\"og:locale\" content=\"fr_FR\" \/>\n<meta property=\"og:type\" content=\"article\" \/>\n<meta property=\"og:title\" content=\"Montalbano Elicona\" \/>\n<meta property=\"og:description\" content=\"Il territorio di Montalbano offre piacevoli escursioni naturalistiche alla scoperta di paesaggi di grande fascino e di testimonianze di antiche civilt\u00e0\" \/>\n<meta property=\"og:url\" content=\"http:\/\/ngoniabay.com\/fr\/montalbano\/\" \/>\n<meta property=\"og:site_name\" content=\"Ngonia Bay\" \/>\n<meta property=\"article:modified_time\" content=\"2025-05-23T07:53:11+00:00\" \/>\n<meta property=\"og:image\" content=\"https:\/\/ngoniabay.com\/wp-content\/uploads\/2021\/01\/meadow-3169294_1920.jpg\" \/>\n\t<meta property=\"og:image:width\" content=\"1920\" \/>\n\t<meta property=\"og:image:height\" content=\"1280\" \/>\n\t<meta property=\"og:image:type\" content=\"image\/jpeg\" \/>\n<meta name=\"twitter:card\" content=\"summary_large_image\" \/>\n<meta name=\"twitter:label1\" content=\"Dur\u00e9e de lecture estim\u00e9e\" \/>\n\t<meta name=\"twitter:data1\" content=\"3 minutes\" \/>\n<script type=\"application\/ld+json\" class=\"yoast-schema-graph\">{\"@context\":\"https:\/\/schema.org\",\"@graph\":[{\"@type\":\"WebPage\",\"@id\":\"http:\/\/ngoniabay.com\/fr\/montalbano\/\",\"url\":\"http:\/\/ngoniabay.com\/fr\/montalbano\/\",\"name\":\"Montalbano Elicona - Ngonia Bay\",\"isPartOf\":{\"@id\":\"https:\/\/ngoniabay.com\/fr\/#website\"},\"primaryImageOfPage\":{\"@id\":\"http:\/\/ngoniabay.com\/fr\/montalbano\/#primaryimage\"},\"image\":{\"@id\":\"http:\/\/ngoniabay.com\/fr\/montalbano\/#primaryimage\"},\"thumbnailUrl\":\"https:\/\/ngoniabay.com\/wp-content\/uploads\/2021\/01\/meadow-3169294_1920.jpg\",\"datePublished\":\"2019-04-09T08:36:31+00:00\",\"dateModified\":\"2025-05-23T07:53:11+00:00\",\"description\":\"Il territorio di Montalbano offre piacevoli escursioni naturalistiche alla scoperta di paesaggi di grande fascino e di testimonianze di antiche civilt\u00e0\",\"breadcrumb\":{\"@id\":\"http:\/\/ngoniabay.com\/fr\/montalbano\/#breadcrumb\"},\"inLanguage\":\"fr-FR\",\"potentialAction\":[{\"@type\":\"ReadAction\",\"target\":[\"http:\/\/ngoniabay.com\/fr\/montalbano\/\"]}]},{\"@type\":\"ImageObject\",\"inLanguage\":\"fr-FR\",\"@id\":\"http:\/\/ngoniabay.com\/fr\/montalbano\/#primaryimage\",\"url\":\"https:\/\/ngoniabay.com\/wp-content\/uploads\/2021\/01\/meadow-3169294_1920.jpg\",\"contentUrl\":\"https:\/\/ngoniabay.com\/wp-content\/uploads\/2021\/01\/meadow-3169294_1920.jpg\",\"width\":1920,\"height\":1280},{\"@type\":\"BreadcrumbList\",\"@id\":\"http:\/\/ngoniabay.com\/fr\/montalbano\/#breadcrumb\",\"itemListElement\":[{\"@type\":\"ListItem\",\"position\":1,\"name\":\"Home\",\"item\":\"https:\/\/ngoniabay.com\/\"},{\"@type\":\"ListItem\",\"position\":2,\"name\":\"Montalbano Elicona\"}]},{\"@type\":\"WebSite\",\"@id\":\"https:\/\/ngoniabay.com\/fr\/#website\",\"url\":\"https:\/\/ngoniabay.com\/fr\/\",\"name\":\"Ngonia Bay\",\"description\":\"Ngonia Bay\",\"potentialAction\":[{\"@type\":\"SearchAction\",\"target\":{\"@type\":\"EntryPoint\",\"urlTemplate\":\"https:\/\/ngoniabay.com\/fr\/?s={search_term_string}\"},\"query-input\":{\"@type\":\"PropertyValueSpecification\",\"valueRequired\":true,\"valueName\":\"search_term_string\"}}],\"inLanguage\":\"fr-FR\"}]}<\/script>\n<!-- \/ Yoast SEO Premium plugin. -->","yoast_head_json":{"title":"Montalbano Elicona - Ngonia Bay","description":"Il territorio di Montalbano offre piacevoli escursioni naturalistiche alla scoperta di paesaggi di grande fascino e di testimonianze di antiche civilt\u00e0","robots":{"index":"index","follow":"follow","max-snippet":"max-snippet:-1","max-image-preview":"max-image-preview:large","max-video-preview":"max-video-preview:-1"},"canonical":"http:\/\/ngoniabay.com\/fr\/montalbano\/","og_locale":"fr_FR","og_type":"article","og_title":"Montalbano Elicona","og_description":"Il territorio di Montalbano offre piacevoli escursioni naturalistiche alla scoperta di paesaggi di grande fascino e di testimonianze di antiche civilt\u00e0","og_url":"http:\/\/ngoniabay.com\/fr\/montalbano\/","og_site_name":"Ngonia Bay","article_modified_time":"2025-05-23T07:53:11+00:00","og_image":[{"width":1920,"height":1280,"url":"https:\/\/ngoniabay.com\/wp-content\/uploads\/2021\/01\/meadow-3169294_1920.jpg","type":"image\/jpeg"}],"twitter_card":"summary_large_image","twitter_misc":{"Dur\u00e9e de lecture estim\u00e9e":"3 minutes"},"schema":{"@context":"https:\/\/schema.org","@graph":[{"@type":"WebPage","@id":"http:\/\/ngoniabay.com\/fr\/montalbano\/","url":"http:\/\/ngoniabay.com\/fr\/montalbano\/","name":"Montalbano Elicona - Ngonia Bay","isPartOf":{"@id":"https:\/\/ngoniabay.com\/fr\/#website"},"primaryImageOfPage":{"@id":"http:\/\/ngoniabay.com\/fr\/montalbano\/#primaryimage"},"image":{"@id":"http:\/\/ngoniabay.com\/fr\/montalbano\/#primaryimage"},"thumbnailUrl":"https:\/\/ngoniabay.com\/wp-content\/uploads\/2021\/01\/meadow-3169294_1920.jpg","datePublished":"2019-04-09T08:36:31+00:00","dateModified":"2025-05-23T07:53:11+00:00","description":"Il territorio di Montalbano offre piacevoli escursioni naturalistiche alla scoperta di paesaggi di grande fascino e di testimonianze di antiche civilt\u00e0","breadcrumb":{"@id":"http:\/\/ngoniabay.com\/fr\/montalbano\/#breadcrumb"},"inLanguage":"fr-FR","potentialAction":[{"@type":"ReadAction","target":["http:\/\/ngoniabay.com\/fr\/montalbano\/"]}]},{"@type":"ImageObject","inLanguage":"fr-FR","@id":"http:\/\/ngoniabay.com\/fr\/montalbano\/#primaryimage","url":"https:\/\/ngoniabay.com\/wp-content\/uploads\/2021\/01\/meadow-3169294_1920.jpg","contentUrl":"https:\/\/ngoniabay.com\/wp-content\/uploads\/2021\/01\/meadow-3169294_1920.jpg","width":1920,"height":1280},{"@type":"BreadcrumbList","@id":"http:\/\/ngoniabay.com\/fr\/montalbano\/#breadcrumb","itemListElement":[{"@type":"ListItem","position":1,"name":"Home","item":"https:\/\/ngoniabay.com\/"},{"@type":"ListItem","position":2,"name":"Montalbano Elicona"}]},{"@type":"WebSite","@id":"https:\/\/ngoniabay.com\/fr\/#website","url":"https:\/\/ngoniabay.com\/fr\/","name":"Ngonia Bay","description":"Ngonia Bay","potentialAction":[{"@type":"SearchAction","target":{"@type":"EntryPoint","urlTemplate":"https:\/\/ngoniabay.com\/fr\/?s={search_term_string}"},"query-input":{"@type":"PropertyValueSpecification","valueRequired":true,"valueName":"search_term_string"}}],"inLanguage":"fr-FR"}]}},"_links":{"self":[{"href":"https:\/\/ngoniabay.com\/fr\/wp-json\/wp\/v2\/pages\/4968","targetHints":{"allow":["GET"]}}],"collection":[{"href":"https:\/\/ngoniabay.com\/fr\/wp-json\/wp\/v2\/pages"}],"about":[{"href":"https:\/\/ngoniabay.com\/fr\/wp-json\/wp\/v2\/types\/page"}],"author":[{"embeddable":true,"href":"https:\/\/ngoniabay.com\/fr\/wp-json\/wp\/v2\/users\/1"}],"replies":[{"embeddable":true,"href":"https:\/\/ngoniabay.com\/fr\/wp-json\/wp\/v2\/comments?post=4968"}],"version-history":[{"count":1,"href":"https:\/\/ngoniabay.com\/fr\/wp-json\/wp\/v2\/pages\/4968\/revisions"}],"predecessor-version":[{"id":12790,"href":"https:\/\/ngoniabay.com\/fr\/wp-json\/wp\/v2\/pages\/4968\/revisions\/12790"}],"wp:featuredmedia":[{"embeddable":true,"href":"https:\/\/ngoniabay.com\/fr\/wp-json\/wp\/v2\/media\/11200"}],"wp:attachment":[{"href":"https:\/\/ngoniabay.com\/fr\/wp-json\/wp\/v2\/media?parent=4968"}],"curies":[{"name":"wp","href":"https:\/\/api.w.org\/{rel}","templated":true}]}}