
{"id":4977,"date":"2019-04-09T08:43:22","date_gmt":"2019-04-09T08:43:22","guid":{"rendered":"https:\/\/ngoniabay.com\/?page_id=4977"},"modified":"2025-06-16T09:11:39","modified_gmt":"2025-06-16T07:11:39","slug":"ou-nous-sommes","status":"publish","type":"page","link":"http:\/\/ngoniabay.com\/fr\/ou-nous-sommes\/","title":{"rendered":"Venez nous rendre visite"},"content":{"rendered":"<div class=\"wpb-content-wrapper\"><div data-eltd-parallax-speed=\"1\" class=\"vc_row wpb_row vc_row-fluid eltd-section eltd-content-aligment-left\" style=\"\"><div class=\"clearfix eltd-full-section-inner\"><div class=\"wpb_column vc_column_container vc_col-sm-12\"><div class=\"vc_column-inner\"><div class=\"wpb_wrapper\"><div class=\"vc_empty_space\"   style=\"height: 22px\"><span class=\"vc_empty_space_inner\"><\/span><\/div><div class=\"eltd-section-title-outer-holder animate\" style=\"text-align: center\">\n\t<div class=\"eltd-section-title-subtitle-holder\">\n\t\t<h3 class=\"eltd-section-subtitle\" style=\";\">Position strat\u00e9gique<\/h3>\n\t<\/div>\n\t<div class=\"eltd-section-title-holder\">\n\t\t<h2 class=\"eltd-section-title\" style=\";\">O\u00f9 nous sommes<\/h2>\n\t<\/div>\n<\/div><div class=\"vc_empty_space\"   style=\"height: 40px\"><span class=\"vc_empty_space_inner\"><\/span><\/div><\/div><\/div><\/div><\/div><\/div><div data-eltd-parallax-speed=\"1\" class=\"vc_row wpb_row vc_row-fluid eltd-section vc_custom_1552671292791 eltd-content-aligment-left\" style=\"\"><div class=\"clearfix eltd-full-section-inner\"><div class=\"wpb_column vc_column_container vc_col-sm-12\"><div class=\"vc_column-inner\"><div class=\"wpb_wrapper\"><div class=\"vc_empty_space\"   style=\"height: 32px\"><span class=\"vc_empty_space_inner\"><\/span><\/div>\n\t<div class=\"wpb_text_column wpb_content_element\" >\n\t\t<div class=\"wpb_wrapper\">\n\t\t\t<p><iframe loading=\"lazy\" style=\"border: 0;\" title=\"Carte montrant la localisation de l&#039;h\u00f4tel Ngonia Bay en Italie\" src=\"https:\/\/www.google.com\/maps\/embed?pb=!1m14!1m8!1m3!1d12533.901679480277!2d15.2415511!3d38.2452784!3m2!1i1024!2i768!4f13.1!3m3!1m2!1s0x0%3A0xa8bccf7ee202148e!2sNgonia+Bay!5e0!3m2!1sit!2sit!4v1554814945106!5m2!1sit!2sit\" width=\"100%\" height=\"450\" frameborder=\"0\" allowfullscreen=\"allowfullscreen\"><\/iframe><\/p>\n\n\t\t<\/div>\n\t<\/div>\n<div class=\"vc_empty_space\"   style=\"height: 32px\"><span class=\"vc_empty_space_inner\"><\/span><\/div><\/div><\/div><\/div><\/div><\/div><div data-eltd-parallax-speed=\"1\" class=\"vc_row wpb_row vc_row-fluid eltd-section vc_custom_1552671304854 eltd-content-aligment-left\" style=\"\"><div class=\"clearfix eltd-full-section-inner\"><div class=\"wpb_column vc_column_container vc_col-sm-12\"><div class=\"vc_column-inner\"><div class=\"wpb_wrapper\">\n\t<div class=\"wpb_text_column wpb_content_element\" >\n\t\t<div class=\"wpb_wrapper\">\n\t\t\t<p>Nich\u00e9 dans le magnifique cadre naturel de la Ngonia del Tono \u00e0 Milazzo, le Ngonia Bay est un b\u00e2timent flambant neuf situ\u00e9 \u00e0 c\u00f4t\u00e9 d'un palais historique ayant appartenu \u00e0 des familles nobles impliqu\u00e9es dans la gestion de l'ancienne Tonnara de Milazzo.<\/p>\n<p>Situ\u00e9 \u00e0 deux pas de la mer et \u00e0 quelques minutes du centre, Ngonia Bay est le compromis id\u00e9al pour profiter d'un s\u00e9jour romantique et relaxant dans un environnement immerg\u00e9 dans la nature, tout en ayant la possibilit\u00e9 de vivre l'effervescence de la vie urbaine gr\u00e2ce \u00e0 de courtes escapades consacr\u00e9es au shopping ou \u00e0 la d\u00e9couverte de la vie nocturne offerte par les innombrables restaurants et bars situ\u00e9s dans le centre et le village de la p\u00e9ninsule de Milazzese.<\/p>\n<p><strong>En voiture :<\/strong> Milazzo est accessible par l'autoroute :<\/p>\n<ul>\n<li>Messine : 38 Km<\/li>\n<li>Catane : 130 Km<\/li>\n<li>Palerme : 205 Km<\/li>\n<\/ul>\n<p><strong>Par avion<\/strong>A\u00e9roports : Les a\u00e9roports les plus proches sont le \"Fontanarossa\" de Catane et le \"Falcone e Borsellino\" de Palerme.<\/p>\n<p><strong>En train : <\/strong>La gare de Milazzo se trouve \u00e0 7 km de notre \u00e9tablissement.<\/p>\n\n\t\t<\/div>\n\t<\/div>\n<div class=\"vc_empty_space\"   style=\"height: 132px\"><span class=\"vc_empty_space_inner\"><\/span><\/div><div class=\"vc_empty_space\"   style=\"height: 132px\"><span class=\"vc_empty_space_inner\"><\/span><\/div><div class=\"vc_empty_space\"   style=\"height: 32px\"><span class=\"vc_empty_space_inner\"><\/span><\/div><div class=\"vc_empty_space\"   style=\"height: 32px\"><span class=\"vc_empty_space_inner\"><\/span><\/div><div class=\"vc_empty_space\"   style=\"height: 32px\"><span class=\"vc_empty_space_inner\"><\/span><\/div><\/div><\/div><\/div><\/div><\/div>\n<\/div>","protected":false},"excerpt":{"rendered":"Emplacement strat\u00e9gique O\u00f9 nous sommes Nich\u00e9 dans le magnifique cadre naturel de Ngonia del Tono \u00e0 Milazzo, le Ngonia Bay est un b\u00e2timent flambant neuf qui se trouve \u00e0 c\u00f4t\u00e9 d'un palais historique ayant appartenu \u00e0 des familles nobles impliqu\u00e9es dans la gestion de l'ancienne Tonnara di Milazzo. Situ\u00e9...","protected":false},"author":1,"featured_media":0,"parent":0,"menu_order":0,"comment_status":"closed","ping_status":"closed","template":"full-width.php","meta":{"om_disable_all_campaigns":false,"footnotes":""},"class_list":["post-4977","page","type-page","status-publish","hentry"],"acf":[],"yoast_head":"<!-- This site is optimized with the Yoast SEO Premium plugin v25.2 (Yoast SEO v25.3) - https:\/\/yoast.com\/wordpress\/plugins\/seo\/ -->\n<title>Vieni a Trovarci - Ngonia Bay<\/title>\n<meta name=\"robots\" content=\"index, follow, max-snippet:-1, max-image-preview:large, max-video-preview:-1\" \/>\n<link rel=\"canonical\" href=\"http:\/\/ngoniabay.com\/fr\/ou-nous-sommes\/\" \/>\n<meta property=\"og:locale\" content=\"fr_FR\" \/>\n<meta property=\"og:type\" content=\"article\" \/>\n<meta property=\"og:title\" content=\"Vieni a Trovarci\" \/>\n<meta property=\"og:url\" content=\"http:\/\/ngoniabay.com\/fr\/ou-nous-sommes\/\" \/>\n<meta property=\"og:site_name\" content=\"Ngonia Bay\" \/>\n<meta property=\"article:modified_time\" content=\"2025-06-16T07:11:39+00:00\" \/>\n<meta name=\"twitter:card\" content=\"summary_large_image\" \/>\n<meta name=\"twitter:label1\" content=\"Dur\u00e9e de lecture estim\u00e9e\" \/>\n\t<meta name=\"twitter:data1\" content=\"2 minutes\" \/>\n<script type=\"application\/ld+json\" class=\"yoast-schema-graph\">{\"@context\":\"https:\/\/schema.org\",\"@graph\":[{\"@type\":\"WebPage\",\"@id\":\"http:\/\/ngoniabay.com\/fr\/ou-nous-sommes\/\",\"url\":\"http:\/\/ngoniabay.com\/fr\/ou-nous-sommes\/\",\"name\":\"Vieni a Trovarci - Ngonia Bay\",\"isPartOf\":{\"@id\":\"https:\/\/ngoniabay.com\/fr\/#website\"},\"datePublished\":\"2019-04-09T08:43:22+00:00\",\"dateModified\":\"2025-06-16T07:11:39+00:00\",\"breadcrumb\":{\"@id\":\"http:\/\/ngoniabay.com\/fr\/ou-nous-sommes\/#breadcrumb\"},\"inLanguage\":\"fr-FR\",\"potentialAction\":[{\"@type\":\"ReadAction\",\"target\":[\"http:\/\/ngoniabay.com\/fr\/ou-nous-sommes\/\"]}]},{\"@type\":\"BreadcrumbList\",\"@id\":\"http:\/\/ngoniabay.com\/fr\/ou-nous-sommes\/#breadcrumb\",\"itemListElement\":[{\"@type\":\"ListItem\",\"position\":1,\"name\":\"Home\",\"item\":\"https:\/\/ngoniabay.com\/\"},{\"@type\":\"ListItem\",\"position\":2,\"name\":\"Vieni a Trovarci\"}]},{\"@type\":\"WebSite\",\"@id\":\"https:\/\/ngoniabay.com\/fr\/#website\",\"url\":\"https:\/\/ngoniabay.com\/fr\/\",\"name\":\"Ngonia Bay\",\"description\":\"Ngonia Bay\",\"potentialAction\":[{\"@type\":\"SearchAction\",\"target\":{\"@type\":\"EntryPoint\",\"urlTemplate\":\"https:\/\/ngoniabay.com\/fr\/?s={search_term_string}\"},\"query-input\":{\"@type\":\"PropertyValueSpecification\",\"valueRequired\":true,\"valueName\":\"search_term_string\"}}],\"inLanguage\":\"fr-FR\"}]}<\/script>\n<!-- \/ Yoast SEO Premium plugin. -->","yoast_head_json":{"title":"Vieni a Trovarci - Ngonia Bay","robots":{"index":"index","follow":"follow","max-snippet":"max-snippet:-1","max-image-preview":"max-image-preview:large","max-video-preview":"max-video-preview:-1"},"canonical":"http:\/\/ngoniabay.com\/fr\/ou-nous-sommes\/","og_locale":"fr_FR","og_type":"article","og_title":"Vieni a Trovarci","og_url":"http:\/\/ngoniabay.com\/fr\/ou-nous-sommes\/","og_site_name":"Ngonia Bay","article_modified_time":"2025-06-16T07:11:39+00:00","twitter_card":"summary_large_image","twitter_misc":{"Dur\u00e9e de lecture estim\u00e9e":"2 minutes"},"schema":{"@context":"https:\/\/schema.org","@graph":[{"@type":"WebPage","@id":"http:\/\/ngoniabay.com\/fr\/ou-nous-sommes\/","url":"http:\/\/ngoniabay.com\/fr\/ou-nous-sommes\/","name":"Vieni a Trovarci - Ngonia Bay","isPartOf":{"@id":"https:\/\/ngoniabay.com\/fr\/#website"},"datePublished":"2019-04-09T08:43:22+00:00","dateModified":"2025-06-16T07:11:39+00:00","breadcrumb":{"@id":"http:\/\/ngoniabay.com\/fr\/ou-nous-sommes\/#breadcrumb"},"inLanguage":"fr-FR","potentialAction":[{"@type":"ReadAction","target":["http:\/\/ngoniabay.com\/fr\/ou-nous-sommes\/"]}]},{"@type":"BreadcrumbList","@id":"http:\/\/ngoniabay.com\/fr\/ou-nous-sommes\/#breadcrumb","itemListElement":[{"@type":"ListItem","position":1,"name":"Home","item":"https:\/\/ngoniabay.com\/"},{"@type":"ListItem","position":2,"name":"Vieni a Trovarci"}]},{"@type":"WebSite","@id":"https:\/\/ngoniabay.com\/fr\/#website","url":"https:\/\/ngoniabay.com\/fr\/","name":"Ngonia Bay","description":"Ngonia Bay","potentialAction":[{"@type":"SearchAction","target":{"@type":"EntryPoint","urlTemplate":"https:\/\/ngoniabay.com\/fr\/?s={search_term_string}"},"query-input":{"@type":"PropertyValueSpecification","valueRequired":true,"valueName":"search_term_string"}}],"inLanguage":"fr-FR"}]}},"_links":{"self":[{"href":"https:\/\/ngoniabay.com\/fr\/wp-json\/wp\/v2\/pages\/4977","targetHints":{"allow":["GET"]}}],"collection":[{"href":"https:\/\/ngoniabay.com\/fr\/wp-json\/wp\/v2\/pages"}],"about":[{"href":"https:\/\/ngoniabay.com\/fr\/wp-json\/wp\/v2\/types\/page"}],"author":[{"embeddable":true,"href":"https:\/\/ngoniabay.com\/fr\/wp-json\/wp\/v2\/users\/1"}],"replies":[{"embeddable":true,"href":"https:\/\/ngoniabay.com\/fr\/wp-json\/wp\/v2\/comments?post=4977"}],"version-history":[{"count":2,"href":"https:\/\/ngoniabay.com\/fr\/wp-json\/wp\/v2\/pages\/4977\/revisions"}],"predecessor-version":[{"id":12948,"href":"https:\/\/ngoniabay.com\/fr\/wp-json\/wp\/v2\/pages\/4977\/revisions\/12948"}],"wp:attachment":[{"href":"https:\/\/ngoniabay.com\/fr\/wp-json\/wp\/v2\/media?parent=4977"}],"curies":[{"name":"wp","href":"https:\/\/api.w.org\/{rel}","templated":true}]}}